{"id":10,"date":"2007-10-31T00:33:52","date_gmt":"2007-10-30T22:33:52","guid":{"rendered":"http:\/\/www.olimpici.hu\/blog\/?page_id=10"},"modified":"2021-06-23T12:15:58","modified_gmt":"2021-06-23T10:15:58","slug":"vednokok-tamogatok","status":"publish","type":"page","link":"https:\/\/www.olimpici.hu\/?page_id=10","title":{"rendered":"V\u00e9dn\u00f6k\u00f6k, T\u00e1mogat\u00f3k"},"content":{"rendered":"<p style=\"text-align: center;\"><strong>Az Olimpici P\u00e1rbajt\u0151r Grand Prix f\u0151v\u00e9dn\u00f6kei<\/strong><\/p>\n<p style=\"text-align: center;\"><strong>Dr. Szili Katalin<\/strong><br>\norsz\u00e1ggy\u0171l\u00e9si k\u00e9pvisel\u0151<\/p>\n<p style=\"text-align: center;\"><strong>Dr. Schmitt P\u00e1l<\/strong><br>\nMagyarorsz\u00e1g volt k\u00f6zt\u00e1rsas\u00e1gi eln\u00f6ke<\/p>\n<p style=\"text-align: center;\">\n<\/p><p style=\"text-align: center;\"><strong>Az Olimpici P\u00e1rbajt\u0151r Grand Prix szervez\u0151i<\/strong><\/p>\n<p style=\"text-align: center;\"><strong>Kulcs\u00e1r Gy\u0151z\u0151 (1940\u20132018)<\/strong><br>\nn\u00e9gyszeres olimpiai bajnok, a Nemzet Sportol\u00f3ja, a Magyar V\u00edv\u00f3 Sz\u00f6vets\u00e9g P\u00e1rbajt\u0151r Szak\u00e1g volt Sz\u00f6vets\u00e9gi Kapit\u00e1nya<\/p>\n<p style=\"text-align: center;\"><strong>Nagy T\u00edmea<\/strong><br>\nk\u00e9tszeres olimpiai bajnok, h\u00e9tszeres vil\u00e1gbajnok, az Olimpici Rendezv\u00e9nysorozat H\u00e1ziasszonya<\/p>\n<p style=\"text-align: center;\"><strong>Dancsh\u00e1zy-Nagy Tam\u00e1s<\/strong><br>\na P\u00e1rbajt\u0151r Fegyvernemi Szak\u00e1gi Bizotts\u00e1g eln\u00f6ke<\/p>\n<p style=\"text-align: center;\"><strong>Luk\u00e1ts Istv\u00e1n<\/strong><br>\naz Olimpici K\u00f6zhaszn\u00fa Alap\u00edtv\u00e1ny eln\u00f6ke<\/p>\n<p style=\"text-align: center;\">\n<\/p><p style=\"text-align: center;\"><strong>T\u00e1mogat\u00f3ink<\/strong><\/p>\n<p style=\"text-align: center;\">A t\u00e1rhelyet \u00e9s szervert a <a href=\"http:\/\/www.hnet.hu\" target=\"_blank\" rel=\"noopener noreferrer\">H. Network Kft<\/a> biztos\u00edtja weboldalunkhoz.<\/p>\n<p style=\"text-align: center;\">Az \u00faj weboldal megalkot\u00f3ja a <a href=\"http:\/\/naoto.hu\/\" target=\"_blank\" rel=\"noopener noreferrer\">Naoto Bt<\/a>.<\/p>\n<p style=\"text-align: center;\">Informatikai t\u00e1mogat\u00f3nk Felhoffer Ferenc.<\/p>\n<p style=\"text-align: center;\">A Lucky Pi System k\u00fcl\u00f6nd\u00edjait a <a href=\"http:\/\/www.pbtfencing.com\" target=\"_blank\" rel=\"noopener noreferrer\">PBT Hungary Kft.<\/a> biztos\u00edtja.<\/p>\n<p style=\"text-align: center;\">\n<\/p><p style=\"text-align: center;\"><\/p>\n\n<p><\/p>\n\t\t\n\t\t\t\t\t\t\t\t\t\t\t\t\t\t\t<img decoding=\"async\" width=\"120\" height=\"34\" src=\"https:\/\/www.olimpici.hu\/blog\/wp-content\/uploads\/2021\/06\/leonpaul_logo_120x.jpg\" alt=\"\" loading=\"lazy\" \/>\t\t\t\t\t\t\t\t\t\t\t\t\t\t\t\n\t\t\t\t\t\t\t\t\t\t\t\t\t\t\t<img decoding=\"async\" width=\"120\" height=\"84\" src=\"https:\/\/www.olimpici.hu\/blog\/wp-content\/uploads\/2021\/06\/pbt_logo.jpg\" alt=\"\" loading=\"lazy\" \/>\t\t\t\t\t\t\t\t\t\t\t\t\t\t\t\n\t\t\t\t\t\t\t\t\t\t\t\t\t\t\t<img decoding=\"async\" width=\"120\" height=\"69\" src=\"https:\/\/www.olimpici.hu\/blog\/wp-content\/uploads\/2021\/06\/szerco_logo_120x.jpg\" alt=\"\" loading=\"lazy\" \/>","protected":false},"excerpt":{"rendered":"<p>Az Olimpici P\u00e1rbajt\u0151r Grand Prix f\u0151v\u00e9dn\u00f6kei Dr. Szili Katalin orsz\u00e1ggy\u0171l\u00e9si k\u00e9pvisel\u0151 Dr. Schmitt P\u00e1l Magyarorsz\u00e1g volt k\u00f6zt\u00e1rsas\u00e1gi eln\u00f6ke Az Olimpici P\u00e1rbajt\u0151r Grand Prix szervez\u0151i Kulcs\u00e1r Gy\u0151z\u0151 (1940\u20132018) n\u00e9gyszeres olimpiai bajnok, a Nemzet Sportol\u00f3ja, a Magyar V\u00edv\u00f3 Sz\u00f6vets\u00e9g P\u00e1rbajt\u0151r Szak\u00e1g volt Sz\u00f6vets\u00e9gi Kapit\u00e1nya Nagy T\u00edmea k\u00e9tszeres olimpiai bajnok, h\u00e9tszeres vil\u00e1gbajnok, az Olimpici Rendezv\u00e9nysorozat H\u00e1ziasszonya Dancsh\u00e1zy-Nagy Tam\u00e1s&hellip;&nbsp;<a href=\"https:\/\/www.olimpici.hu\/?page_id=10\" class=\"\" rel=\"bookmark\">Read More &raquo;<span class=\"screen-reader-text\">V\u00e9dn\u00f6k\u00f6k, T\u00e1mogat\u00f3k<\/span><\/a><\/p>\n","protected":false},"author":2,"featured_media":0,"parent":0,"menu_order":0,"comment_status":"closed","ping_status":"closed","template":"","meta":{"neve_meta_sidebar":"","neve_meta_container":"","neve_meta_enable_content_width":"","neve_meta_content_width":0,"neve_meta_title_alignment":"","neve_meta_author_avatar":"","neve_post_elements_order":"","neve_meta_disable_header":"","neve_meta_disable_footer":"","neve_meta_disable_title":"","footnotes":""},"_links":{"self":[{"href":"https:\/\/www.olimpici.hu\/index.php?rest_route=\/wp\/v2\/pages\/10"}],"collection":[{"href":"https:\/\/www.olimpici.hu\/index.php?rest_route=\/wp\/v2\/pages"}],"about":[{"href":"https:\/\/www.olimpici.hu\/index.php?rest_route=\/wp\/v2\/types\/page"}],"author":[{"embeddable":true,"href":"https:\/\/www.olimpici.hu\/index.php?rest_route=\/wp\/v2\/users\/2"}],"replies":[{"embeddable":true,"href":"https:\/\/www.olimpici.hu\/index.php?rest_route=%2Fwp%2Fv2%2Fcomments&post=10"}],"version-history":[{"count":20,"href":"https:\/\/www.olimpici.hu\/index.php?rest_route=\/wp\/v2\/pages\/10\/revisions"}],"predecessor-version":[{"id":6108,"href":"https:\/\/www.olimpici.hu\/index.php?rest_route=\/wp\/v2\/pages\/10\/revisions\/6108"}],"wp:attachment":[{"href":"https:\/\/www.olimpici.hu\/index.php?rest_route=%2Fwp%2Fv2%2Fmedia&parent=10"}],"curies":[{"name":"wp","href":"https:\/\/api.w.org\/{rel}","templated":true}]}}