{"id":1282,"date":"2013-10-25T23:41:59","date_gmt":"2013-10-25T21:41:59","guid":{"rendered":"http:\/\/www.olimpici.hu\/?page_id=1282"},"modified":"2015-06-13T11:26:31","modified_gmt":"2015-06-13T09:26:31","slug":"gp-eredmenyekresults-20132014","status":"publish","type":"page","link":"https:\/\/www.olimpici.hu\/?page_id=1282","title":{"rendered":"GP-eredm\u00e9nyek\/results 2013\/2014"},"content":{"rendered":"<p>&nbsp;<\/p>\n<table class=\"gp_results\" border=\"0\">\n<tbody>\n<tr>\n<th colspan=\"2\" scope=\"col\">GP &#8211; Orsz\u00e1gos Bajnoks\u00e1g, Balatonf\u00fcred<br \/>\n<strong><span style=\"font-size: 13px; line-height: 19px;\">2014&#8217;06.14\u201319.<br \/>\n<\/span><\/strong><span style=\"font-size: 0.75em; font-weight: normal; line-height: 19px;\">Az OB \u00f6sszes eredm\u00e9ny\u00e9nek <\/span><a style=\"font-size: 0.75em; font-weight: normal; line-height: 19px;\" href=\"http:\/\/www.olimpici.hu\/sites\/attachments\/eredmenyek\/20140614-gpob-bfured\/140614-19OlimpiciGP-OB_Bfured.zip\" target=\"_blank\">let\u00f6lt\u00e9se<\/a><span style=\"font-size: 0.75em; font-weight: normal; line-height: 19px;\"> ZIP-be t\u00f6m\u00f6r\u00edtve<\/span><\/th>\n<\/tr>\n<tr>\n<td style=\"text-align: center;\"><strong>Fi\u00fak<\/strong>&nbsp;<\/p>\n<ul>\n<li>T\u00f6rpici(<a href=\"http:\/\/www.olimpici.hu\/sites\/attachments\/eredmenyek\/20140614-gpob-bfured\/140615_OlimpiciGPob_tpF.pdf\" target=\"_blank\">egy\u00e9ni<\/a>, <a href=\"http:\/\/www.olimpici.hu\/sites\/attachments\/eredmenyek\/20140614-gpob-bfured\/140616_OlimpiciGPob_tpFcs.pdf\" target=\"_blank\">csapat<\/a>)<\/li>\n<li>Gyermek(<a href=\"http:\/\/www.olimpici.hu\/sites\/attachments\/eredmenyek\/20140614-gpob-bfured\/140614_OlimpiciGPob_gyF.pdf\" target=\"_blank\">egy\u00e9ni<\/a>, <a href=\"http:\/\/www.olimpici.hu\/sites\/attachments\/eredmenyek\/20140614-gpob-bfured\/140615_OlimpiciGPob_gyFcs.pdf\" target=\"_blank\">csapat<\/a>)<\/li>\n<li>\u00dajonc(<a href=\"http:\/\/www.olimpici.hu\/sites\/attachments\/eredmenyek\/20140614-gpob-bfured\/140616_OlimpiciGPob_ujF.pdf\" target=\"_blank\">egy\u00e9ni<\/a>, <a href=\"http:\/\/www.olimpici.hu\/sites\/attachments\/eredmenyek\/20140614-gpob-bfured\/140617_OlimpiciGPob_ujFcs.pdf\" target=\"_blank\">csapat<\/a>)<\/li>\n<li>Serd\u00fcl\u0151(<a href=\"http:\/\/www.olimpici.hu\/sites\/attachments\/eredmenyek\/20140614-gpob-bfured\/140618_OlimpiciGPob_serF.pdf\" target=\"_blank\">egy\u00e9ni<\/a>, <a href=\"http:\/\/www.olimpici.hu\/sites\/attachments\/eredmenyek\/20140614-gpob-bfured\/140619_OlimpiciGPob_serFcs.pdf\" target=\"_blank\">csapat<\/a>)<\/li>\n<\/ul>\n<\/td>\n<td style=\"text-align: center;\"><strong>Le\u00e1nyok<\/strong>&nbsp;<\/p>\n<ul>\n<li>T\u00f6rpici(<a href=\"http:\/\/www.olimpici.hu\/sites\/attachments\/eredmenyek\/20140614-gpob-bfured\/140617_OlimpiciGPob_tpL.pdf\" target=\"_blank\">egy\u00e9ni<\/a>, <a href=\"http:\/\/www.olimpici.hu\/sites\/attachments\/eredmenyek\/20140614-gpob-bfured\/140618_OlimpiciGPob_tpLcs.pdf\" target=\"_blank\">csapat<\/a>)<\/li>\n<li>Gyermek(<a href=\"http:\/\/www.olimpici.hu\/sites\/attachments\/eredmenyek\/20140614-gpob-bfured\/140614_OlimpiciGPob_gyL.pdf\" target=\"_blank\">egy\u00e9ni<\/a>, <a href=\"http:\/\/www.olimpici.hu\/sites\/attachments\/eredmenyek\/20140614-gpob-bfured\/140615_OlimpiciGPob_gyLcs.pdf\" target=\"_blank\">csapat<\/a>)<\/li>\n<li>\u00dajonc(<a href=\"http:\/\/www.olimpici.hu\/sites\/attachments\/eredmenyek\/20140614-gpob-bfured\/140616_OlimpiciGPob_ujL.pdf\" target=\"_blank\">egy\u00e9ni<\/a>, <a href=\"http:\/\/www.olimpici.hu\/sites\/attachments\/eredmenyek\/20140614-gpob-bfured\/140617_OlimpiciGPob_ujLcs.pdf\" target=\"_blank\">csapat<\/a>)<\/li>\n<li>Serd\u00fcl\u0151(<a href=\"http:\/\/www.olimpici.hu\/sites\/attachments\/eredmenyek\/20140614-gpob-bfured\/140618_OlimpiciGPob_serL.pdf\" target=\"_blank\">egy\u00e9ni<\/a>, <a href=\"http:\/\/www.olimpici.hu\/sites\/attachments\/eredmenyek\/20140614-gpob-bfured\/140619_OlimpiciGPob_serLcs.pdf\" target=\"_blank\">csapat<\/a>)<\/li>\n<\/ul>\n<\/td>\n<\/tr>\n<\/tbody>\n<\/table>\n<table class=\"gp_results\" border=\"0\">\n<tbody>\n<tr>\n<th colspan=\"2\" scope=\"col\"> GP5 &#8211; Csaba Kupa\/Cup<br \/>\n2014&#8217;05.16-17-18.<\/th>\n<\/tr>\n<tr>\n<td style=\"text-align: center;\"><strong>Fi\u00fak \/ Boys<\/strong>&nbsp;<\/p>\n<ul>\n<li><a href=\"http:\/\/www.olimpici.hu\/sites\/attachments\/eredmenyek\/20140516-gp5-bcs\/140518_OlimpiciGP5_tpF.pdf\" target=\"_blank\">T\u00f6rpici\/Mini<\/a><\/li>\n<li><a href=\"http:\/\/www.olimpici.hu\/sites\/attachments\/eredmenyek\/20140516-gp5-bcs\/140516_OlimpiciGP5_gyF.pdf\" target=\"_blank\">Gyermek\/Kid<\/a><\/li>\n<li><a href=\"http:\/\/www.olimpici.hu\/sites\/attachments\/eredmenyek\/20140516-gp5-bcs\/140517_OlimpiciGP5_ujF.pdf\" target=\"_blank\">\u00dajonc\/Novices<\/a><\/li>\n<li><a href=\"http:\/\/www.olimpici.hu\/sites\/attachments\/eredmenyek\/20140516-gp5-bcs\/140518_OlimpiciGP5_serF.pdf\" target=\"_blank\">Serd\u00fcl\u0151\/Adolescent<\/a><\/li>\n<\/ul>\n<\/td>\n<td style=\"text-align: center;\"><strong>Le\u00e1nyok \/ Girls<\/strong>&nbsp;<\/p>\n<ul>\n<li><a href=\"http:\/\/www.olimpici.hu\/sites\/attachments\/eredmenyek\/20140516-gp5-bcs\/140517_OlimpiciGP5_tpL.pdf\" target=\"_blank\">T\u00f6rpici\/Mini<\/a><\/li>\n<li><a href=\"http:\/\/www.olimpici.hu\/sites\/attachments\/eredmenyek\/20140516-gp5-bcs\/140516_OlimpiciGP5_gyL.pdf\" target=\"_blank\">Gyermek\/Kid<\/a><\/li>\n<li><a href=\"http:\/\/www.olimpici.hu\/sites\/attachments\/eredmenyek\/20140516-gp5-bcs\/140517_OlimpiciGP5_ujL.pdf\" target=\"_blank\">\u00dajonc\/Novices<\/a><\/li>\n<li><a href=\"http:\/\/www.olimpici.hu\/sites\/attachments\/eredmenyek\/20140516-gp5-bcs\/140518_OlimpiciGP5_serL.pdf\" target=\"_blank\">Serd\u00fcl\u0151\/Adolescent<\/a><\/li>\n<\/ul>\n<\/td>\n<\/tr>\n<\/tbody>\n<\/table>\n<table class=\"gp_results\" border=\"0\">\n<tbody>\n<tr>\n<th colspan=\"2\" scope=\"col\"> GP4 &#8211; B\u00fckf\u00fcrd\u0151 Kupa\/Cup<br \/>\n2014&#8217;04.25-26-27.<\/th>\n<\/tr>\n<tr>\n<td style=\"text-align: center;\"><strong>Fi\u00fak \/ Boys<\/strong>&nbsp;<\/p>\n<ul>\n<li><a href=\"http:\/\/www.olimpici.hu\/sites\/attachments\/eredmenyek\/20140425-gp4-buk\/140426_OlimpiciGP4_tpF.pdf\" target=\"_blank\">T\u00f6rpici\/Mini<\/a><\/li>\n<li><a href=\"http:\/\/www.olimpici.hu\/sites\/attachments\/eredmenyek\/20140425-gp4-buk\/140425_OlimpiciGP4_gyF.pdf\" target=\"_blank\">Gyermek\/Kid<\/a><\/li>\n<li><a href=\"http:\/\/www.olimpici.hu\/sites\/attachments\/eredmenyek\/20140425-gp4-buk\/140426_OlimpiciGP4_ujF.pdf\" target=\"_blank\">\u00dajonc\/Novices<\/a><\/li>\n<li><a href=\"http:\/\/www.olimpici.hu\/sites\/attachments\/eredmenyek\/20140425-gp4-buk\/140427_OlimpiciGP4_serF.pdf\" target=\"_blank\">Serd\u00fcl\u0151\/Adolescent<\/a><\/li>\n<\/ul>\n<\/td>\n<td style=\"text-align: center;\"><strong>Le\u00e1nyok \/ Girls<\/strong>&nbsp;<\/p>\n<ul>\n<li><a href=\"http:\/\/www.olimpici.hu\/sites\/attachments\/eredmenyek\/20140425-gp4-buk\/140427_OlimpiciGP4_tpL.pdf\" target=\"_blank\">T\u00f6rpici\/Mini<\/a><\/li>\n<li><a href=\"http:\/\/www.olimpici.hu\/sites\/attachments\/eredmenyek\/20140425-gp4-buk\/140425_OlimpiciGP4_gyL.pdf\" target=\"_blank\">Gyermek\/Kid<\/a><\/li>\n<li><a href=\"http:\/\/www.olimpici.hu\/sites\/attachments\/eredmenyek\/20140425-gp4-buk\/140426_OlimpiciGP4_ujL.pdf\" target=\"_blank\">\u00dajonc\/Novices<\/a><\/li>\n<li><a href=\"http:\/\/www.olimpici.hu\/sites\/attachments\/eredmenyek\/20140425-gp4-buk\/140427_OlimpiciGP4_serL.pdf\" target=\"_blank\">Serd\u00fcl\u0151\/Adolescent<\/a><\/li>\n<\/ul>\n<\/td>\n<\/tr>\n<\/tbody>\n<\/table>\n<table class=\"gp_results\" border=\"0\">\n<tbody>\n<tr>\n<th colspan=\"2\" scope=\"col\"> GP3 &#8211; Webulo Kupa\/Cup<br \/>\n2014&#8217;03.21-22-23.<\/th>\n<\/tr>\n<tr>\n<td style=\"text-align: center;\"><strong>Fi\u00fak \/ Boys<\/strong>&nbsp;<\/p>\n<ul>\n<li><a href=\"http:\/\/www.olimpici.hu\/sites\/attachments\/eredmenyek\/20140321-gp3-budapest\/140323_OlimpiciGP3_tpF.pdf\" target=\"_blank\">T\u00f6rpici\/Mini<\/a><\/li>\n<li><a href=\"http:\/\/www.olimpici.hu\/sites\/attachments\/eredmenyek\/20140321-gp3-budapest\/140321_OlimpiciGP3_gyF.pdf\" target=\"_blank\">Gyermek\/Kid<\/a><\/li>\n<li><a href=\"http:\/\/www.olimpici.hu\/sites\/attachments\/eredmenyek\/20140321-gp3-budapest\/140322_OlimpiciGP3_ujF.pdf\" target=\"_blank\">\u00dajonc\/Novices<\/a><\/li>\n<li><a href=\"http:\/\/www.olimpici.hu\/sites\/attachments\/eredmenyek\/20140321-gp3-budapest\/140323_OlimpiciGP3_serF.pdf\" target=\"_blank\">Serd\u00fcl\u0151\/Adolescent<\/a><\/li>\n<\/ul>\n<\/td>\n<td style=\"text-align: center;\"><strong>Le\u00e1nyok \/ Girls<\/strong>&nbsp;<\/p>\n<ul>\n<li><a href=\"http:\/\/www.olimpici.hu\/sites\/attachments\/eredmenyek\/20140321-gp3-budapest\/140322_OlimpiciGP3_tpL.pdf\" target=\"_blank\">T\u00f6rpici\/Mini<\/a><\/li>\n<li><a href=\"http:\/\/www.olimpici.hu\/sites\/attachments\/eredmenyek\/20140321-gp3-budapest\/140321_OlimpiciGP3_gyL.pdf\" target=\"_blank\">Gyermek\/Kid<\/a><\/li>\n<li><a href=\"http:\/\/www.olimpici.hu\/sites\/attachments\/eredmenyek\/20140321-gp3-budapest\/140322_OlimpiciGP3_ujL.pdf\" target=\"_blank\">\u00dajonc\/Novices<\/a><\/li>\n<li><a href=\"http:\/\/www.olimpici.hu\/sites\/attachments\/eredmenyek\/20140321-gp3-budapest\/140323_OlimpiciGP3_serL.pdf\" target=\"_blank\">Serd\u00fcl\u0151\/Adolescent<\/a><\/li>\n<\/ul>\n<\/td>\n<\/tr>\n<\/tbody>\n<\/table>\n<table class=\"gp_results\" border=\"0\">\n<tbody>\n<tr>\n<th colspan=\"2\" scope=\"col\"> GP2 &#8211; Szolnok Kupa\/Cup<br \/>\n2013&#8217;12.06-07-08.<\/th>\n<\/tr>\n<tr>\n<td style=\"text-align: center;\"><strong>Fi\u00fak \/ Boys<\/strong>&nbsp;<\/p>\n<ul>\n<li><a href=\"http:\/\/www.olimpici.hu\/sites\/attachments\/eredmenyek\/20131206-gp2-szolnok\/131207_OlimpiciGP2_tpF.pdf\" target=\"_blank\">T\u00f6rpici\/Mini<\/a><\/li>\n<li><a href=\"http:\/\/www.olimpici.hu\/sites\/attachments\/eredmenyek\/20131206-gp2-szolnok\/131206_OlimpiciGP2_gyF.pdf\" target=\"_blank\">Gyermek\/Kid<\/a><\/li>\n<li><a href=\"http:\/\/www.olimpici.hu\/sites\/attachments\/eredmenyek\/20131206-gp2-szolnok\/131207_OlimpiciGP2_ujF.pdf\" target=\"_blank\">\u00dajonc\/Novices<\/a><\/li>\n<li><a href=\"http:\/\/www.olimpici.hu\/sites\/attachments\/eredmenyek\/20131206-gp2-szolnok\/131208_OlimpiciGP2_serF.pdf\" target=\"_blank\">Serd\u00fcl\u0151\/Adolescent<\/a><\/li>\n<\/ul>\n<\/td>\n<td style=\"text-align: center;\"><strong>Le\u00e1nyok \/ Girls<\/strong>&nbsp;<\/p>\n<ul>\n<li><a href=\"http:\/\/www.olimpici.hu\/sites\/attachments\/eredmenyek\/20131206-gp2-szolnok\/131207_OlimpiciGP2_tpL.pdf\" target=\"_blank\">T\u00f6rpici\/Mini<\/a><\/li>\n<li><a href=\"http:\/\/www.olimpici.hu\/sites\/attachments\/eredmenyek\/20131206-gp2-szolnok\/131206_OlimpiciGP2_gyL.pdf\" target=\"_blank\">Gyermek\/Kid<\/a><\/li>\n<li><a href=\"http:\/\/www.olimpici.hu\/sites\/attachments\/eredmenyek\/20131206-gp2-szolnok\/131207_OlimpiciGP2_ujL.pdf\" target=\"_blank\">\u00dajonc\/Novices<\/a><\/li>\n<li><a href=\"http:\/\/www.olimpici.hu\/sites\/attachments\/eredmenyek\/20131206-gp2-szolnok\/131208_OlimpiciGP2_serL.pdf\" target=\"_blank\">Serd\u00fcl\u0151\/Adolescent<\/a><\/li>\n<\/ul>\n<\/td>\n<\/tr>\n<\/tbody>\n<\/table>\n<table class=\"gp_results\" border=\"0\">\n<tbody>\n<tr>\n<th colspan=\"2\" scope=\"col\"> GP1 &#8211; F\u00fcl\u00f6p Gyula Eml\u00e9kverseny\/Remembrance of F\u00fcl\u00f6p Gyula<br \/>\n2013&#8217;10.25-26-27.<\/th>\n<\/tr>\n<tr>\n<td style=\"text-align: center;\"><strong>Fi\u00fak \/ Boys<\/strong>&nbsp;<\/p>\n<ul>\n<li><a href=\"http:\/\/www.olimpici.hu\/sites\/attachments\/eredmenyek\/20131025-gp1-debrecen\/131026_OlimpiciGP1_tpF.pdf\" target=\"_blank\">T\u00f6rpici\/Mini<\/a><\/li>\n<li><a href=\"http:\/\/www.olimpici.hu\/sites\/attachments\/eredmenyek\/20131025-gp1-debrecen\/131025_OlimpiciGP1_gyF.pdf\" target=\"_blank\">Gyermek\/Kid<\/a><\/li>\n<li><a href=\"http:\/\/www.olimpici.hu\/sites\/attachments\/eredmenyek\/20131025-gp1-debrecen\/131026_OlimpiciGP1_ujF.pdf\" target=\"_blank\">\u00dajonc\/Novices<\/a><\/li>\n<li><a href=\"http:\/\/www.olimpici.hu\/sites\/attachments\/eredmenyek\/20131025-gp1-debrecen\/131027_OlimpiciGP1_serF.pdf\" target=\"_blank\">Serd\u00fcl\u0151\/Adolescent<\/a><\/li>\n<\/ul>\n<\/td>\n<td style=\"text-align: center;\"><strong>Le\u00e1nyok \/ Girls<\/strong>&nbsp;<\/p>\n<ul>\n<li><a href=\"http:\/\/www.olimpici.hu\/sites\/attachments\/eredmenyek\/20131025-gp1-debrecen\/131026_OlimpiciGP1_tpL.pdf\" target=\"_blank\">T\u00f6rpici\/Mini<\/a><\/li>\n<li><a href=\"http:\/\/www.olimpici.hu\/sites\/attachments\/eredmenyek\/20131025-gp1-debrecen\/131025_OlimpiciGP1_gyL.pdf\" target=\"_blank\">Gyermek\/Kid<\/a><\/li>\n<li><a href=\"http:\/\/www.olimpici.hu\/sites\/attachments\/eredmenyek\/20131025-gp1-debrecen\/131026_OlimpiciGP1_ujL.pdf\" target=\"_blank\">\u00dajonc\/Novices<\/a><\/li>\n<li><a href=\"http:\/\/www.olimpici.hu\/sites\/attachments\/eredmenyek\/20131025-gp1-debrecen\/131027_OlimpiciGP1_serL.pdf\" target=\"_blank\">Serd\u00fcl\u0151\/Adolescent<\/a><\/li>\n<\/ul>\n<\/td>\n<\/tr>\n<\/tbody>\n<\/table>\n","protected":false},"excerpt":{"rendered":"<p>&nbsp; GP &#8211; Orsz\u00e1gos Bajnoks\u00e1g, Balatonf\u00fcred 2014&#8217;06.14\u201319. Az OB \u00f6sszes eredm\u00e9ny\u00e9nek let\u00f6lt\u00e9se ZIP-be t\u00f6m\u00f6r\u00edtve Fi\u00fak&nbsp; T\u00f6rpici(egy\u00e9ni, csapat) Gyermek(egy\u00e9ni, csapat) \u00dajonc(egy\u00e9ni, csapat) Serd\u00fcl\u0151(egy\u00e9ni, csapat) Le\u00e1nyok&nbsp; T\u00f6rpici(egy\u00e9ni, csapat) Gyermek(egy\u00e9ni, csapat) \u00dajonc(egy\u00e9ni, csapat) Serd\u00fcl\u0151(egy\u00e9ni, csapat) GP5 &#8211; Csaba Kupa\/Cup 2014&#8217;05.16-17-18. Fi\u00fak \/ Boys&nbsp; T\u00f6rpici\/Mini Gyermek\/Kid \u00dajonc\/Novices Serd\u00fcl\u0151\/Adolescent Le\u00e1nyok \/ Girls&nbsp; T\u00f6rpici\/Mini Gyermek\/Kid \u00dajonc\/Novices Serd\u00fcl\u0151\/Adolescent GP4 &#8211; B\u00fckf\u00fcrd\u0151 Kupa\/Cup&hellip;&nbsp;<a href=\"https:\/\/www.olimpici.hu\/?page_id=1282\" class=\"\" rel=\"bookmark\">Read More &raquo;<span class=\"screen-reader-text\">GP-eredm\u00e9nyek\/results 2013\/2014<\/span><\/a><\/p>\n","protected":false},"author":2,"featured_media":0,"parent":6,"menu_order":8,"comment_status":"closed","ping_status":"closed","template":"","meta":{"neve_meta_sidebar":"","neve_meta_container":"","neve_meta_enable_content_width":"","neve_meta_content_width":0,"neve_meta_title_alignment":"","neve_meta_author_avatar":"","neve_post_elements_order":"","neve_meta_disable_header":"","neve_meta_disable_footer":"","neve_meta_disable_title":"","footnotes":""},"_links":{"self":[{"href":"https:\/\/www.olimpici.hu\/index.php?rest_route=\/wp\/v2\/pages\/1282"}],"collection":[{"href":"https:\/\/www.olimpici.hu\/index.php?rest_route=\/wp\/v2\/pages"}],"about":[{"href":"https:\/\/www.olimpici.hu\/index.php?rest_route=\/wp\/v2\/types\/page"}],"author":[{"embeddable":true,"href":"https:\/\/www.olimpici.hu\/index.php?rest_route=\/wp\/v2\/users\/2"}],"replies":[{"embeddable":true,"href":"https:\/\/www.olimpici.hu\/index.php?rest_route=%2Fwp%2Fv2%2Fcomments&post=1282"}],"version-history":[{"count":27,"href":"https:\/\/www.olimpici.hu\/index.php?rest_route=\/wp\/v2\/pages\/1282\/revisions"}],"predecessor-version":[{"id":2400,"href":"https:\/\/www.olimpici.hu\/index.php?rest_route=\/wp\/v2\/pages\/1282\/revisions\/2400"}],"up":[{"embeddable":true,"href":"https:\/\/www.olimpici.hu\/index.php?rest_route=\/wp\/v2\/pages\/6"}],"wp:attachment":[{"href":"https:\/\/www.olimpici.hu\/index.php?rest_route=%2Fwp%2Fv2%2Fmedia&parent=1282"}],"curies":[{"name":"wp","href":"https:\/\/api.w.org\/{rel}","templated":true}]}}