{"id":1896,"date":"2014-10-09T22:07:33","date_gmt":"2014-10-09T20:07:33","guid":{"rendered":"http:\/\/www.olimpici.hu\/?page_id=1896"},"modified":"2015-06-28T16:35:45","modified_gmt":"2015-06-28T14:35:45","slug":"gp-eredmenyekresults-20142015","status":"publish","type":"page","link":"https:\/\/www.olimpici.hu\/?page_id=1896","title":{"rendered":"GP-eredm\u00e9nyek\/results 2014\/2015"},"content":{"rendered":"<table class=\"gp_results\" border=\"0\">\n<tbody>\n<tr>\n<th colspan=\"2\" scope=\"col\"> Inter-european Olimpici GP<br \/>\n27\u201328 June 2015&#8242;<\/th>\n<\/tr>\n<tr>\n<td style=\"text-align: center;\"><strong>Fi\u00fak \/ Boys<\/strong>&nbsp;<\/p>\n<ul>\n<li><a href=\"http:\/\/www.olimpici.hu\/sites\/attachments\/eredmenyek\/20150627-ieugp\/150627_olimpiciGPsvk_gyF.pdf\" target=\"_blank\">Gyermek \/ Kid<\/a> <span style=\"color: #00ff00;\">\u2022<\/span><\/li>\n<li><a href=\"http:\/\/www.olimpici.hu\/sites\/attachments\/eredmenyek\/20150627-ieugp\/150627_olimpiciGPsvk_ujF.pdf\" target=\"_blank\">\u00dajonc \/ Novices<\/a> <span style=\"color: #00ff00;\">\u2022<\/span><\/li>\n<li><a href=\"http:\/\/www.olimpici.hu\/sites\/attachments\/eredmenyek\/20150627-ieugp\/150628_olimpiciGPsvk_serF.pdf\" target=\"_blank\">Serd\u00fcl\u0151 \/Adolescent<\/a> <span style=\"color: #00ff00;\">\u2022<\/span><\/li>\n<\/ul>\n<\/td>\n<td style=\"text-align: center;\"><strong>Le\u00e1nyok \/ Girls<\/strong>&nbsp;<\/p>\n<ul>\n<li><a href=\"http:\/\/www.olimpici.hu\/sites\/attachments\/eredmenyek\/20150627-ieugp\/150627_olimpiciGPsvk_gyL.pdf\" target=\"_blank\">Gyermek \/ Kid<\/a> <span style=\"color: #00ff00;\">\u2022<\/span><\/li>\n<li><a href=\"http:\/\/www.olimpici.hu\/sites\/attachments\/eredmenyek\/20150627-ieugp\/150628_olimpiciGPsvk_ujL.pdf\" target=\"_blank\">\u00dajonc \/ Novices<\/a> <span style=\"color: #00ff00;\">\u2022<\/span><\/li>\n<li><a href=\"http:\/\/www.olimpici.hu\/sites\/attachments\/eredmenyek\/20150627-ieugp\/150628_olimpiciGPsvk_serL.pdf\" target=\"_blank\">Serd\u00fcl\u0151 \/Adolescent<\/a> <span style=\"color: #00ff00;\">\u2022<\/span><\/li>\n<\/ul>\n<\/td>\n<\/tr>\n<\/tbody>\n<\/table>\n<table class=\"gp_results\" border=\"0\">\n<tbody>\n<tr>\n<th colspan=\"2\" scope=\"col\">GP &#8211; Orsz\u00e1gos Bajnoks\u00e1g, Balatonf\u00fcred<br \/>\n<strong><span style=\"font-size: 13px; line-height: 19px;\">2015&#8217;06.13\u201318.<br \/>\n<\/span><\/strong><span style=\"font-size: 0.75em; font-weight: normal; line-height: 19px;\">Az OB \u00f6sszes eredm\u00e9ny\u00e9nek <\/span><a style=\"font-size: 0.75em; font-weight: normal; line-height: 19px;\" href=\"http:\/\/www.olimpici.hu\/sites\/attachments\/eredmenyek\/20150613-gpob-bfured\/150613-18OlimpiciGP-OB_Bfured.zip\" target=\"_blank\">let\u00f6lt\u00e9se<\/a><span style=\"font-size: 0.75em; font-weight: normal; line-height: 19px;\"> ZIP-be t\u00f6m\u00f6r\u00edtve\u00a0<span style=\"color: #00ff00;\">\u2022<\/span><\/span><\/th>\n<\/tr>\n<tr>\n<td style=\"text-align: center;\"><strong>Fi\u00fak<\/strong>&nbsp;<\/p>\n<ul>\n<li>T\u00f6rpici <a href=\"http:\/\/www.olimpici.hu\/sites\/attachments\/eredmenyek\/20150613-gpob-bfured\/150614_OlimpiciGPob_tpF.pdf\" target=\"_blank\">egy\u00e9ni<\/a> <span style=\"color: #ff0000;\"><span style=\"color: #00ff00;\">\u2022<\/span> <span style=\"color: #000000;\">|<\/span><\/span> <a href=\"http:\/\/www.olimpici.hu\/sites\/attachments\/eredmenyek\/20150613-gpob-bfured\/150615_OlimpiciGPob_tpFcs.pdf\" target=\"_blank\">csapat<\/a> <span style=\"color: #00ff00;\">\u2022<\/span><\/li>\n<li>Gyermek <a href=\"http:\/\/www.olimpici.hu\/sites\/attachments\/eredmenyek\/20150613-gpob-bfured\/150613_OlimpiciGPob_gyF.pdf\" target=\"_blank\">egy\u00e9ni<\/a> <span style=\"color: #00ff00;\">\u2022 <\/span>|\u00a0<a href=\"http:\/\/www.olimpici.hu\/sites\/attachments\/eredmenyek\/20150613-gpob-bfured\/150614_OlimpiciGPob_gyFcs.pdf\" target=\"_blank\">csapat<\/a> <span style=\"color: #00ff00;\">\u2022<\/span><\/li>\n<li>\u00dajonc <a href=\"http:\/\/www.olimpici.hu\/sites\/attachments\/eredmenyek\/20150613-gpob-bfured\/150615_OlimpiciGPob_ujF.pdf\" target=\"_blank\">egy\u00e9ni<\/a> <span style=\"color: #00ff00;\">\u2022 <\/span>|\u00a0<a href=\"http:\/\/www.olimpici.hu\/sites\/attachments\/eredmenyek\/20150613-gpob-bfured\/150616_OlimpiciGPob_ujFcs.pdf\" target=\"_blank\">csapat<\/a> <span style=\"color: #00ff00;\">\u2022<\/span><\/li>\n<li>Serd\u00fcl\u0151 <a href=\"http:\/\/www.olimpici.hu\/sites\/attachments\/eredmenyek\/20150613-gpob-bfured\/150617_OlimpiciGPob_serF.pdf\" target=\"_blank\">egy\u00e9ni<\/a> <span style=\"color: #00ff00;\">\u2022 <\/span>|\u00a0<a href=\"http:\/\/www.olimpici.hu\/sites\/attachments\/eredmenyek\/20150613-gpob-bfured\/150618_OlimpiciGPob_serFcs.pdf\" target=\"_blank\">csapat<\/a> <span style=\"color: #00ff00;\">\u2022<\/span><\/li>\n<\/ul>\n<\/td>\n<td style=\"text-align: center;\"><strong>Le\u00e1nyok<\/strong>&nbsp;<\/p>\n<ul>\n<li>T\u00f6rpici <a href=\"http:\/\/www.olimpici.hu\/sites\/attachments\/eredmenyek\/20150613-gpob-bfured\/150616_OlimpiciGPob_tpL.pdf\" target=\"_blank\">egy\u00e9ni<\/a> <span style=\"color: #00ff00;\">\u2022 <\/span>|\u00a0<a href=\"http:\/\/www.olimpici.hu\/sites\/attachments\/eredmenyek\/20150613-gpob-bfured\/150617_OlimpiciGPob_tpLcs.pdf\" target=\"_blank\">csapat<\/a> <span style=\"color: #00ff00;\">\u2022<\/span><\/li>\n<li>Gyermek <a href=\"http:\/\/www.olimpici.hu\/sites\/attachments\/eredmenyek\/20150613-gpob-bfured\/150613_OlimpiciGPob_gyL.pdf\" target=\"_blank\">egy\u00e9ni<\/a> <span style=\"color: #00ff00;\">\u2022 <\/span>|\u00a0<a href=\"http:\/\/www.olimpici.hu\/sites\/attachments\/eredmenyek\/20150613-gpob-bfured\/150614_OlimpiciGPob_gyLcs.pdf\" target=\"_blank\">csapat<\/a> <span style=\"color: #00ff00;\">\u2022<\/span><\/li>\n<li>\u00dajonc <a href=\"http:\/\/www.olimpici.hu\/sites\/attachments\/eredmenyek\/20150613-gpob-bfured\/150615_OlimpiciGPob_ujL.pdf\" target=\"_blank\">egy\u00e9ni<\/a> <span style=\"color: #00ff00;\">\u2022 <\/span>|\u00a0<a href=\"http:\/\/www.olimpici.hu\/sites\/attachments\/eredmenyek\/20150613-gpob-bfured\/150616_OlimpiciGPob_ujLcs.pdf\" target=\"_blank\">csapat<\/a> <span style=\"color: #00ff00;\">\u2022<\/span><\/li>\n<li>Serd\u00fcl\u0151 <a href=\"http:\/\/www.olimpici.hu\/sites\/attachments\/eredmenyek\/20150613-gpob-bfured\/150617_OlimpiciGPob_serL.pdf\" target=\"_blank\">egy\u00e9ni<\/a> <span style=\"color: #00ff00;\">\u2022 <\/span>|\u00a0<a href=\"http:\/\/www.olimpici.hu\/sites\/attachments\/eredmenyek\/20150613-gpob-bfured\/150618_OlimpiciGPob_serLcs.pdf\" target=\"_blank\">csapat<\/a> <span style=\"color: #00ff00;\">\u2022<\/span><\/li>\n<\/ul>\n<\/td>\n<\/tr>\n<\/tbody>\n<\/table>\n<table class=\"gp_results\" border=\"0\">\n<tbody>\n<tr>\n<th colspan=\"2\" scope=\"col\"> GP5 \u2013 Csaba Kupa \/ Cup<br \/>\n2015&#8217;04.24\u201325\u201326.<\/th>\n<\/tr>\n<tr>\n<td style=\"text-align: center;\"><strong>Fi\u00fak \/ Boys<\/strong>&nbsp;<\/p>\n<ul>\n<li><a href=\"http:\/\/www.olimpici.hu\/sites\/attachments\/eredmenyek\/20150424-gp5-bcs\/150426_OlimpiciGP5_tpF.pdf\" target=\"_blank\">T\u00f6rpici\/Mini<\/a> <span style=\"color: #00ff00;\">\u2022<\/span><\/li>\n<li><a href=\"http:\/\/www.olimpici.hu\/sites\/attachments\/eredmenyek\/20150424-gp5-bcs\/150424_OlimpiciGP5_gyF.pdf\" target=\"_blank\">Gyermek\/Kid<\/a> <span style=\"color: #00ff00;\">\u2022<\/span><\/li>\n<li><a href=\"http:\/\/www.olimpici.hu\/sites\/attachments\/eredmenyek\/20150424-gp5-bcs\/150425_OlimpiciGP5_ujF.pdf\" target=\"_blank\">\u00dajonc\/Novices<\/a> <span style=\"color: #00ff00;\">\u2022<\/span><\/li>\n<li><a href=\"http:\/\/www.olimpici.hu\/sites\/attachments\/eredmenyek\/20150424-gp5-bcs\/150426_OlimpiciGP5_serF.pdf\" target=\"_blank\">Serd\u00fcl\u0151\/Adolescent<\/a> <span style=\"color: #00ff00;\">\u2022<\/span><\/li>\n<\/ul>\n<\/td>\n<td style=\"text-align: center;\"><strong>Le\u00e1nyok \/ Girls<\/strong>&nbsp;<\/p>\n<ul>\n<li><a href=\"http:\/\/www.olimpici.hu\/sites\/attachments\/eredmenyek\/20150424-gp5-bcs\/150425_OlimpiciGP5_tpL.pdf\" target=\"_blank\">T\u00f6rpici\/Mini<\/a> <span style=\"color: #00ff00;\">\u2022<\/span><\/li>\n<li><a href=\"http:\/\/www.olimpici.hu\/sites\/attachments\/eredmenyek\/20150424-gp5-bcs\/150424_OlimpiciGP5_gyL.pdf\" target=\"_blank\">Gyermek\/Kid<\/a> <span style=\"color: #00ff00;\">\u2022<\/span><\/li>\n<li><a href=\"http:\/\/www.olimpici.hu\/sites\/attachments\/eredmenyek\/20150424-gp5-bcs\/150425_OlimpiciGP5_ujL.pdf\" target=\"_blank\">\u00dajonc\/Novices<\/a> <span style=\"color: #00ff00;\">\u2022<\/span><\/li>\n<li><a href=\"http:\/\/www.olimpici.hu\/sites\/attachments\/eredmenyek\/20150424-gp5-bcs\/150426_OlimpiciGP5_serL.pdf\" target=\"_blank\">Serd\u00fcl\u0151\/Adolescent<\/a> <span style=\"color: #00ff00;\">\u2022<\/span><\/li>\n<\/ul>\n<\/td>\n<\/tr>\n<\/tbody>\n<\/table>\n<p>&nbsp;<\/p>\n<table class=\"gp_results\" border=\"0\">\n<tbody>\n<tr>\n<th colspan=\"2\" scope=\"col\"> GP4 \u2013 B\u00fckf\u00fcrd\u0151 Kupa \/ Cup<br \/>\n2015&#8217;03.27\u201328\u201329.<\/th>\n<\/tr>\n<tr>\n<td style=\"text-align: center;\"><strong>Fi\u00fak \/ Boys<\/strong>&nbsp;<\/p>\n<ul>\n<li><a href=\"http:\/\/www.olimpici.hu\/sites\/attachments\/eredmenyek\/20150327-gp4-buk\/150328_OlimpiciGP4_tpF.pdf\" target=\"_blank\">T\u00f6rpici\/Mini<\/a> <span style=\"color: #00ff00;\">\u2022<\/span><\/li>\n<li><a href=\"http:\/\/www.olimpici.hu\/sites\/attachments\/eredmenyek\/20150327-gp4-buk\/150327_OlimpiciGP4_gyF.pdf\" target=\"_blank\">Gyermek\/Kid<\/a> <span style=\"color: #00ff00;\">\u2022<\/span><\/li>\n<li><a href=\"http:\/\/www.olimpici.hu\/sites\/attachments\/eredmenyek\/20150327-gp4-buk\/150328_OlimpiciGP4_ujF.pdf\" target=\"_blank\">\u00dajonc\/Novices<\/a> <span style=\"color: #00ff00;\">\u2022<\/span><\/li>\n<li><a href=\"http:\/\/www.olimpici.hu\/sites\/attachments\/eredmenyek\/20150327-gp4-buk\/150329_OlimpiciGP4_serF.pdf\" target=\"_blank\">Serd\u00fcl\u0151\/Adolescent<\/a> <span style=\"color: #00ff00;\">\u2022<\/span><\/li>\n<\/ul>\n<\/td>\n<td style=\"text-align: center;\"><strong>Le\u00e1nyok \/ Girls<\/strong>&nbsp;<\/p>\n<ul>\n<li><a href=\"http:\/\/www.olimpici.hu\/sites\/attachments\/eredmenyek\/20150327-gp4-buk\/150327_OlimpiciGP4_tpL.pdf\" target=\"_blank\">T\u00f6rpici\/Mini<\/a> <span style=\"color: #00ff00;\">\u2022<\/span><\/li>\n<li><a href=\"http:\/\/www.olimpici.hu\/sites\/attachments\/eredmenyek\/20150327-gp4-buk\/150327_OlimpiciGP4_gyL.pdf\" target=\"_blank\">Gyermek\/Kid<\/a> <span style=\"color: #00ff00;\">\u2022<\/span><\/li>\n<li><a href=\"http:\/\/www.olimpici.hu\/sites\/attachments\/eredmenyek\/20150327-gp4-buk\/150328_OlimpiciGP4_ujL.pdf\" target=\"_blank\">\u00dajonc\/Novices<\/a> <span style=\"color: #00ff00;\">\u2022<\/span><\/li>\n<li><a href=\"http:\/\/www.olimpici.hu\/sites\/attachments\/eredmenyek\/20150327-gp4-buk\/150329_OlimpiciGP4_serL.pdf\" target=\"_blank\">Serd\u00fcl\u0151\/Adolescent<\/a> <span style=\"color: #00ff00;\">\u2022<\/span><\/li>\n<\/ul>\n<\/td>\n<\/tr>\n<\/tbody>\n<\/table>\n<p>&nbsp;<\/p>\n<table class=\"gp_results\" border=\"0\">\n<tbody>\n<tr>\n<th colspan=\"2\" scope=\"col\"> GP3 \u2013 Webulo Kupa \/ Cup<br \/>\n2015&#8217;02.06\u201307\u201308.<\/th>\n<\/tr>\n<tr>\n<td style=\"text-align: center;\"><strong>Fi\u00fak \/ Boys<\/strong>&nbsp;<\/p>\n<ul>\n<li><a href=\"http:\/\/www.olimpici.hu\/sites\/attachments\/eredmenyek\/20150206-gp3-bp\/150207_OlimpiciGP3_tpF.pdf\" target=\"_blank\">T\u00f6rpici\/Mini<\/a><\/li>\n<li><a href=\"http:\/\/www.olimpici.hu\/sites\/attachments\/eredmenyek\/20150206-gp3-bp\/150206_OlimpiciGP3_gyF.pdf\" target=\"_blank\">Gyermek\/Kid<\/a><\/li>\n<li><a href=\"http:\/\/www.olimpici.hu\/sites\/attachments\/eredmenyek\/20150206-gp3-bp\/150207_OlimpiciGP3_ujF.pdf\" target=\"_blank\">\u00dajonc\/Novices<\/a><\/li>\n<li><a href=\"http:\/\/www.olimpici.hu\/sites\/attachments\/eredmenyek\/20150206-gp3-bp\/150208_OlimpiciGP3_serF.pdf\" target=\"_blank\">Serd\u00fcl\u0151\/Adolescent<\/a><\/li>\n<\/ul>\n<\/td>\n<td style=\"text-align: center;\"><strong>Le\u00e1nyok \/ Girls<\/strong>&nbsp;<\/p>\n<ul>\n<li><a href=\"http:\/\/www.olimpici.hu\/sites\/attachments\/eredmenyek\/20150206-gp3-bp\/150208_OlimpiciGP3_tpL.pdf\" target=\"_blank\">T\u00f6rpici\/Mini<\/a><\/li>\n<li><a href=\"http:\/\/www.olimpici.hu\/sites\/attachments\/eredmenyek\/20150206-gp3-bp\/150206_OlimpiciGP3_gyL.pdf\" target=\"_blank\">Gyermek\/Kid<\/a><\/li>\n<li><a href=\"http:\/\/www.olimpici.hu\/sites\/attachments\/eredmenyek\/20150206-gp3-bp\/150207_OlimpiciGP3_ujL.pdf\" target=\"_blank\">\u00dajonc\/Novices<\/a><\/li>\n<li><a href=\"http:\/\/www.olimpici.hu\/sites\/attachments\/eredmenyek\/20150206-gp3-bp\/150208_OlimpiciGP3_serL.pdf\" target=\"_blank\">Serd\u00fcl\u0151\/Adolescent<\/a><\/li>\n<\/ul>\n<\/td>\n<\/tr>\n<\/tbody>\n<\/table>\n<table class=\"gp_results\" border=\"0\">\n<tbody>\n<tr>\n<th colspan=\"2\" scope=\"col\"> GP2 \u2013 Szolnok Kupa \/ Cup<br \/>\n2014&#8217;12.05\u201306\u201307.<\/th>\n<\/tr>\n<tr>\n<td style=\"text-align: center;\"><strong>Fi\u00fak \/ Boys<\/strong>&nbsp;<\/p>\n<ul>\n<li><a href=\"http:\/\/www.olimpici.hu\/sites\/attachments\/eredmenyek\/20141205-gp2-szolnok\/141206_OlimpiciGP2_tpF.pdf\" target=\"_blank\">T\u00f6rpici\/Mini<\/a><\/li>\n<li><a href=\"http:\/\/www.olimpici.hu\/sites\/attachments\/eredmenyek\/20141205-gp2-szolnok\/141205_OlimpiciGP2_gyF.pdf\" target=\"_blank\">Gyermek\/Kid<\/a><\/li>\n<li><a href=\"http:\/\/www.olimpici.hu\/sites\/attachments\/eredmenyek\/20141205-gp2-szolnok\/141206_OlimpiciGP2_ujF.pdf\" target=\"_blank\">\u00dajonc\/Novices<\/a><\/li>\n<li><a href=\"http:\/\/www.olimpici.hu\/sites\/attachments\/eredmenyek\/20141205-gp2-szolnok\/141207_OlimpiciGP2_serF.pdf\" target=\"_blank\">Serd\u00fcl\u0151\/Adolescent<\/a><\/li>\n<\/ul>\n<\/td>\n<td style=\"text-align: center;\"><strong>Le\u00e1nyok \/ Girls<\/strong>&nbsp;<\/p>\n<ul>\n<li><a href=\"http:\/\/www.olimpici.hu\/sites\/attachments\/eredmenyek\/20141205-gp2-szolnok\/141207_OlimpiciGP2_tpL.pdf\" target=\"_blank\">T\u00f6rpici\/Mini<\/a><\/li>\n<li><a href=\"http:\/\/www.olimpici.hu\/sites\/attachments\/eredmenyek\/20141205-gp2-szolnok\/141205_OlimpiciGP2_gyL.pdf\" target=\"_blank\">Gyermek\/Kid<\/a><\/li>\n<li><a href=\"http:\/\/www.olimpici.hu\/sites\/attachments\/eredmenyek\/20141205-gp2-szolnok\/141206_OlimpiciGP2_ujL.pdf\" target=\"_blank\">\u00dajonc\/Novices<\/a><\/li>\n<li><a href=\"http:\/\/www.olimpici.hu\/sites\/attachments\/eredmenyek\/20141205-gp2-szolnok\/141207_OlimpiciGP2_serL.pdf\" target=\"_blank\">Serd\u00fcl\u0151\/Adolescent<\/a><\/li>\n<\/ul>\n<\/td>\n<\/tr>\n<\/tbody>\n<\/table>\n<table class=\"gp_results\" border=\"0\">\n<tbody>\n<tr>\n<th colspan=\"2\" scope=\"col\"> GP1 &#8211; F\u00fcl\u00f6p Gyula Eml\u00e9kverseny\/Remembrance of F\u00fcl\u00f6p Gyula<br \/>\n2014&#8217;10.31-11.01-02.<\/th>\n<\/tr>\n<tr>\n<td style=\"text-align: center;\"><strong>Fi\u00fak \/ Boys<\/strong>&nbsp;<\/p>\n<ul>\n<li><a href=\"http:\/\/www.olimpici.hu\/sites\/attachments\/eredmenyek\/20141031-gp1-debrecen\/141101_OlimpiciGP1_tpF.pdf\" target=\"_blank\">T\u00f6rpici\/Mini<\/a><\/li>\n<li><a href=\"http:\/\/www.olimpici.hu\/sites\/attachments\/eredmenyek\/20141031-gp1-debrecen\/141031_OlimpiciGP1_gyF.pdf\" target=\"_blank\">Gyermek\/Kid<\/a><\/li>\n<li><a href=\"http:\/\/www.olimpici.hu\/sites\/attachments\/eredmenyek\/20141031-gp1-debrecen\/141101_OlimpiciGP1_ujF.pdf\" target=\"_blank\">\u00dajonc\/Novices<\/a><\/li>\n<li><a href=\"http:\/\/www.olimpici.hu\/sites\/attachments\/eredmenyek\/20141031-gp1-debrecen\/141102_OlimpiciGP1_serF.pdf\" target=\"_blank\">Serd\u00fcl\u0151\/Adolescent<\/a><\/li>\n<\/ul>\n<\/td>\n<td style=\"text-align: center;\"><strong>Le\u00e1nyok \/ Girls<\/strong>&nbsp;<\/p>\n<ul>\n<li><a href=\"http:\/\/www.olimpici.hu\/sites\/attachments\/eredmenyek\/20141031-gp1-debrecen\/141102_OlimpiciGP1_tpL.pdf\" target=\"_blank\">T\u00f6rpici\/Mini<\/a><\/li>\n<li><a href=\"http:\/\/www.olimpici.hu\/sites\/attachments\/eredmenyek\/20141031-gp1-debrecen\/141031_OlimpiciGP1_gyL.pdf\" target=\"_blank\">Gyermek\/Kid<\/a><\/li>\n<li><a href=\"http:\/\/www.olimpici.hu\/sites\/attachments\/eredmenyek\/20141031-gp1-debrecen\/141101_OlimpiciGP1_ujL.pdf\" target=\"_blank\">\u00dajonc\/Novices<\/a><\/li>\n<li><a href=\"http:\/\/www.olimpici.hu\/sites\/attachments\/eredmenyek\/20141031-gp1-debrecen\/141102_OlimpiciGP1_serL.pdf\" target=\"_blank\">Serd\u00fcl\u0151\/Adolescent<\/a><\/li>\n<\/ul>\n<\/td>\n<\/tr>\n<\/tbody>\n<\/table>\n","protected":false},"excerpt":{"rendered":"<p>Inter-european Olimpici GP 27\u201328 June 2015&#8242; Fi\u00fak \/ Boys&nbsp; Gyermek \/ Kid \u2022 \u00dajonc \/ Novices \u2022 Serd\u00fcl\u0151 \/Adolescent \u2022 Le\u00e1nyok \/ Girls&nbsp; Gyermek \/ Kid \u2022 \u00dajonc \/ Novices \u2022 Serd\u00fcl\u0151 \/Adolescent \u2022 GP &#8211; Orsz\u00e1gos Bajnoks\u00e1g, Balatonf\u00fcred 2015&#8217;06.13\u201318. Az OB \u00f6sszes eredm\u00e9ny\u00e9nek let\u00f6lt\u00e9se ZIP-be t\u00f6m\u00f6r\u00edtve\u00a0\u2022 Fi\u00fak&nbsp; T\u00f6rpici egy\u00e9ni \u2022 | csapat \u2022 Gyermek&hellip;&nbsp;<a href=\"https:\/\/www.olimpici.hu\/?page_id=1896\" class=\"\" rel=\"bookmark\">Read More &raquo;<span class=\"screen-reader-text\">GP-eredm\u00e9nyek\/results 2014\/2015<\/span><\/a><\/p>\n","protected":false},"author":2,"featured_media":0,"parent":6,"menu_order":9,"comment_status":"closed","ping_status":"closed","template":"","meta":{"neve_meta_sidebar":"","neve_meta_container":"","neve_meta_enable_content_width":"","neve_meta_content_width":0,"neve_meta_title_alignment":"","neve_meta_author_avatar":"","neve_post_elements_order":"","neve_meta_disable_header":"","neve_meta_disable_footer":"","neve_meta_disable_title":"","footnotes":""},"_links":{"self":[{"href":"https:\/\/www.olimpici.hu\/index.php?rest_route=\/wp\/v2\/pages\/1896"}],"collection":[{"href":"https:\/\/www.olimpici.hu\/index.php?rest_route=\/wp\/v2\/pages"}],"about":[{"href":"https:\/\/www.olimpici.hu\/index.php?rest_route=\/wp\/v2\/types\/page"}],"author":[{"embeddable":true,"href":"https:\/\/www.olimpici.hu\/index.php?rest_route=\/wp\/v2\/users\/2"}],"replies":[{"embeddable":true,"href":"https:\/\/www.olimpici.hu\/index.php?rest_route=%2Fwp%2Fv2%2Fcomments&post=1896"}],"version-history":[{"count":61,"href":"https:\/\/www.olimpici.hu\/index.php?rest_route=\/wp\/v2\/pages\/1896\/revisions"}],"predecessor-version":[{"id":1899,"href":"https:\/\/www.olimpici.hu\/index.php?rest_route=\/wp\/v2\/pages\/1896\/revisions\/1899"}],"up":[{"embeddable":true,"href":"https:\/\/www.olimpici.hu\/index.php?rest_route=\/wp\/v2\/pages\/6"}],"wp:attachment":[{"href":"https:\/\/www.olimpici.hu\/index.php?rest_route=%2Fwp%2Fv2%2Fmedia&parent=1896"}],"curies":[{"name":"wp","href":"https:\/\/api.w.org\/{rel}","templated":true}]}}