{"id":2,"date":"2007-10-24T21:04:12","date_gmt":"2007-10-24T19:04:12","guid":{"rendered":"http:\/\/www.olimpici.hu\/?page_id=2"},"modified":"2024-06-25T11:13:24","modified_gmt":"2024-06-25T09:13:24","slug":"rolam","status":"publish","type":"page","link":"https:\/\/www.olimpici.hu\/?page_id=2","title":{"rendered":"R\u00f3lunk"},"content":{"rendered":"<p style=\"text-align: justify;\">Az Olimpici P\u00e1rbajt\u0151r Grand Prix egy \u00faj versenysorozatk\u00e9nt 2006-ban indult a magyar v\u00edv\u00f3\u00e9letben, mely val\u00f3j\u00e1ban t\u00f6bb egy versenyn\u00e9l &#8211; program a magyar p\u00e1rbajt\u0151rv\u00edv\u00e1s j\u00f6v\u0151j\u00e9\u00e9rt. E sport hazai nagymestere, a Nemzet Sportol\u00f3ja \u2013 egyben n\u00e9gyszeres olimpiai bajnokunk \u2013 Kulcs\u00e1r Gy\u0151z\u0151 mag\u00e1nkezdem\u00e9nyez\u00e9ssel, lelkes seg\u00edt\u0151ivel alap\u00edtotta meg az Olimpici K\u00f6zhaszn\u00fa Alap\u00edtv\u00e1nyt, mely e program \u00fatj\u00e1t hivatott egyengetni \u2013 a Magyar V\u00edv\u00f3sz\u00f6vets\u00e9g t\u00e1mogat\u00e1s\u00e1val.<\/p>\n<p style=\"text-align: justify;\">C\u00e9lja, hogy \u00faj lend\u00fcletet adjon a p\u00e1rbajt\u0151rv\u00edv\u00e1snak: \u00f6szt\u00f6n\u00f6zze az ut\u00e1np\u00f3tl\u00e1s-nevel\u00e9st, versenyprogramj\u00e1val motiv\u00e1lja \u00e9s fejlessze a t\u00f6rpici, gyermek, \u00fajonc, serd\u00fcl\u0151 koroszt\u00e1lyba tartoz\u00f3 fiatal v\u00edv\u00f3kat, akikb\u0151l a j\u00f6v\u0151 bajnokai sz\u00fclethetnek \u2013 visszaadva a magyar p\u00e1rbajt\u0151rv\u00edv\u00e1s egykor ragyog\u00f3 f\u00e9ny\u00e9t.<\/p>\n<p>A programr\u00f3l b\u0151vebb inform\u00e1ci\u00f3 az ARS POETICA men\u00fcpont alatt olvashat\u00f3.<\/p>\n<p>KAPCSOLAT<br \/>\n<strong><span style=\"color: #99cc00;\">olimpicigp@gmail.com<\/span><\/strong><br \/>\n<a href=\"https:\/\/www.facebook.com\/OlimpiciEpeeGrandPrix\/\" target=\"_blank\" rel=\"noopener noreferrer\">Facebook messenger<\/a><\/p>\n<p>Amennyiben t\u00e1mogathat\u00f3nak \u00e9rzed az Olimpici mozgalmat, k\u00e9r\u00fcnk, hogy felaj\u00e1nl\u00e1sodat a k\u00f6vetkez\u0151 sz\u00e1mlasz\u00e1mra k\u00fcldd:<br \/>\n<strong>11731001-20147930<\/strong> (OTP Bank). Ad\u00f3sz\u00e1m: <strong>18328284-1-02<\/strong><br \/>\nc\u00edm: 7815 Hark\u00e1ny, Berek utca 44\/E<br \/>\nLevelez\u00e9si c\u00edm: 1028 Budapest K\u00f6k\u00e9ny utca 6.<\/p>\n<p>K\u00f6sz\u00f6nettel:<br \/>\nOlimpici Alap\u00edtv\u00e1ny<\/p>\n","protected":false},"excerpt":{"rendered":"<p>Az Olimpici P\u00e1rbajt\u0151r Grand Prix egy \u00faj versenysorozatk\u00e9nt 2006-ban indult a magyar v\u00edv\u00f3\u00e9letben, mely val\u00f3j\u00e1ban t\u00f6bb egy versenyn\u00e9l &#8211; program a magyar p\u00e1rbajt\u0151rv\u00edv\u00e1s j\u00f6v\u0151j\u00e9\u00e9rt. E sport hazai nagymestere, a Nemzet Sportol\u00f3ja \u2013 egyben n\u00e9gyszeres olimpiai bajnokunk \u2013 Kulcs\u00e1r Gy\u0151z\u0151 mag\u00e1nkezdem\u00e9nyez\u00e9ssel, lelkes seg\u00edt\u0151ivel alap\u00edtotta meg az Olimpici K\u00f6zhaszn\u00fa Alap\u00edtv\u00e1nyt, mely e program \u00fatj\u00e1t hivatott egyengetni \u2013&hellip;&nbsp;<a href=\"https:\/\/www.olimpici.hu\/?page_id=2\" class=\"\" rel=\"bookmark\">Read More &raquo;<span class=\"screen-reader-text\">R\u00f3lunk<\/span><\/a><\/p>\n","protected":false},"author":2,"featured_media":0,"parent":0,"menu_order":0,"comment_status":"open","ping_status":"open","template":"","meta":{"neve_meta_sidebar":"","neve_meta_container":"","neve_meta_enable_content_width":"","neve_meta_content_width":0,"neve_meta_title_alignment":"","neve_meta_author_avatar":"","neve_post_elements_order":"","neve_meta_disable_header":"","neve_meta_disable_footer":"","neve_meta_disable_title":"","footnotes":""},"_links":{"self":[{"href":"https:\/\/www.olimpici.hu\/index.php?rest_route=\/wp\/v2\/pages\/2"}],"collection":[{"href":"https:\/\/www.olimpici.hu\/index.php?rest_route=\/wp\/v2\/pages"}],"about":[{"href":"https:\/\/www.olimpici.hu\/index.php?rest_route=\/wp\/v2\/types\/page"}],"author":[{"embeddable":true,"href":"https:\/\/www.olimpici.hu\/index.php?rest_route=\/wp\/v2\/users\/2"}],"replies":[{"embeddable":true,"href":"https:\/\/www.olimpici.hu\/index.php?rest_route=%2Fwp%2Fv2%2Fcomments&post=2"}],"version-history":[{"count":10,"href":"https:\/\/www.olimpici.hu\/index.php?rest_route=\/wp\/v2\/pages\/2\/revisions"}],"predecessor-version":[{"id":6722,"href":"https:\/\/www.olimpici.hu\/index.php?rest_route=\/wp\/v2\/pages\/2\/revisions\/6722"}],"wp:attachment":[{"href":"https:\/\/www.olimpici.hu\/index.php?rest_route=%2Fwp%2Fv2%2Fmedia&parent=2"}],"curies":[{"name":"wp","href":"https:\/\/api.w.org\/{rel}","templated":true}]}}