{"id":2683,"date":"2015-11-03T16:51:26","date_gmt":"2015-11-03T14:51:26","guid":{"rendered":"http:\/\/www.olimpici.hu\/?page_id=2683"},"modified":"2016-10-21T23:41:29","modified_gmt":"2016-10-21T21:41:29","slug":"gp-eredmenyekresults-20152016","status":"publish","type":"page","link":"https:\/\/www.olimpici.hu\/?page_id=2683","title":{"rendered":"GP-eredm\u00e9nyek\/results 2015\/2016"},"content":{"rendered":"<p>&nbsp;<\/p>\n<table class=\"gp_results\" border=\"0\">\n<tbody>\n<tr>\n<th colspan=\"2\" scope=\"col\">GP &#8211; Orsz\u00e1gos Bajnoks\u00e1g, Balatonf\u00fcred<br \/>\n<strong><span style=\"font-size: 13px; line-height: 19px;\">2016&#8217;06.16\u201321.<br \/>\n<\/span><\/strong><span style=\"font-size: 0.75em; font-weight: normal; line-height: 19px;\">Az OB \u00f6sszes eredm\u00e9ny\u00e9nek <\/span><a style=\"font-size: 0.75em; font-weight: normal; line-height: 19px;\" href=\"http:\/\/www.olimpici.hu\/sites\/attachments\/eredmenyek\/20160616-gpob-bfured\/160616-21OlimpiciGP-OB_Bfured.zip\" target=\"_blank\">let\u00f6lt\u00e9se<\/a><span style=\"font-size: 0.75em; font-weight: normal; line-height: 19px;\"> ZIP-be t\u00f6m\u00f6r\u00edtve\u00a0<span style=\"color: #00ff00;\">\u2022<\/span><\/span><\/th>\n<\/tr>\n<tr>\n<td style=\"text-align: center;\"><strong>Fi\u00fak<\/strong><\/p>\n<ul>\n<li>T\u00f6rpici <a href=\"http:\/\/www.olimpici.hu\/sites\/attachments\/eredmenyek\/20160616-gpob-bfured\/160617_OlimpiciGPob_tpF.pdf\" target=\"_blank\">egy\u00e9ni<\/a> <span style=\"color: #ff0000;\"><span style=\"color: #00ff00;\">\u2022<\/span> <span style=\"color: #000000;\">|<\/span><\/span> <a href=\"http:\/\/www.olimpici.hu\/sites\/attachments\/eredmenyek\/20160616-gpob-bfured\/160618_OlimpiciGPob_tpFcs.pdf\" target=\"_blank\">csapat<\/a> <span style=\"color: #00ff00;\">\u2022<\/span><\/li>\n<li>Gyermek <a href=\"http:\/\/www.olimpici.hu\/sites\/attachments\/eredmenyek\/20160616-gpob-bfured\/160616_OlimpiciGPob_gyF.pdf\" target=\"_blank\">egy\u00e9ni<\/a> <span style=\"color: #00ff00;\">\u2022 <\/span>|\u00a0<a href=\"http:\/\/www.olimpici.hu\/sites\/attachments\/eredmenyek\/20160616-gpob-bfured\/160617_OlimpiciGPob_gyFcs.pdf\" target=\"_blank\">csapat<\/a> <span style=\"color: #00ff00;\">\u2022<\/span><\/li>\n<li>\u00dajonc <a href=\"http:\/\/www.olimpici.hu\/sites\/attachments\/eredmenyek\/20160616-gpob-bfured\/160618_OlimpiciGPob_ujF.pdf\" target=\"_blank\">egy\u00e9ni<\/a> <span style=\"color: #00ff00;\">\u2022<\/span> |\u00a0<a href=\"http:\/\/www.olimpici.hu\/sites\/attachments\/eredmenyek\/20160616-gpob-bfured\/160619_OlimpiciGPob_ujFcs.pdf\" target=\"_blank\">csapat<\/a> <span style=\"color: #00ff00;\">\u2022<\/span><\/li>\n<li>Serd\u00fcl\u0151 <a href=\"http:\/\/www.olimpici.hu\/sites\/attachments\/eredmenyek\/20160616-gpob-bfured\/160620_OlimpiciGPob_serF.pdf\" target=\"_blank\">egy\u00e9ni<\/a> <span style=\"color: #00ff00;\">\u2022 <\/span>|\u00a0<a href=\"http:\/\/www.olimpici.hu\/sites\/attachments\/eredmenyek\/20160616-gpob-bfured\/160621_OlimpiciGPob_serFcs.pdf\" target=\"_blank\">csapat<\/a> <span style=\"color: #00ff00;\">\u2022<\/span><\/li>\n<\/ul>\n<\/td>\n<td style=\"text-align: center;\"><strong>Le\u00e1nyok<\/strong><\/p>\n<ul>\n<li>T\u00f6rpici <a href=\"http:\/\/www.olimpici.hu\/sites\/attachments\/eredmenyek\/20160616-gpob-bfured\/160619_OlimpiciGPob_tpL.pdf\" target=\"_blank\">egy\u00e9ni<\/a> <span style=\"color: #00ff00;\">\u2022 <\/span>|\u00a0<a href=\"http:\/\/www.olimpici.hu\/sites\/attachments\/eredmenyek\/20160616-gpob-bfured\/160620_OlimpiciGPob_tpLcs.pdf\" target=\"_blank\">csapat<\/a> <span style=\"color: #00ff00;\">\u2022<\/span><\/li>\n<li>Gyermek <a href=\"http:\/\/www.olimpici.hu\/sites\/attachments\/eredmenyek\/20160616-gpob-bfured\/160616_OlimpiciGPob_gyL.pdf\" target=\"_blank\">egy\u00e9ni<\/a> <span style=\"color: #00ff00;\">\u2022 <\/span>|\u00a0<a href=\"http:\/\/www.olimpici.hu\/sites\/attachments\/eredmenyek\/20150613-gpob-bfured\/160617_OlimpiciGPob_gyLcs.pdf\" target=\"_blank\">csapat<\/a> <span style=\"color: #00ff00;\">\u2022<\/span><\/li>\n<li>\u00dajonc <a href=\"http:\/\/www.olimpici.hu\/sites\/attachments\/eredmenyek\/20160616-gpob-bfured\/160618_OlimpiciGPob_ujL.pdf\" target=\"_blank\">egy\u00e9ni<\/a> <span style=\"color: #00ff00;\">\u2022 <\/span>|\u00a0<a href=\"http:\/\/www.olimpici.hu\/sites\/attachments\/eredmenyek\/20150613-gpob-bfured\/160619_OlimpiciGPob_ujLcs.pdf\" target=\"_blank\">csapat<\/a> <span style=\"color: #00ff00;\">\u2022<\/span><\/li>\n<li>Serd\u00fcl\u0151 <a href=\"http:\/\/www.olimpici.hu\/sites\/attachments\/eredmenyek\/20160616-gpob-bfured\/160620_OlimpiciGPob_serL.pdf\" target=\"_blank\">egy\u00e9ni<\/a> <span style=\"color: #00ff00;\">\u2022 <\/span>|\u00a0<a href=\"http:\/\/www.olimpici.hu\/sites\/attachments\/eredmenyek\/20160616-gpob-bfured\/160621_OlimpiciGPob_serLcs.pdf\" target=\"_blank\">csapat<\/a> <span style=\"color: #00ff00;\">\u2022<\/span><\/li>\n<\/ul>\n<\/td>\n<\/tr>\n<\/tbody>\n<\/table>\n<p>&nbsp;<\/p>\n<table class=\"gp_results\" border=\"0\">\n<tbody>\n<tr>\n<th colspan=\"2\" scope=\"col\"> GP5 &#8211; Csaba Kupa\/Csaba Cup<br \/>\n2016&#8242; 04. 22\u201323\u201324.<\/th>\n<\/tr>\n<tr>\n<td style=\"text-align: center;\"><strong>Fi\u00fak \/ Boys<\/strong><\/p>\n<ul>\n<li><a href=\"http:\/\/www.olimpici.hu\/sites\/attachments\/eredmenyek\/20160422-gp5-bcs\/160423_OlimpiciGP5_tpF.pdf\" target=\"_blank\">T\u00f6rpici\/Mini<\/a> <span style=\"color: #00ff00;\">\u2022<\/span><\/li>\n<li><a href=\"http:\/\/www.olimpici.hu\/sites\/attachments\/eredmenyek\/20160422-gp5-bcs\/160422_OlimpiciGP5_gyF.pdf\" target=\"_blank\">Gyermek\/Kid<\/a> <span style=\"color: #00ff00;\">\u2022<\/span><\/li>\n<li><a href=\"http:\/\/www.olimpici.hu\/sites\/attachments\/eredmenyek\/20160422-gp5-bcs\/160423_OlimpiciGP5_ujF.pdf\" target=\"_blank\">\u00dajonc\/Novices<\/a> <span style=\"color: #00ff00;\">\u2022<\/span><\/li>\n<li><a href=\"http:\/\/www.olimpici.hu\/sites\/attachments\/eredmenyek\/20160422-gp5-bcs\/160424_OlimpiciGP5_serF.pdf\" target=\"_blank\">Serd\u00fcl\u0151\/Adolescent<\/a> <span style=\"color: #00ff00;\">\u2022<\/span><\/li>\n<\/ul>\n<\/td>\n<td style=\"text-align: center;\"><strong>Le\u00e1nyok \/ Girls<\/strong><\/p>\n<ul>\n<li><a href=\"http:\/\/www.olimpici.hu\/sites\/attachments\/eredmenyek\/20160422-gp5-bcs\/160424_OlimpiciGP5_tpL.pdf\" target=\"_blank\">T\u00f6rpici\/Mini<\/a> <span style=\"color: #00ff00;\">\u2022<\/span><\/li>\n<li><a href=\"http:\/\/www.olimpici.hu\/sites\/attachments\/eredmenyek\/20160422-gp5-bcs\/160422_OlimpiciGP5_gyL.pdf\" target=\"_blank\">Gyermek\/Kid<\/a> <span style=\"color: #00ff00;\">\u2022<\/span><\/li>\n<li><a href=\"http:\/\/www.olimpici.hu\/sites\/attachments\/eredmenyek\/20160422-gp5-bcs\/160423_OlimpiciGP5_ujL.pdf\" target=\"_blank\">\u00dajonc\/Novices<\/a> <span style=\"color: #00ff00;\">\u2022<\/span><\/li>\n<li><a href=\"http:\/\/www.olimpici.hu\/sites\/attachments\/eredmenyek\/20160422-gp5-bcs\/160424_OlimpiciGP5_serL.pdf\" target=\"_blank\">Serd\u00fcl\u0151\/Adolescent<\/a> <span style=\"color: #00ff00;\">\u2022<\/span><\/li>\n<\/ul>\n<\/td>\n<\/tr>\n<\/tbody>\n<\/table>\n<p>&nbsp;<\/p>\n<table class=\"gp_results\" border=\"0\">\n<tbody>\n<tr>\n<th colspan=\"2\" scope=\"col\"> GP4 &#8211; B\u00fckf\u00fcrd\u0151 Kupa\/B\u00fckf\u00fcrd\u0151 Cup<br \/>\n2016&#8242; 03. 04\u201305\u201306.<\/th>\n<\/tr>\n<tr>\n<td style=\"text-align: center;\"><strong>Fi\u00fak \/ Boys<\/strong><\/p>\n<ul>\n<li><a href=\"http:\/\/www.olimpici.hu\/sites\/attachments\/eredmenyek\/20160304-gp4-buk\/160305_OlimpiciGP4_tpF.pdf\" target=\"_blank\">T\u00f6rpici\/Mini<\/a> <span style=\"color: #00ff00;\">\u2022<\/span><\/li>\n<li><a href=\"http:\/\/www.olimpici.hu\/sites\/attachments\/eredmenyek\/20160304-gp4-buk\/160304_OlimpiciGP4_gyF.pdf\" target=\"_blank\">Gyermek\/Kid<\/a> <span style=\"color: #00ff00;\">\u2022<\/span><\/li>\n<li><a href=\"http:\/\/www.olimpici.hu\/sites\/attachments\/eredmenyek\/20160304-gp4-buk\/160305_OlimpiciGP4_ujF.pdf\" target=\"_blank\">\u00dajonc\/Novices<\/a> <span style=\"color: #00ff00;\">\u2022<\/span><\/li>\n<li><a href=\"http:\/\/www.olimpici.hu\/sites\/attachments\/eredmenyek\/20160304-gp4-buk\/160306_OlimpiciGP4_serF.pdf\" target=\"_blank\">Serd\u00fcl\u0151\/Adolescent<\/a> <span style=\"color: #00ff00;\">\u2022<\/span><\/li>\n<\/ul>\n<\/td>\n<td style=\"text-align: center;\"><strong>Le\u00e1nyok \/ Girls<\/strong><\/p>\n<ul>\n<li><a href=\"http:\/\/www.olimpici.hu\/sites\/attachments\/eredmenyek\/20160304-gp4-buk\/160306_OlimpiciGP4_tpL.pdf\" target=\"_blank\">T\u00f6rpici\/Mini<\/a> <span style=\"color: #00ff00;\">\u2022<\/span><\/li>\n<li><a href=\"http:\/\/www.olimpici.hu\/sites\/attachments\/eredmenyek\/20160304-gp4-buk\/160304_OlimpiciGP4_gyL.pdf\" target=\"_blank\">Gyermek\/Kid<\/a> <span style=\"color: #00ff00;\">\u2022<\/span><\/li>\n<li><a href=\"http:\/\/www.olimpici.hu\/sites\/attachments\/eredmenyek\/20160304-gp4-buk\/160305_OlimpiciGP4_ujL.pdf\" target=\"_blank\">\u00dajonc\/Novices<\/a> <span style=\"color: #00ff00;\">\u2022<\/span><\/li>\n<li><a href=\"http:\/\/www.olimpici.hu\/sites\/attachments\/eredmenyek\/20160304-gp4-buk\/160306_OlimpiciGP4_serL.pdf\" target=\"_blank\">Serd\u00fcl\u0151\/Adolescent<\/a> <span style=\"color: #00ff00;\">\u2022<\/span><\/li>\n<\/ul>\n<\/td>\n<\/tr>\n<\/tbody>\n<\/table>\n<p>&nbsp;<\/p>\n<table class=\"gp_results\" border=\"0\">\n<tbody>\n<tr>\n<th colspan=\"2\" scope=\"col\"> GP3 &#8211; Webulo Kupa\/Webulo Cup<br \/>\n2016&#8242; 02. 05\u201306\u201307.<\/th>\n<\/tr>\n<tr>\n<td style=\"text-align: center;\"><strong>Fi\u00fak \/ Boys<\/strong><\/p>\n<ul>\n<li><a href=\"http:\/\/www.olimpici.hu\/sites\/attachments\/eredmenyek\/20160205-gp3-budapest\/160206_OlimpiciGP3_tpF.pdf\" target=\"_blank\">T\u00f6rpici\/Mini<\/a> <span style=\"color: #00ff00;\">\u2022<\/span><\/li>\n<li><a href=\"http:\/\/www.olimpici.hu\/sites\/attachments\/eredmenyek\/20160205-gp3-budapest\/160205_OlimpiciGP3_gyF.pdf\" target=\"_blank\">Gyermek\/Kid<\/a> <span style=\"color: #00ff00;\">\u2022<\/span><\/li>\n<li><a href=\"http:\/\/www.olimpici.hu\/sites\/attachments\/eredmenyek\/20160205-gp3-budapest\/160206_OlimpiciGP3_ujF.pdf\" target=\"_blank\">\u00dajonc\/Novices<\/a> <span style=\"color: #00ff00;\">\u2022<\/span><\/li>\n<li><a href=\"http:\/\/www.olimpici.hu\/sites\/attachments\/eredmenyek\/20160205-gp3-budapest\/160207_OlimpiciGP3_serF.pdf\" target=\"_blank\">Serd\u00fcl\u0151\/Adolescent<\/a> <span style=\"color: #00ff00;\">\u2022<\/span><\/li>\n<\/ul>\n<\/td>\n<td style=\"text-align: center;\"><strong>Le\u00e1nyok \/ Girls<\/strong><\/p>\n<ul>\n<li><a href=\"http:\/\/www.olimpici.hu\/sites\/attachments\/eredmenyek\/20160205-gp3-budapest\/160207_OlimpiciGP3_tpL.pdf\" target=\"_blank\">T\u00f6rpici\/Mini<\/a> <span style=\"color: #00ff00;\">\u2022<\/span><\/li>\n<li><a href=\"http:\/\/www.olimpici.hu\/sites\/attachments\/eredmenyek\/20160205-gp3-budapest\/160205_OlimpiciGP3_gyL.pdf\" target=\"_blank\">Gyermek\/Kid<\/a> <span style=\"color: #00ff00;\">\u2022<\/span><\/li>\n<li><a href=\"http:\/\/www.olimpici.hu\/sites\/attachments\/eredmenyek\/20160205-gp3-budapest\/160206_OlimpiciGP3_ujL.pdf\" target=\"_blank\">\u00dajonc\/Novices<\/a> <span style=\"color: #00ff00;\">\u2022<\/span><\/li>\n<li><a href=\"http:\/\/www.olimpici.hu\/sites\/attachments\/eredmenyek\/20160205-gp3-budapest\/160207_OlimpiciGP3_serL.pdf\" target=\"_blank\">Serd\u00fcl\u0151\/Adolescent<\/a> <span style=\"color: #00ff00;\">\u2022<\/span><\/li>\n<\/ul>\n<\/td>\n<\/tr>\n<\/tbody>\n<\/table>\n<p>&nbsp;<\/p>\n<table class=\"gp_results\" border=\"0\">\n<tbody>\n<tr>\n<th colspan=\"2\" scope=\"col\"> GP2 &#8211; Szolnok Kupa\/Szolnok Cup<br \/>\n2015&#8242; 12. 04\u201305\u201306.<\/th>\n<\/tr>\n<tr>\n<td style=\"text-align: center;\"><strong>Fi\u00fak \/ Boys<\/strong><\/p>\n<ul>\n<li><a href=\"http:\/\/www.olimpici.hu\/sites\/attachments\/eredmenyek\/20151204-gp2-szolnok\/151205_OlimpiciGP2_tpF.pdf\" target=\"_blank\">T\u00f6rpici\/Mini<\/a> <span style=\"color: #00ff00;\">\u2022<\/span><\/li>\n<li><a href=\"http:\/\/www.olimpici.hu\/sites\/attachments\/eredmenyek\/20151204-gp2-szolnok\/151204_OlimpiciGP2_gyF.pdf\" target=\"_blank\">Gyermek\/Kid<\/a> <span style=\"color: #00ff00;\">\u2022<\/span><\/li>\n<li><a href=\"http:\/\/www.olimpici.hu\/sites\/attachments\/eredmenyek\/20151204-gp2-szolnok\/151205_OlimpiciGP2_ujF.pdf\" target=\"_blank\">\u00dajonc\/Novices<\/a> <span style=\"color: #00ff00;\">\u2022<\/span><\/li>\n<li><a href=\"http:\/\/www.olimpici.hu\/sites\/attachments\/eredmenyek\/20151204-gp2-szolnok\/151206_OlimpiciGP2_serF.pdf\" target=\"_blank\">Serd\u00fcl\u0151\/Adolescent<\/a> <span style=\"color: #00ff00;\">\u2022<\/span><\/li>\n<\/ul>\n<\/td>\n<td style=\"text-align: center;\"><strong>Le\u00e1nyok \/ Girls<\/strong><\/p>\n<ul>\n<li><a href=\"http:\/\/www.olimpici.hu\/sites\/attachments\/eredmenyek\/20151204-gp2-szolnok\/151205_OlimpiciGP2_tpL.pdf\" target=\"_blank\">T\u00f6rpici\/Mini<\/a> <span style=\"color: #00ff00;\">\u2022<\/span><\/li>\n<li><a href=\"http:\/\/www.olimpici.hu\/sites\/attachments\/eredmenyek\/20151204-gp2-szolnok\/151204_OlimpiciGP2_gyL.pdf\" target=\"_blank\">Gyermek\/Kid<\/a> <span style=\"color: #00ff00;\">\u2022<\/span><\/li>\n<li><a href=\"http:\/\/www.olimpici.hu\/sites\/attachments\/eredmenyek\/20151204-gp2-szolnok\/151205_OlimpiciGP2_ujL.pdf\" target=\"_blank\">\u00dajonc\/Novices<\/a> <span style=\"color: #00ff00;\">\u2022<\/span><\/li>\n<li><a href=\"http:\/\/www.olimpici.hu\/sites\/attachments\/eredmenyek\/20151204-gp2-szolnok\/151206_OlimpiciGP2_serL.pdf\" target=\"_blank\">Serd\u00fcl\u0151\/Adolescent<\/a> <span style=\"color: #00ff00;\">\u2022<\/span><\/li>\n<\/ul>\n<\/td>\n<\/tr>\n<\/tbody>\n<\/table>\n<p>&nbsp;<\/p>\n<table class=\"gp_results\" border=\"0\">\n<tbody>\n<tr>\n<th colspan=\"2\" scope=\"col\"> GP1 &#8211; F\u00fcl\u00f6p Gyula Eml\u00e9kverseny\/Remembrance of F\u00fcl\u00f6p Gyula<br \/>\n2015&#8217;11. 06.07-08.<\/th>\n<\/tr>\n<tr>\n<td style=\"text-align: center;\"><strong>Fi\u00fak \/ Boys<\/strong><\/p>\n<ul>\n<li><a href=\"http:\/\/www.olimpici.hu\/sites\/attachments\/eredmenyek\/20151106-gp1-debrecen\/151107_OlimpiciGP1_tpF.pdf\" target=\"_blank\">T\u00f6rpici\/Mini<\/a> <span style=\"color: #00ff00;\">\u2022<\/span><\/li>\n<li><a href=\"http:\/\/www.olimpici.hu\/sites\/attachments\/eredmenyek\/20151106-gp1-debrecen\/151106_OlimpiciGP1_gyF.pdf\" target=\"_blank\">Gyermek\/Kid<\/a> <span style=\"color: #00ff00;\">\u2022<\/span><\/li>\n<li><a href=\"http:\/\/www.olimpici.hu\/sites\/attachments\/eredmenyek\/20151106-gp1-debrecen\/151107_OlimpiciGP1_ujF.pdf\" target=\"_blank\">\u00dajonc\/Novices<\/a> <span style=\"color: #00ff00;\">\u2022<\/span><\/li>\n<li><a href=\"http:\/\/www.olimpici.hu\/sites\/attachments\/eredmenyek\/20151106-gp1-debrecen\/151108_OlimpiciGP1_serF.pdf\" target=\"_blank\">Serd\u00fcl\u0151\/Adolescent<\/a> <span style=\"color: #00ff00;\">\u2022<\/span><\/li>\n<\/ul>\n<\/td>\n<td style=\"text-align: center;\"><strong>Le\u00e1nyok \/ Girls<\/strong><\/p>\n<ul>\n<li><a href=\"http:\/\/www.olimpici.hu\/sites\/attachments\/eredmenyek\/20151106-gp1-debrecen\/151108_OlimpiciGP1_tpL.pdf\" target=\"_blank\">T\u00f6rpici\/Mini<\/a> <span style=\"color: #00ff00;\">\u2022<\/span><\/li>\n<li><a href=\"http:\/\/www.olimpici.hu\/sites\/attachments\/eredmenyek\/20151106-gp1-debrecen\/151106_OlimpiciGP1_gyL.pdf\" target=\"_blank\">Gyermek\/Kid<\/a> <span style=\"color: #00ff00;\">\u2022<\/span><\/li>\n<li><a href=\"http:\/\/www.olimpici.hu\/sites\/attachments\/eredmenyek\/20151106-gp1-debrecen\/151107_OlimpiciGP1_ujL.pdf\" target=\"_blank\">\u00dajonc\/Novices<\/a> <span style=\"color: #00ff00;\">\u2022<\/span><\/li>\n<li><a href=\"http:\/\/www.olimpici.hu\/sites\/attachments\/eredmenyek\/20151106-gp1-debrecen\/151108_OlimpiciGP1_serL.pdf\" target=\"_blank\">Serd\u00fcl\u0151\/Adolescent<\/a> <span style=\"color: #00ff00;\">\u2022<\/span><\/li>\n<\/ul>\n<\/td>\n<\/tr>\n<\/tbody>\n<\/table>\n","protected":false},"excerpt":{"rendered":"<p>&nbsp; GP &#8211; Orsz\u00e1gos Bajnoks\u00e1g, Balatonf\u00fcred 2016&#8217;06.16\u201321. Az OB \u00f6sszes eredm\u00e9ny\u00e9nek let\u00f6lt\u00e9se ZIP-be t\u00f6m\u00f6r\u00edtve\u00a0\u2022 Fi\u00fak T\u00f6rpici egy\u00e9ni \u2022 | csapat \u2022 Gyermek egy\u00e9ni \u2022 |\u00a0csapat \u2022 \u00dajonc egy\u00e9ni \u2022 |\u00a0csapat \u2022 Serd\u00fcl\u0151 egy\u00e9ni \u2022 |\u00a0csapat \u2022 Le\u00e1nyok T\u00f6rpici egy\u00e9ni \u2022 |\u00a0csapat \u2022 Gyermek egy\u00e9ni \u2022 |\u00a0csapat \u2022 \u00dajonc egy\u00e9ni \u2022 |\u00a0csapat \u2022 Serd\u00fcl\u0151 egy\u00e9ni \u2022&hellip;&nbsp;<a href=\"https:\/\/www.olimpici.hu\/?page_id=2683\" class=\"\" rel=\"bookmark\">Read More &raquo;<span class=\"screen-reader-text\">GP-eredm\u00e9nyek\/results 2015\/2016<\/span><\/a><\/p>\n","protected":false},"author":2,"featured_media":0,"parent":6,"menu_order":10,"comment_status":"closed","ping_status":"closed","template":"","meta":{"neve_meta_sidebar":"","neve_meta_container":"","neve_meta_enable_content_width":"","neve_meta_content_width":0,"neve_meta_title_alignment":"","neve_meta_author_avatar":"","neve_post_elements_order":"","neve_meta_disable_header":"","neve_meta_disable_footer":"","neve_meta_disable_title":"","footnotes":""},"_links":{"self":[{"href":"https:\/\/www.olimpici.hu\/index.php?rest_route=\/wp\/v2\/pages\/2683"}],"collection":[{"href":"https:\/\/www.olimpici.hu\/index.php?rest_route=\/wp\/v2\/pages"}],"about":[{"href":"https:\/\/www.olimpici.hu\/index.php?rest_route=\/wp\/v2\/types\/page"}],"author":[{"embeddable":true,"href":"https:\/\/www.olimpici.hu\/index.php?rest_route=\/wp\/v2\/users\/2"}],"replies":[{"embeddable":true,"href":"https:\/\/www.olimpici.hu\/index.php?rest_route=%2Fwp%2Fv2%2Fcomments&post=2683"}],"version-history":[{"count":57,"href":"https:\/\/www.olimpici.hu\/index.php?rest_route=\/wp\/v2\/pages\/2683\/revisions"}],"predecessor-version":[{"id":3504,"href":"https:\/\/www.olimpici.hu\/index.php?rest_route=\/wp\/v2\/pages\/2683\/revisions\/3504"}],"up":[{"embeddable":true,"href":"https:\/\/www.olimpici.hu\/index.php?rest_route=\/wp\/v2\/pages\/6"}],"wp:attachment":[{"href":"https:\/\/www.olimpici.hu\/index.php?rest_route=%2Fwp%2Fv2%2Fmedia&parent=2683"}],"curies":[{"name":"wp","href":"https:\/\/api.w.org\/{rel}","templated":true}]}}