{"id":295,"date":"2010-10-23T03:37:10","date_gmt":"2010-10-23T01:37:10","guid":{"rendered":"http:\/\/www.olimpici.hu\/?page_id=295"},"modified":"2015-11-03T16:56:45","modified_gmt":"2015-11-03T14:56:45","slug":"gp-eredmenyek-20102011","status":"publish","type":"page","link":"https:\/\/www.olimpici.hu\/?page_id=295","title":{"rendered":"GP-eredm\u00e9nyek\/results 2010\/2011"},"content":{"rendered":"<h5><span style=\"color: #ff6600;\"><br \/>\n<\/span><\/h5>\n<table class=\"gp_results\" border=\"0\">\n<tbody>\n<tr>\n<th colspan=\"2\" scope=\"col\"> GP &#8211; Orsz\u00e1gos Bajnoks\u00e1g, B\u00fck<br \/>\n2011&#8217;06.16-21.<\/th>\n<\/th>\n<\/tr>\n<tr>\n<td style=\"text-align: center;\"><strong>Fi\u00fak<\/strong>&nbsp;<\/p>\n<ul>\n<li><a href=\"http:\/\/www.olimpici.hu\/sites\/attachments\/eredmenyek\/20110616-gp-ob-szombathely\/110617_olimpiciGP-OB_tpF.pdf\" target=\"_blank\">T\u00f6rpici(egy\u00e9ni&amp;csapat)<\/a><\/li>\n<li><a href=\"http:\/\/www.olimpici.hu\/sites\/attachments\/eredmenyek\/20110616-gp-ob-szombathely\/110616_olimpiciGP-OB_gyF.pdf\" target=\"_blank\">Gyermek(egy\u00e9ni&amp;csapat)<\/a><\/li>\n<li><a href=\"http:\/\/www.olimpici.hu\/sites\/attachments\/eredmenyek\/20110616-gp-ob-szombathely\/110618_olimpiciGP-OB_ujF.pdf\" target=\"_blank\">\u00dajonc(egy\u00e9ni&amp;csapat)<\/a><\/li>\n<li><a href=\"http:\/\/www.olimpici.hu\/sites\/attachments\/eredmenyek\/20110616-gp-ob-szombathely\/110620_olimpiciGP-OB_serF.pdf\" target=\"_blank\">Serd\u00fcl\u0151(egy\u00e9ni&amp;csapat)<\/a><\/li>\n<\/ul>\n<\/td>\n<td style=\"text-align: center;\"><strong>Le\u00e1nyok<\/strong>&nbsp;<\/p>\n<ul>\n<li><a href=\"http:\/\/www.olimpici.hu\/sites\/attachments\/eredmenyek\/20110616-gp-ob-szombathely\/110619_olimpiciGP-OB_tpL.pdf\" target=\"_blank\">T\u00f6rpici(egy\u00e9ni&amp;csapat)<\/a><\/li>\n<li><a href=\"http:\/\/www.olimpici.hu\/sites\/attachments\/eredmenyek\/20110616-gp-ob-szombathely\/110616_olimpiciGP-OB_gyL.pdf\" target=\"_blank\">Gyermek(egy\u00e9ni&amp;csapat)<\/a><\/li>\n<li><a href=\"http:\/\/www.olimpici.hu\/sites\/attachments\/eredmenyek\/20110616-gp-ob-szombathely\/110618_olimpiciGP-OB_ujL.pdf\" target=\"_blank\">\u00dajonc(egy\u00e9ni&amp;csapat)<\/a><\/li>\n<li><a href=\"http:\/\/www.olimpici.hu\/sites\/attachments\/eredmenyek\/20110616-gp-ob-szombathely\/110620_olimpiciGP-OB_serL.pdf\" target=\"_blank\">Serd\u00fcl\u0151(egy\u00e9ni&amp;csapat)<\/a><\/li>\n<\/ul>\n<\/td>\n<\/tr>\n<\/tbody>\n<\/table>\n<table class=\"gp_results\" border=\"0\">\n<tbody>\n<tr>\n<th colspan=\"2\" scope=\"col\"> 3. Inter-Eur\u00f3pai Olimpici Csapat GP \/<br \/>\n3rd Inter-European Olimpici Team GP<br \/>\n2011&#8217;05.12.<\/th>\n<\/tr>\n<tr>\n<td style=\"text-align: center;\"><strong>Fi\u00fak \/ Boys<\/strong>&nbsp;<\/p>\n<ul>\n<li><a href=\"http:\/\/www.olimpici.hu\/sites\/attachments\/eredmenyek\/20110611-InterEUogp-maribor\/110612olimpiciGPslo_mBt.pdf\" target=\"_blank\">T\u00f6rpici \/ Mini<\/a><\/li>\n<li><a href=\"http:\/\/www.olimpici.hu\/sites\/attachments\/eredmenyek\/20110611-InterEUogp-maribor\/110612olimpiciGPslo_kBt.pdf\" target=\"_blank\">Gyermek \/ Kid<\/a><\/li>\n<li><a href=\"http:\/\/www.olimpici.hu\/sites\/attachments\/eredmenyek\/20110611-InterEUogp-maribor\/110612olimpiciGPslo_nBt.pdf\" target=\"_blank\">\u00dajonc \/ Novices<\/a><\/li>\n<li><a href=\"http:\/\/www.olimpici.hu\/sites\/attachments\/eredmenyek\/20110611-InterEUogp-maribor\/110612olimpiciGPslo_aBt.pdf\" target=\"_blank\">Serd\u00fcl\u0151 \/Adolescent<\/a><\/li>\n<\/ul>\n<\/td>\n<td style=\"text-align: center;\"><strong>Le\u00e1nyok \/ Girls<\/strong>&nbsp;<\/p>\n<ul>\n<li>T\u00f6rpici nem volt \/ Mini -no event<\/li>\n<li><a href=\"http:\/\/www.olimpici.hu\/sites\/attachments\/eredmenyek\/20110611-InterEUogp-maribor\/110612olimpiciGPslo_kGt.pdf\" target=\"_blank\">Gyermek \/ Kid<\/a><\/li>\n<li><a href=\"http:\/\/www.olimpici.hu\/sites\/attachments\/eredmenyek\/20110611-InterEUogp-maribor\/110612olimpiciGPslo_nGt.pdf\" target=\"_blank\">\u00dajonc \/ Novices<\/a><\/li>\n<li><a href=\"http:\/\/www.olimpici.hu\/sites\/attachments\/eredmenyek\/20110611-InterEUogp-maribor\/110612olimpiciGPslo_aGt.pdf\" target=\"_blank\">Serd\u00fcl\u0151 \/Adolescent<\/a><\/li>\n<\/ul>\n<\/td>\n<\/tr>\n<\/tbody>\n<\/table>\n<table class=\"gp_results\" border=\"0\">\n<tbody>\n<tr>\n<th colspan=\"2\" scope=\"col\"> 3. Inter-Eur\u00f3pai Olimpici Egy\u00e9ni GP \/<br \/>\n3rd Inter-European Olimpici Individual GP<br \/>\n2011&#8217;05.11.<\/th>\n<\/tr>\n<tr>\n<td style=\"text-align: center;\"><strong>Fi\u00fak \/ Boys<\/strong>&nbsp;<\/p>\n<ul>\n<li><a href=\"http:\/\/www.olimpici.hu\/sites\/attachments\/eredmenyek\/20110611-InterEUogp-maribor\/110611olimpiciGPslo_mB.pdf\" target=\"_blank\">T\u00f6rpici \/ Mini<\/a><\/li>\n<li><a href=\"http:\/\/www.olimpici.hu\/sites\/attachments\/eredmenyek\/20110611-InterEUogp-maribor\/110611olimpiciGPslo_kB.pdf\" target=\"_blank\">Gyermek \/ Kid<\/a><\/li>\n<li><a href=\"http:\/\/www.olimpici.hu\/sites\/attachments\/eredmenyek\/20110611-InterEUogp-maribor\/110611olimpiciGPslo_nB.pdf\" target=\"_blank\">\u00dajonc \/ Novices<\/a><\/li>\n<li><a href=\"http:\/\/www.olimpici.hu\/sites\/attachments\/eredmenyek\/20110611-InterEUogp-maribor\/110611olimpiciGPslo_aB.pdf\" target=\"_blank\">Serd\u00fcl\u0151 \/Adolescent<\/a><\/li>\n<\/ul>\n<\/td>\n<td style=\"text-align: center;\"><strong>Le\u00e1nyok \/ Girls<\/strong>&nbsp;<\/p>\n<ul>\n<li><a href=\"http:\/\/www.olimpici.hu\/sites\/attachments\/eredmenyek\/20110611-InterEUogp-maribor\/110611olimpiciGPslo_mG.pdf\" target=\"_blank\">T\u00f6rpici \/ Mini<\/a><\/li>\n<li><a href=\"http:\/\/www.olimpici.hu\/sites\/attachments\/eredmenyek\/20110611-InterEUogp-maribor\/110611olimpiciGPslo_kG.pdf\" target=\"_blank\">Gyermek \/ Kid<\/a><\/li>\n<li><a href=\"http:\/\/www.olimpici.hu\/sites\/attachments\/eredmenyek\/20110611-InterEUogp-maribor\/110611olimpiciGPslo_nG.pdf\" target=\"_blank\">\u00dajonc \/ Novices<\/a><\/li>\n<li><a href=\"http:\/\/www.olimpici.hu\/sites\/attachments\/eredmenyek\/20110611-InterEUogp-maribor\/110611olimpiciGPslo_aG.pdf\" target=\"_blank\">Serd\u00fcl\u0151 \/Adolescent<\/a><\/li>\n<\/ul>\n<\/td>\n<\/tr>\n<\/tbody>\n<\/table>\n<table class=\"gp_results\" border=\"0\">\n<tbody>\n<tr>\n<th colspan=\"2\" scope=\"col\"> GP5 &#8211; Csaba Kupa \/ GP5 &#8211; Csaba Cup<br \/>\n2011&#8217;05.13-14-15.<\/th>\n<\/tr>\n<tr>\n<td style=\"text-align: center;\"><strong>Fi\u00fak \/ Boys<\/strong>&nbsp;<\/p>\n<ul>\n<li><a href=\"http:\/\/www.olimpici.hu\/sites\/attachments\/eredmenyek\/20110513-gp5-bcs\/110514_olimpiciGP5_tpF.pdf\" target=\"_blank\">T\u00f6rpici \/ Mini<\/a><\/li>\n<li><a href=\"http:\/\/www.olimpici.hu\/sites\/attachments\/eredmenyek\/20110513-gp5-bcs\/110513_olimpiciGP5_gyF.pdf\" target=\"_blank\">Gyermek \/ Kid<\/a><\/li>\n<li><a href=\"http:\/\/www.olimpici.hu\/sites\/attachments\/eredmenyek\/20110513-gp5-bcs\/110514_olimpiciGP5_ujF.pdf\" target=\"_blank\">\u00dajonc \/ Novices<\/a><\/li>\n<li><a href=\"http:\/\/www.olimpici.hu\/sites\/attachments\/eredmenyek\/20110513-gp5-bcs\/110515_olimpiciGP5_serF.pdf\" target=\"_blank\">Serd\u00fcl\u0151 \/Adolescent<\/a><\/li>\n<\/ul>\n<\/td>\n<td style=\"text-align: center;\"><strong>Le\u00e1nyok \/ Girls<\/strong>&nbsp;<\/p>\n<ul>\n<li><a href=\"http:\/\/www.olimpici.hu\/sites\/attachments\/eredmenyek\/20110513-gp5-bcs\/110514_olimpiciGP5_tpL.pdf\" target=\"_blank\">T\u00f6rpici \/ Mini<\/a><\/li>\n<li><a href=\"http:\/\/www.olimpici.hu\/sites\/attachments\/eredmenyek\/20110513-gp5-bcs\/110513_olimpiciGP5_gyL.pdf\" target=\"_blank\">Gyermek \/ Kid<\/a><\/li>\n<li><a href=\"http:\/\/www.olimpici.hu\/sites\/attachments\/eredmenyek\/20110513-gp5-bcs\/110514_olimpiciGP5_ujL.pdf\" target=\"_blank\">\u00dajonc \/ Novices<\/a><\/li>\n<li><a href=\"http:\/\/www.olimpici.hu\/sites\/attachments\/eredmenyek\/20110513-gp5-bcs\/110515_olimpiciGP5_serL.pdf\" target=\"_blank\">Serd\u00fcl\u0151 \/Adolescent<\/a><\/li>\n<\/ul>\n<\/td>\n<\/tr>\n<\/tbody>\n<\/table>\n<table class=\"gp_results\" border=\"0\">\n<tbody>\n<tr>\n<th colspan=\"2\" scope=\"col\"> GP4 &#8211; PTE-PEAC Kupa \/ GP4 &#8211; PTE-PEAC Cup<br \/>\n2011&#8217;04.01-02-03.<\/th>\n<\/tr>\n<tr>\n<td style=\"text-align: center;\"><strong>Fi\u00fak \/ Boys<\/strong>&nbsp;<\/p>\n<ul>\n<li><a href=\"http:\/\/www.olimpici.hu\/sites\/attachments\/eredmenyek\/20110401-gp4-pecs\/110402_olimpiciGP4_tpF.pdf\" target=\"_blank\">T\u00f6rpici \/ Mini<\/a><\/li>\n<li><a href=\"http:\/\/www.olimpici.hu\/sites\/attachments\/eredmenyek\/20110401-gp4-pecs\/110401_olimpiciGP4_gyF.pdf\" target=\"_blank\">Gyermek \/ Kid<\/a><\/li>\n<li><a href=\"http:\/\/www.olimpici.hu\/sites\/attachments\/eredmenyek\/20110401-gp4-pecs\/110402_olimpiciGP4_ujF.pdf\" target=\"_blank\">\u00dajonc \/ Novices<\/a><\/li>\n<li><a href=\"http:\/\/www.olimpici.hu\/sites\/attachments\/eredmenyek\/20110401-gp4-pecs\/110403_olimpiciGP4_serF.pdf\" target=\"_blank\">Serd\u00fcl\u0151 \/Adolescent<\/a><\/li>\n<\/ul>\n<\/td>\n<td style=\"text-align: center;\"><strong>Le\u00e1nyok \/ Girls<\/strong>&nbsp;<\/p>\n<ul>\n<li><a href=\"http:\/\/www.olimpici.hu\/sites\/attachments\/eredmenyek\/20110401-gp4-pecs\/110402_olimpiciGP4_tpL.pdf\" target=\"_blank\">T\u00f6rpici \/ Mini<\/a><\/li>\n<li><a href=\"http:\/\/www.olimpici.hu\/sites\/attachments\/eredmenyek\/20110401-gp4-pecs\/110401_olimpiciGP4_gyL.pdf\" target=\"_blank\">Gyermek \/ Kid<\/a><\/li>\n<li><a href=\"http:\/\/www.olimpici.hu\/sites\/attachments\/eredmenyek\/20110401-gp4-pecs\/110402_olimpiciGP4_ujL.pdf\" target=\"_blank\">\u00dajonc \/ Novices<\/a><\/li>\n<li><a href=\"http:\/\/www.olimpici.hu\/sites\/attachments\/eredmenyek\/20110401-gp4-pecs\/110403_olimpiciGP4_serL.pdf\" target=\"_blank\">Serd\u00fcl\u0151 \/Adolescent<\/a><\/li>\n<\/ul>\n<\/td>\n<\/tr>\n<\/tbody>\n<\/table>\n<table class=\"gp_results\" border=\"0\">\n<tbody>\n<tr>\n<th colspan=\"2\" scope=\"col\"> GP3 &#8211; Balaton Kupa \/ GP3 &#8211; Balaton Cup<br \/>\n2011&#8217;02.25-26-27.<\/th>\n<\/tr>\n<tr>\n<td style=\"text-align: center;\"><strong>Fi\u00fak \/ Boys<\/strong>&nbsp;<\/p>\n<ul>\n<li><a href=\"http:\/\/www.olimpici.hu\/sites\/attachments\/eredmenyek\/20110225-gp3-balaton\/110226_olimpiciGP3_tpF.pdf\" target=\"_blank\">T\u00f6rpici \/ Mini<\/a><\/li>\n<li><a href=\"http:\/\/www.olimpici.hu\/sites\/attachments\/eredmenyek\/20110225-gp3-balaton\/110225_olimpiciGP3_gyF.pdf\" target=\"_blank\">Gyermek \/ Kid<\/a><\/li>\n<li><a href=\"http:\/\/www.olimpici.hu\/sites\/attachments\/eredmenyek\/20110225-gp3-balaton\/110226_olimpiciGP3_ujF.pdf\" target=\"_blank\">\u00dajonc \/ Novices<\/a><\/li>\n<li><a href=\"http:\/\/www.olimpici.hu\/sites\/attachments\/eredmenyek\/20110225-gp3-balaton\/110227_olimpiciGP3_serF.pdf\" target=\"_blank\">Serd\u00fcl\u0151 \/Adolescent<\/a><\/li>\n<\/ul>\n<\/td>\n<td style=\"text-align: center;\"><strong>Le\u00e1nyok \/ Girls<\/strong>&nbsp;<\/p>\n<ul>\n<li><a href=\"http:\/\/www.olimpici.hu\/sites\/attachments\/eredmenyek\/20110225-gp3-balaton\/110226_olimpiciGP3_tpL.pdf\" target=\"_blank\">T\u00f6rpici \/ Mini<\/a><\/li>\n<li><a href=\"http:\/\/www.olimpici.hu\/sites\/attachments\/eredmenyek\/20110225-gp3-balaton\/110225_olimpiciGP3_gyL.pdf\" target=\"_blank\">Gyermek \/ Kid<\/a><\/li>\n<li><a href=\"http:\/\/www.olimpici.hu\/sites\/attachments\/eredmenyek\/20110225-gp3-balaton\/110226_olimpiciGP3_ujL.pdf\" target=\"_blank\">\u00dajonc \/ Novices<\/a><\/li>\n<li><a href=\"http:\/\/www.olimpici.hu\/sites\/attachments\/eredmenyek\/20110225-gp3-balaton\/110227_olimpiciGP3_serL.pdf\" target=\"_blank\">Serd\u00fcl\u0151 \/Adolescent<\/a><\/li>\n<\/ul>\n<\/td>\n<\/tr>\n<\/tbody>\n<\/table>\n<table class=\"gp_results\" border=\"0\">\n<tbody>\n<tr>\n<th colspan=\"2\" scope=\"col\"> GP2 &#8211; Szolnok Kupa \/ GP2 &#8211; Szolnok Cup<br \/>\n2010&#8217;12.17-18-19.<\/th>\n<\/tr>\n<tr>\n<td style=\"text-align: center;\"><strong>Fi\u00fak \/ Boys<\/strong>&nbsp;<\/p>\n<ul>\n<li><a href=\"http:\/\/www.olimpici.hu\/sites\/attachments\/eredmenyek\/20101217-gp2-szolnok\/101218_olimpiciGP2_tpF.pdf\" target=\"_blank\">T\u00f6rpici \/ Mini<\/a><\/li>\n<li><a href=\"http:\/\/www.olimpici.hu\/sites\/attachments\/eredmenyek\/20101217-gp2-szolnok\/101217_olimpiciGP2_gyF.pdf\" target=\"_blank\">Gyermek \/ Kid<\/a><\/li>\n<li><a href=\"http:\/\/www.olimpici.hu\/sites\/attachments\/eredmenyek\/20101217-gp2-szolnok\/101218_olimpiciGP2_ujF.pdf\" target=\"_blank\">\u00dajonc \/ Novices<\/a><\/li>\n<li><a href=\"http:\/\/www.olimpici.hu\/sites\/attachments\/eredmenyek\/20101217-gp2-szolnok\/101219_olimpiciGP2_serF.pdf\" target=\"_blank\">Serd\u00fcl\u0151 \/Adolescent<\/a><\/li>\n<\/ul>\n<\/td>\n<td style=\"text-align: center;\"><strong>Le\u00e1nyok \/ Girls<\/strong>&nbsp;<\/p>\n<ul>\n<li><a href=\"http:\/\/www.olimpici.hu\/sites\/attachments\/eredmenyek\/20101217-gp2-szolnok\/101218_olimpiciGP2_tpL.pdf\" target=\"_blank\">T\u00f6rpici \/ Mini<\/a><\/li>\n<li><a href=\"http:\/\/www.olimpici.hu\/sites\/attachments\/eredmenyek\/20101217-gp2-szolnok\/101217_olimpiciGP2_gyL.pdf\" target=\"_blank\">Gyermek \/ Kid<\/a><\/li>\n<li><a href=\"http:\/\/www.olimpici.hu\/sites\/attachments\/eredmenyek\/20101217-gp2-szolnok\/101218_olimpiciGP2_ujL.pdf\" target=\"_blank\">\u00dajonc \/ Novices<\/a><\/li>\n<li><a href=\"http:\/\/www.olimpici.hu\/sites\/attachments\/eredmenyek\/20101217-gp2-szolnok\/101219_olimpiciGP2_serL.pdf\" target=\"_blank\">Serd\u00fcl\u0151 \/Adolescent<\/a><\/li>\n<\/ul>\n<\/td>\n<\/tr>\n<\/tbody>\n<\/table>\n<table class=\"gp_results\" border=\"0\">\n<tbody>\n<tr>\n<th colspan=\"2\" scope=\"col\"> GP1 &#8211; Debrecen Kupa \/ GP1 &#8211; Debrecen Cup<br \/>\n2010&#8217;10.22-23-24.<\/th>\n<\/tr>\n<tr>\n<td style=\"text-align: center;\"><strong>Fi\u00fak \/ Boys<\/strong>&nbsp;<\/p>\n<ul>\n<li><a href=\"http:\/\/www.olimpici.hu\/sites\/attachments\/eredmenyek\/20101022-gp1-debrecen\/101023_olimpiciGP1_tpF.pdf\" target=\"_blank\">T\u00f6rpici \/ Mini<\/a><\/li>\n<li><a href=\"http:\/\/www.olimpici.hu\/sites\/attachments\/eredmenyek\/20101022-gp1-debrecen\/101022_olimpiciGP1_gyF.pdf\" target=\"_blank\">Gyermek \/ Kid<\/a><\/li>\n<li><a href=\"http:\/\/www.olimpici.hu\/sites\/attachments\/eredmenyek\/20101022-gp1-debrecen\/101023_olimpiciGP1_ujF.pdf\" target=\"_blank\">\u00dajonc \/ Novices<\/a><\/li>\n<li><a href=\"http:\/\/www.olimpici.hu\/sites\/attachments\/eredmenyek\/20101022-gp1-debrecen\/101024_olimpiciGP1_serF.pdf\" target=\"_blank\">Serd\u00fcl\u0151 \/Adolescent<\/a><\/li>\n<\/ul>\n<\/td>\n<td style=\"text-align: center;\"><strong>Le\u00e1nyok \/ Girls<\/strong>&nbsp;<\/p>\n<ul>\n<li><a href=\"http:\/\/www.olimpici.hu\/sites\/attachments\/eredmenyek\/20101022-gp1-debrecen\/101024_olimpiciGP1_tpL.pdf\" target=\"_blank\">T\u00f6rpici \/ Mini<\/a><\/li>\n<li><a href=\"http:\/\/www.olimpici.hu\/sites\/attachments\/eredmenyek\/20101022-gp1-debrecen\/101022_olimpiciGP1_gyL.pdf\" target=\"_blank\">Gyermek \/ Kid<\/a><\/li>\n<li><a href=\"http:\/\/www.olimpici.hu\/sites\/attachments\/eredmenyek\/20101022-gp1-debrecen\/101023_olimpiciGP1_ujL.pdf\" target=\"_blank\">\u00dajonc \/ Novices<\/a><\/li>\n<li><a href=\"http:\/\/www.olimpici.hu\/sites\/attachments\/eredmenyek\/20101022-gp1-debrecen\/101024_olimpiciGP1_serL.pdf\" target=\"_blank\">Serd\u00fcl\u0151 \/Adolescent<\/a><\/li>\n<\/ul>\n<\/td>\n<\/tr>\n<\/tbody>\n<\/table>\n","protected":false},"excerpt":{"rendered":"<p>GP &#8211; Orsz\u00e1gos Bajnoks\u00e1g, B\u00fck 2011&#8217;06.16-21. Fi\u00fak&nbsp; T\u00f6rpici(egy\u00e9ni&amp;csapat) Gyermek(egy\u00e9ni&amp;csapat) \u00dajonc(egy\u00e9ni&amp;csapat) Serd\u00fcl\u0151(egy\u00e9ni&amp;csapat) Le\u00e1nyok&nbsp; T\u00f6rpici(egy\u00e9ni&amp;csapat) Gyermek(egy\u00e9ni&amp;csapat) \u00dajonc(egy\u00e9ni&amp;csapat) Serd\u00fcl\u0151(egy\u00e9ni&amp;csapat) 3. Inter-Eur\u00f3pai Olimpici Csapat GP \/ 3rd Inter-European Olimpici Team GP 2011&#8217;05.12. Fi\u00fak \/ Boys&nbsp; T\u00f6rpici \/ Mini Gyermek \/ Kid \u00dajonc \/ Novices Serd\u00fcl\u0151 \/Adolescent Le\u00e1nyok \/ Girls&nbsp; T\u00f6rpici nem volt \/ Mini -no event Gyermek \/ Kid&hellip;&nbsp;<a href=\"https:\/\/www.olimpici.hu\/?page_id=295\" class=\"\" rel=\"bookmark\">Read More &raquo;<span class=\"screen-reader-text\">GP-eredm\u00e9nyek\/results 2010\/2011<\/span><\/a><\/p>\n","protected":false},"author":2,"featured_media":0,"parent":6,"menu_order":5,"comment_status":"open","ping_status":"open","template":"","meta":{"neve_meta_sidebar":"","neve_meta_container":"","neve_meta_enable_content_width":"","neve_meta_content_width":0,"neve_meta_title_alignment":"","neve_meta_author_avatar":"","neve_post_elements_order":"","neve_meta_disable_header":"","neve_meta_disable_footer":"","neve_meta_disable_title":"","footnotes":""},"_links":{"self":[{"href":"https:\/\/www.olimpici.hu\/index.php?rest_route=\/wp\/v2\/pages\/295"}],"collection":[{"href":"https:\/\/www.olimpici.hu\/index.php?rest_route=\/wp\/v2\/pages"}],"about":[{"href":"https:\/\/www.olimpici.hu\/index.php?rest_route=\/wp\/v2\/types\/page"}],"author":[{"embeddable":true,"href":"https:\/\/www.olimpici.hu\/index.php?rest_route=\/wp\/v2\/users\/2"}],"replies":[{"embeddable":true,"href":"https:\/\/www.olimpici.hu\/index.php?rest_route=%2Fwp%2Fv2%2Fcomments&post=295"}],"version-history":[{"count":20,"href":"https:\/\/www.olimpici.hu\/index.php?rest_route=\/wp\/v2\/pages\/295\/revisions"}],"predecessor-version":[{"id":404,"href":"https:\/\/www.olimpici.hu\/index.php?rest_route=\/wp\/v2\/pages\/295\/revisions\/404"}],"up":[{"embeddable":true,"href":"https:\/\/www.olimpici.hu\/index.php?rest_route=\/wp\/v2\/pages\/6"}],"wp:attachment":[{"href":"https:\/\/www.olimpici.hu\/index.php?rest_route=%2Fwp%2Fv2%2Fmedia&parent=295"}],"curies":[{"name":"wp","href":"https:\/\/api.w.org\/{rel}","templated":true}]}}