{"id":3,"date":"2007-10-24T21:52:17","date_gmt":"2007-10-24T19:52:17","guid":{"rendered":"http:\/\/www.olimpici.hu\/blog\/?page_id=3"},"modified":"2019-12-25T13:53:04","modified_gmt":"2019-12-25T11:53:04","slug":"in-english","status":"publish","type":"page","link":"https:\/\/www.olimpici.hu\/?page_id=3","title":{"rendered":"IN ENGLISH"},"content":{"rendered":"<h5 style=\"text-align: center;\"><span style=\"color: #333333;\">Welcome to the English web page of the Hungarian Olimipici Grand Prix competition serie!<\/span><\/h5>\n<p>\u00a0<\/p>\n<p><strong><span style=\"color: #ff0000;\">If you still have any questions<\/span><span style=\"color: #ff0000;\"> and you can&#8217;t find the answer on this page, please feel free to reach out if you need any help. We would be more than delighted to help you with any questions or problems!<\/span><\/strong><\/p>\n<p><strong><span style=\"color: #0000ff;\">EMAIL:<\/span><\/strong> olimpicigp@gmail.com<\/p>\n<p><a href=\"https:\/\/www.facebook.com\/OlimpiciEpeeGrandPrix\/\"><strong><span style=\"color: #0000ff;\">MESSAGE US ON FACEBOOK<\/span><\/strong><\/a><\/p>\n<p>\u00a0<\/p>\n<h5><strong><span style=\"color: #000000;\">To navigate to other parts of our site use the following menu:<\/span><\/strong><\/h5>\n<p class=\"page_subtitle\"><strong><a title=\"news\" href=\"http:\/\/www.olimpici.hu\/?cat=3\"><span style=\"color: #ff0000;\">NEWS<\/span><\/a> <strong>|<\/strong> <a href=\"http:\/\/www.olimpici.hu\/?page_id=6\">GP-results<\/a> | <a href=\"http:\/\/www.olimpici.hu\/?page_id=7\">GP-ranking list<\/a> | <a href=\"http:\/\/www.olimpici.hu\/?page_id=8\">photo-galleries<\/a><\/strong><\/p>\n<p class=\"page_subtitle\"><span style=\"color: #ff0000;\"><span style=\"color: #000000;\">Please<\/span> <strong>READ NEWS <\/strong><span style=\"color: #000000;\">for <em><span style=\"color: #ff9900;\">current &amp; fresh<\/span> <span style=\"color: #ff9900;\">information<\/span><\/em>!<br \/><\/span><\/span><\/p>\n<p>\u00a0<\/p>\n<p><strong><span style=\"color: #000000;\"><em>And know let&#8217;s begin our discovery tour!<\/em><\/span><\/strong><\/p>\n<p class=\"page_subtitle\"><strong>Welcome to the world of OLIMPICI Grand Prix<\/strong><\/p>\n<p class=\"page_subtitle\">The Olimpici Team&#8217;s goal would be to extend Olimpici Grand Prix competition serie to an international competition-serie!\u00a0<\/p>\n<p>We would like to <strong><span style=\"color: #ff0000;\">invite YOU<\/span><\/strong> to our competitions where you can find a <strong><span style=\"color: #ff6600;\">friendly, welcoming\u00a0<\/span> <\/strong>but at the same time <strong><span style=\"color: #ff0000;\">highly competitive<\/span> <span style=\"color: #ff0000;\">environment<\/span><\/strong>.\u00a0<\/p>\n<p><strong>Olimpici Grand Prix competitions in the season of 2019\/2020:<br \/><\/strong><span style=\"color: #003366;\">(Details are coming as date of events are approaching.)<\/span><\/p>\n<p>GP1: 22\u201323\u201324. of November, 2019. \u2013 Hajd\u00fahadh\u00e1z<br \/>(near to Debrecen)<br \/>GP2: 13\u201314\u201315. of December, 2019. \u2013 Szolnok<br \/>GP3: 24\u201325\u201326. of January, 2020. \u2013 Budapest<br \/>GP4: 13\u201314\u201315. of March, 2020. \u2013 B\u00fck (near to Szombathely)<br \/>GP5: 08\u201309\u201310. of May, 2020. \u2013 B\u00e9k\u00e9scsaba<br \/>GP-Hungarian Champ.: 13\u201318. of June, 2020. \u2013 Balaton<br \/>(This is the National Championship \u2013 only for fencers from Hungarian sport clubs)<\/p>\n<p>&#8212;&#8212;&#8212;&#8212;&#8212;&#8212;&#8212;&#8212;&#8212;&#8212;&#8212;&#8212;&#8212;&#8212;&#8212;&#8212;&#8212;&#8212;&#8212;&#8212;&#8212;&#8212;&#8211;<br \/><strong>Grand Prix 1.<br \/>Competition of Remembrance of F\u00fcl\u00f6p Gyula<\/strong><br \/><strong><span style=\"color: #99cc00;\">22\u201323\u201324. of November 2019.<\/span><\/strong><br \/><span style=\"color: #00ccff;\"><a style=\"color: #00ccff;\" href=\"http:\/\/olimpici.hu\/sites\/attachments\/2019-2020_inv_gp1debrecen_en.pdf\"><strong>Invitation of competition<\/strong> \u00a0<\/a><\/span><strong><br \/><span style=\"font-weight: normal;\">Sporthall of Bocskai Istv\u00e1n Bilingual Primary School<br \/><\/span><span style=\"font-weight: normal;\">(Bocskai Istv\u00e1n K\u00e9t Tan\u00edt\u00e1si Nyelv\u0171 \u00c1ltal\u00e1nos Iskola Sportcsarnoka)<br \/><\/span><span style=\"font-weight: normal;\">4242 Hajd\u00fahadh\u00e1z, Szil\u00e1gyi D\u00e1niel u. 2\u20134.<br \/><\/span><span style=\"font-weight: normal;\">Host: B\u00c9KESSY DEBRECEN<\/span><\/strong><\/p>\n<p><strong>Grand Prix 2.<\/strong><br \/><strong>Szolnok Cup<\/strong><br \/><strong><span style=\"color: #99cc00;\">13\u201314\u201315 of December 2019.<\/span><\/strong><br \/><span style=\"color: #0000ff;\"><span style=\"color: #999999;\"><strong><span style=\"color: #00ccff;\"><a style=\"color: #00ccff;\" href=\"http:\/\/olimpici.hu\/sites\/attachments\/2019-2020_inv_gp2szolnok_eng.pdf\"><span style=\"color: #00ccff;\"> Invitation of competition<\/span><\/a><\/span><br \/><\/strong><\/span><strong><span style=\"color: #999999;\">Facebook event<\/span><br \/><\/strong><\/span>\u2013 Sporthall of Sz\u00e9chenyi High School<br \/>(Sz\u00e9chenyi Istv\u00e1n Gimn\u00e1zium Sportcsarnoka)<br \/>5000 Szolnok, Sz\u00e9chenyi krt. 16.<br \/>\u2013\u00a0Green House Gym Hall Z\u00f6ld H\u00e1z tornaterem)<br \/>5000 Szolnok, Karczag L. u. 2. (Mini boy and girl competitions)<br \/>Host: Szolnoki Sportcentrum Nonprofit Kft.<\/p>\n<p><strong>Grand Prix 3.<br \/><\/strong><strong>Competition of Remembrance of Gy\u0151z\u0151 Kulcs\u00e1r<br \/><span style=\"color: #99cc00;\">24\u201325\u201326. January 2020.<\/span><\/strong><br \/><span style=\"color: #0000ff;\"><span style=\"color: #00ccff;\"><strong><a style=\"color: #00ccff;\" href=\"http:\/\/olimpici.hu\/sites\/attachments\/2019-2020_inv_gp3bp_eng.pdf\"> Invitation of competition<\/a>\u00a0<\/strong><\/span><br \/><strong><span style=\"color: #999999;\">Facebook event<\/span><br \/><\/strong><\/span>VASAS SC K\u00e9zilabda Csarnok \/ Handball Hall of VASAS SC<br \/>1139 Budapest, F\u00e1y u. 58. (Entrance is from Hajd\u00fa utca)<br \/>Host: VASAS SC<\/p>\n<p><strong>Grand Prix 4.<\/strong><br \/><strong>B\u00fckf\u00fcrd\u0151 Cup<\/strong><strong><br \/><span style=\"color: #99cc00;\"><strong>13\u201314-15. March 2020.<\/strong><\/span><br \/><span style=\"color: #999999;\">Invitation of competition<br \/><\/span><\/strong><span style=\"color: #0000ff;\"><strong><strong><span style=\"color: #999999;\">Facebook event<\/span><br \/><\/strong><\/strong><\/span>Cultural and Sport Centre \u2013\u00a0M\u0171vel\u0151d\u00e9si \u00e9s Sportk\u00f6zpont<br \/>B\u00fck \u2013 9737 B\u00fck, E\u00f6tv\u00f6s u. 11.<br \/>Host: Szombathelyi V\u00edv\u00f3akad\u00e9mia Sportegyes\u00fclet (SZVASE)<br \/>(Fencing Academy Sport Club of Szombathely)<\/p>\n<p><strong>Grand Prix 5.<br \/>Csaba Cup<\/strong><strong><br \/><span style=\"color: #99cc00;\">08\u201309\u201310. May 2020.<\/span><br \/><span style=\"color: #999999;\">Invitation of competition <br \/><\/span><\/strong><strong><span style=\"color: #0000ff;\"><span style=\"color: #999999;\">Facebook event<\/span><br \/><\/span><span style=\"font-weight: normal;\">Town Sporthall and Fencing Hall of B\u00e9k\u00e9scsaba<br \/><\/span><span style=\"font-weight: normal;\">5600 B\u00e9k\u00e9scsaba, Gyulai \u00fat 34.<br \/><\/span><span style=\"font-weight: normal;\">Host: Alf\u00f6ld V\u00edv\u00f3 Akad\u00e9mia<br \/><\/span><span style=\"font-weight: normal;\">(Lowland Fencing Academy)<\/span><\/strong><\/p>\n<p>&#8212;&#8212;&#8212;&#8212;&#8212;&#8212;&#8212;&#8212;&#8212;&#8212;&#8212;&#8212;&#8212;&#8212;&#8212;&#8212;&#8212;&#8212;&#8212;&#8212;&#8212;&#8212;&#8211;<\/p>\n<p><strong><br \/><strong>It is worth visiting us<br \/><\/strong><\/strong>Olimpici Grand Prix\u00a0 is a<strong><strong>\u00a0<\/strong><\/strong><strong><strong><span style=\"font-weight: normal;\">popular \u00e9p\u00e9e competition serie with a lot of competitors. Meanwhile the five different competition places in Hungary offer <\/span><\/strong><\/strong><strong><strong><span style=\"font-weight: normal;\">other leisure &amp; cultural programs for the young fencers, for their family and for their coaches.<br \/><\/span><\/strong><\/strong><strong><strong><strong><span style=\"font-weight: normal;\"><br \/><\/span><\/strong><\/strong><\/strong><\/p>\n<p style=\"font-weight: 400;\"><strong>About Olimpici GP<br \/><\/strong>Olimpici Grand Prix is a rather young but highly qualified competition serie in the world of Hungarian ep\u00e9e-fencing, launched in 2006. Gy\u0151z\u0151 Kulcs\u00e1r, our great fencing master and olympic champion has founded the Olimpici Public Benefit Foundation together with his enthusiastic team. The idea is based on a concept to give new stamina, competition environment for the upcoming generation of ep\u00e9e-fencers.<\/p>\n<p style=\"font-weight: 400;\"><strong>Age groups in the season of 2019\/2020:<\/strong><\/p>\n<p style=\"font-weight: 400;\"><span style=\"color: #00ccff;\"><strong>T\u00f6rpici \/ Minis <\/strong>(born after 01.01.2009.)<strong><br \/><\/strong><span style=\"color: #ff0000;\">They are not allowed to compete in other age groups!<\/span><br \/><strong>Gyermek \/ Kids <\/strong>(born between 01.01.2007. \u2013 31.12.2008.)<strong><br \/><\/strong><strong>\u00dajonc \/ Novices <\/strong>(born between 01.01.2006. \u2013 31.12.2008.)<strong><br \/><\/strong><strong>Serd\u00fcl\u0151 \/ Adolescents <\/strong>(born between 01.01.2005. \u2013 31.12.2008.)<\/span><\/p>\n<p style=\"font-weight: 400;\"><strong>Formula<br \/><\/strong>The participants can compete depending on their age in four age-categories created by the Olimpici Public Fundation. Now the structures could be more sensitive to the knowledge, experience in specific age-categories\u2026 plus, we created a new age-category for the real beginner but up-to-competition generation, called T\u00f6rpici, which means Mini fencer\u2026 <img decoding=\"async\" src=\"https:\/\/html-online.com\/editor\/tinymce4_6_5\/plugins\/emoticons\/img\/smiley-smile.gif\" alt=\"smile\" \/><\/p>\n<p style=\"font-weight: 400;\"><strong>Equipment<br \/><\/strong><span style=\"text-decoration: underline; color: #ff6600;\">General rules<\/span><br \/>According to the rules of the FIE and the Hungarian Fencing Federation fencers in all age groups have to armed with equipments match the general safety regulations: compulsory to wear underplastron with FIE label of 800 NW sign; mask, jacket and breeches with FIE label of 350 NW sign.<br \/><span style=\"text-decoration: underline; color: #ff6600;\">Masks<\/span><br \/>The <strong><span style=\"color: #ff0000;\">new safety fastening system of fencing masks<\/span><\/strong> <strong><span style=\"color: #ff0000;\">IS NOT NECESSARY<\/span><\/strong> for the diffrent age-categories of Olimpici GP.<\/p>\n<p style=\"text-align: center;\"><a href=\"https:\/\/www.olimpici.hu\/blog\/wp-content\/uploads\/2019\/09\/sss-e1568484113768.png\"><img loading=\"lazy\" decoding=\"async\" class=\"wp-image-5220 alignleft\" src=\"https:\/\/www.olimpici.hu\/blog\/wp-content\/uploads\/2019\/09\/sss-300x300.png\" alt=\"\" width=\"266\" height=\"266\" \/><\/a><\/p>\n<p style=\"text-align: center;\"><a href=\"https:\/\/www.olimpici.hu\/blog\/wp-content\/uploads\/2019\/09\/backstarp-1.png\"><img loading=\"lazy\" decoding=\"async\" class=\"wp-image-5219\" src=\"https:\/\/www.olimpici.hu\/blog\/wp-content\/uploads\/2019\/09\/backstarp-1-300x225.png\" alt=\"\" width=\"292\" height=\"219\" srcset=\"https:\/\/www.olimpici.hu\/blog\/wp-content\/uploads\/2019\/09\/backstarp-1-300x225.png 300w, https:\/\/www.olimpici.hu\/blog\/wp-content\/uploads\/2019\/09\/backstarp-1-768x576.png 768w, https:\/\/www.olimpici.hu\/blog\/wp-content\/uploads\/2019\/09\/backstarp-1.png 1024w\" sizes=\"(max-width: 292px) 100vw, 292px\" \/><\/a><\/p>\n<p>\u00a0<\/p>\n<p style=\"text-align: center;\"><em><strong><span style=\"color: #ff0000;\">TH<\/span><span style=\"color: #ff0000;\"><strong>E OL<\/strong>D AND NEW SAFETY FASTENING SYSTEM IS AUTHORIZED ON THE OLIMPICI GRAND PRIX COMPETITION SERIE!<\/span><\/strong><\/em><\/p>\n<p style=\"text-align: center;\"><strong><span style=\"color: #ff0000;\">THIS RULE APPLIES ONLY TO OLIMPICI GRAND PRIX COMPETITION SERIE!!!!!<\/span><\/strong><\/p>\n<p style=\"font-weight: 400;\">In Hungary the <strong><span style=\"color: #ff0000;\">NEW SYSTEM IS APPLIED for cadets, juniors and adults.<\/span><\/strong><\/p>\n<p style=\"font-weight: 400;\">Freightening patterns, individual paintwork, so basically every possible patterns, artworks are <strong><span style=\"color: #ff0000;\">NOT ALLOWED<\/span><\/strong> on masks!\u00a0<\/p>\n<p style=\"font-weight: 400; text-align: center;\"><strong><span style=\"color: #ff0000;\">THE EXCEPTION IS THE NATIONAL FALG WHICH IS OF COURSE ALLOWED ON MASKS!<\/span><\/strong><\/p>\n<p><span style=\"text-decoration: underline; color: #ff6600;\">Blades<\/span><br \/>In the Mini category, weapons must be fitted with<strong><span style=\"color: #ff0000;\"> blade size ZERO, and small bell guard.<\/span> This is compulsory! In other categories there is <span style=\"color: #ff0000;\">no restriction or rule about blade size<\/span>.<\/strong><\/p>\n<p style=\"font-weight: 400; text-align: left;\"><strong>The competition has irregular formulas<br \/>(Last update on 19 of October, 2018, still the same in the 2019\/2020 seaason):<\/strong><br \/><strong><br \/><span style=\"text-decoration: underline; color: #ff6600;\">Minis<\/span><br \/><\/strong>Two rounds, no elimination (4 hits, 1\u00d73 mins), 6\u20137 fencers in poules.<br \/>From the cumulative ranking list the first 32 fencers go onto tableau 32 \u2013 (10 hits, 2\u00d73 mins)<br \/>From place 33 competitors fence for placements in poules (4 hits, 1\u00d73 mins) in their third round with 3\/4\/5 fencers in poules.<\/p>\n<p style=\"font-weight: 400; text-align: left;\"><span style=\"color: #ff0000;\"><strong><span style=\"color: #ffffff;\">.<\/span><br \/>Weapons must be fitted with blade size ZERO, and small bell guard. This is compulsory!<\/strong><\/span><\/p>\n<h6><span style=\"color: #ff0000;\">We are sorry if those equipments are not available in your country, but this is the rule.<\/span> If your competitors really want to join this category, be sure they have got the right weapons. Those are available online, and PBT Fencing has exclusive dealers in several countries.<br \/>Check it out at\u00a0<a href=\"http:\/\/shop.pbtfencing.com\/\">http:\/\/shop.pbtfencing.com\/<\/a><\/h6>\n<p><strong><span style=\"color: #ffffff;\">.<\/span><br \/>Day&amp;Time of Mini competitions:<br \/><\/strong>(at each Olimpici GP if the invitation letter doesn\u2019t dispose differently)<strong><br \/>Saturday 11.00 Mini boys<br \/>Sunday 11.00 Mini girls<\/strong><\/p>\n<p style=\"font-weight: 400;\"><strong><span style=\"text-decoration: underline;\"><br \/><span style=\"color: #ff6600; text-decoration: underline;\">Kids<\/span><\/span><\/strong><br \/>2 rounds with elimination (5 hits, 1\u00d73 mins, 6\u20137 fencers).<br \/>Cumulative ranking list, 128 advances, the rest eliminates.<br \/>direct tableau 128 (10 hits, 2\u00d73 mins)<\/p>\n<p><span style=\"color: #ff0000;\"><strong>There is no restriction or rule about blade size!<\/strong><\/span><\/p>\n<p><strong>Day&amp;Time of Kid competitions:<br \/><\/strong>(at each Olimpici GP if the invitation letter doesn\u2019t dispose differently)<strong><br \/>Friday 10.00 Kid boys<br \/>Friday 14.00 Kid girls\u00a0\u00a0<\/strong><\/p>\n<p style=\"font-weight: 400;\"><strong><span style=\"text-decoration: underline;\"><br \/><span style=\"color: #ff6600; text-decoration: underline;\">Novices<\/span><\/span><br \/><\/strong>One round\u00a0(5 hits, 1\u00d73 mins, 6\u20137 fencers), no elimination!<br \/>Fencers go onto direct tableau\u00a0(15 hits, 3\u00d73 mins)<\/p>\n<p><span style=\"color: #ff0000;\"><strong>There is no restriction or rule about blade size.<\/strong><\/span><\/p>\n<p><strong>Day&amp;Time of Novice competitions:<br \/><\/strong>(at each Olimpici GP if the invitation letter doesn\u2019t dispose differently)<strong><br \/>Saturday 9.00 Novice boys<br \/>Saturday 14.00 Novice girls<\/strong><\/p>\n<p style=\"font-weight: 400;\"><strong><span style=\"text-decoration: underline;\"><br \/><span style=\"color: #ff6600; text-decoration: underline;\">Adolescents<\/span><\/span><br \/><\/strong>One round\u00a0(5 hits, 1\u00d73 mins, 6\u20137 fencers), 20% eliminates<br \/>Fencers go onto direct tableau\u00a0(15 hits, 3\u00d73 mins)<\/p>\n<p><strong><span style=\"color: #ff0000;\">There is no restriction or rule about blade size.<\/span><\/strong><\/p>\n<p><strong>Day&amp;Time of Adolescents competitions:<br \/><\/strong>(at each Olimpici GP if the invitation letter doesn\u2019t dispose differently.)<strong><br \/>Sunday 9.00 Adolescents boys<br \/>Sunday 13.00 Adolescents girls<\/strong><\/p>\n<p><strong><span style=\"color: #3366ff;\">Registration<\/span> <\/strong><br \/>1. Online entry registration: <span style=\"color: #ff0000;\">until 12.00 on the last Thursday before the actual GP.<\/span><br \/>2. Entry at the venue: <span style=\"color: #ff0000;\">at least half an hour before start of the actual competition<\/span> <span style=\"color: #ff0000;\">at a dedicated registration table.<\/span><\/p>\n<p>From the season of 2018\/19 foreign fencers <span style=\"color: #ff0000;\"><strong>MUST be registered online<\/strong><\/span> through<span style=\"color: #ff6600;\"> the info-system of the Hungarian Fencing Federation.<\/span><br \/><strong><span style=\"color: #ff0000;\">Individual registrations are not available anymore:<\/span><\/strong><br \/>national federations or sport clubs are titled to get online access to record competitors into the database of our events. All federations or clubs can have only one access, which is valid in the future. Please contact and negotiate with your federation or fellow clubs before asking new access.<br \/><span style=\"color: #0000ff;\"><strong>Access inquiry via e-mail:<\/strong> <\/span>registration@hunfencing.hu<br \/><span style=\"color: #0000ff;\"><strong>Access site:<\/strong>\u00a0<a href=\"http:\/\/www.nevezes.hunfencing.hu\/\">http:\/\/www.nevezes.hunfencing.hu\/<\/a><\/span><\/p>\n<p style=\"text-align: center;\"><strong><span style=\"color: #ff0000;\">Registration\u2019s deadline: until 12.00 on the last Thursday before the actual GP.<\/span><\/strong><\/p>\n<h6>Your data will not be used for reasons other than registration by Hungarian Fencing Federation, which promises not to share or sell your data with 3rd parties.<br \/>Entry registrations at the venue start an hour before the actual event at a dedicated desk in the Sport Hall. Final deadline of registration is strictly 30 minutes before the indicated start time of actual event. Please be in time, this is a competition which involves many people!<br \/>Please be sure that the ID of competitors are not taken from the registration desk after turning up, or paying the fee off, otherwise it is impossible for the DT to set the ID\u2019s owner into competition!<br \/>Fencers are expected to hold a valid license or competitor ID with a valid medical approbation, or photo ID which proofs date of birth. It can be passport, national ID or student card. If parents, coaches are worried of the risk loosing their passports, please bring other photo ID which also proofs date of birth.<\/h6>\n<p class=\"page_subtitle\"><a href=\"http:\/\/www.olimpici.hu\/?page_id=6\"><br \/>GP-results<\/a> | <a href=\"http:\/\/www.olimpici.hu\/?page_id=7\">GP-ranking list<\/a> | <a href=\"http:\/\/www.olimpici.hu\/?page_id=8\">photo-galleries<\/a> | <a title=\"news\" href=\"http:\/\/www.olimpici.hu\/?cat=3\" target=\"_blank\" rel=\"noopener noreferrer\"><span style=\"color: #ff0000;\">NEWS<\/span><\/a><\/p>\n\n\n<p><\/p>\n","protected":false},"excerpt":{"rendered":"<p>Welcome to the English web page of the Hungarian Olimipici Grand Prix competition serie! \u00a0 If you still have any questions and you can&#8217;t find the answer on this page, please feel free to reach out if you need any help. We would be more than delighted to help you with any questions or problems!&hellip;&nbsp;<a href=\"https:\/\/www.olimpici.hu\/?page_id=3\" class=\"\" rel=\"bookmark\">Read More &raquo;<span class=\"screen-reader-text\">IN ENGLISH<\/span><\/a><\/p>\n","protected":false},"author":2,"featured_media":0,"parent":0,"menu_order":0,"comment_status":"closed","ping_status":"closed","template":"","meta":{"neve_meta_sidebar":"","neve_meta_container":"","neve_meta_enable_content_width":"","neve_meta_content_width":0,"neve_meta_title_alignment":"","neve_meta_author_avatar":"","neve_post_elements_order":"","neve_meta_disable_header":"","neve_meta_disable_footer":"","neve_meta_disable_title":"","footnotes":""},"_links":{"self":[{"href":"https:\/\/www.olimpici.hu\/index.php?rest_route=\/wp\/v2\/pages\/3"}],"collection":[{"href":"https:\/\/www.olimpici.hu\/index.php?rest_route=\/wp\/v2\/pages"}],"about":[{"href":"https:\/\/www.olimpici.hu\/index.php?rest_route=\/wp\/v2\/types\/page"}],"author":[{"embeddable":true,"href":"https:\/\/www.olimpici.hu\/index.php?rest_route=\/wp\/v2\/users\/2"}],"replies":[{"embeddable":true,"href":"https:\/\/www.olimpici.hu\/index.php?rest_route=%2Fwp%2Fv2%2Fcomments&post=3"}],"version-history":[{"count":271,"href":"https:\/\/www.olimpici.hu\/index.php?rest_route=\/wp\/v2\/pages\/3\/revisions"}],"predecessor-version":[{"id":5477,"href":"https:\/\/www.olimpici.hu\/index.php?rest_route=\/wp\/v2\/pages\/3\/revisions\/5477"}],"wp:attachment":[{"href":"https:\/\/www.olimpici.hu\/index.php?rest_route=%2Fwp%2Fv2%2Fmedia&parent=3"}],"curies":[{"name":"wp","href":"https:\/\/api.w.org\/{rel}","templated":true}]}}