{"id":3501,"date":"2016-10-21T23:39:28","date_gmt":"2016-10-21T21:39:28","guid":{"rendered":"http:\/\/www.olimpici.hu\/?page_id=3501"},"modified":"2017-06-23T00:23:41","modified_gmt":"2017-06-22T22:23:41","slug":"gp-eredmenyekresults-20162017","status":"publish","type":"page","link":"https:\/\/www.olimpici.hu\/?page_id=3501","title":{"rendered":"GP-eredm\u00e9nyek\/results 2016\/2017"},"content":{"rendered":"<p>&nbsp;<\/p>\n<table class=\"gp_results\" border=\"0\">\n<tbody>\n<tr>\n<th colspan=\"2\" scope=\"col\">GP &#8211; Orsz\u00e1gos Bajnoks\u00e1g, Balatonf\u00fcred<br \/>\n<strong><span style=\"font-size: 13px; line-height: 19px;\">2017&#8217;06.16\u201321.<br \/>\n<\/span><\/strong><span style=\"font-size: 0.75em; font-weight: normal; line-height: 19px;\">Az OB \u00f6sszes eredm\u00e9ny\u00e9nek <\/span><a style=\"font-size: 0.75em; font-weight: normal; line-height: 19px;\" href=\"http:\/\/www.olimpici.hu\/sites\/attachments\/eredmenyek\/20170616-gpob-bfured\/170616-21OlimpiciGP-OB_Bfured.zip\" target=\"_blank\" rel=\"noopener noreferrer\">let\u00f6lt\u00e9se<\/a><span style=\"font-size: 0.75em; font-weight: normal; line-height: 19px;\"> ZIP-be t\u00f6m\u00f6r\u00edtve\u00a0<span style=\"color: #00ff00;\">\u2022<\/span><\/span><\/th>\n<\/tr>\n<tr>\n<td style=\"text-align: center;\"><strong>Fi\u00fak<\/strong><\/p>\n<ul>\n<li>T\u00f6rpici <a href=\"http:\/\/www.olimpici.hu\/sites\/attachments\/eredmenyek\/20170616-gpob-bfured\/170619_OlimpiciGPob_tpF.pdf\" target=\"_blank\" rel=\"noopener noreferrer\">egy\u00e9ni<\/a> <span style=\"color: #ff0000;\"><span style=\"color: #00ff00;\">\u2022<\/span> <span style=\"color: #000000;\">|<\/span><\/span> <a href=\"http:\/\/www.olimpici.hu\/sites\/attachments\/eredmenyek\/20170616-gpob-bfured\/170620_OlimpiciGPob_tpFcs.pdf\" target=\"_blank\" rel=\"noopener noreferrer\">csapat<\/a> <span style=\"color: #00ff00;\">\u2022<\/span><\/li>\n<li>Gyermek <a href=\"http:\/\/www.olimpici.hu\/sites\/attachments\/eredmenyek\/20170616-gpob-bfured\/170616_OlimpiciGPob_gyF.pdf\" target=\"_blank\" rel=\"noopener noreferrer\">egy\u00e9ni<\/a> <span style=\"color: #00ff00;\">\u2022 <\/span>|\u00a0<a href=\"http:\/\/www.olimpici.hu\/sites\/attachments\/eredmenyek\/20170616-gpob-bfured\/170617_OlimpiciGPob_gyFcs.pdf\" target=\"_blank\" rel=\"noopener noreferrer\">csapat<\/a> <span style=\"color: #00ff00;\">\u2022<\/span><\/li>\n<li>\u00dajonc <a href=\"http:\/\/www.olimpici.hu\/sites\/attachments\/eredmenyek\/20170616-gpob-bfured\/170618_OlimpiciGPob_ujF.pdf\" target=\"_blank\" rel=\"noopener noreferrer\">egy\u00e9ni<\/a> <span style=\"color: #00ff00;\">\u2022<\/span> |\u00a0<a href=\"http:\/\/www.olimpici.hu\/sites\/attachments\/eredmenyek\/20170616-gpob-bfured\/170619_OlimpiciGPob_ujFcs.pdf\" target=\"_blank\" rel=\"noopener noreferrer\">csapat<\/a> <span style=\"color: #00ff00;\">\u2022<\/span><\/li>\n<li>Serd\u00fcl\u0151 <a href=\"http:\/\/www.olimpici.hu\/sites\/attachments\/eredmenyek\/20170616-gpob-bfured\/170620_OlimpiciGPob_serF.pdf\" target=\"_blank\" rel=\"noopener noreferrer\">egy\u00e9ni<\/a> <span style=\"color: #00ff00;\">\u2022 <\/span>|\u00a0<a href=\"http:\/\/www.olimpici.hu\/sites\/attachments\/eredmenyek\/20170616-gpob-bfured\/170621_OlimpiciGPob_serFcs.pdf\" target=\"_blank\" rel=\"noopener noreferrer\">csapat<\/a> <span style=\"color: #00ff00;\">\u2022<\/span><\/li>\n<\/ul>\n<\/td>\n<td style=\"text-align: center;\"><strong>Le\u00e1nyok<\/strong><\/p>\n<ul>\n<li>T\u00f6rpici <a href=\"http:\/\/www.olimpici.hu\/sites\/attachments\/eredmenyek\/20170616-gpob-bfured\/170617_OlimpiciGPob_tpL.pdf\" target=\"_blank\" rel=\"noopener noreferrer\">egy\u00e9ni<\/a> <span style=\"color: #00ff00;\">\u2022 <\/span>|\u00a0<a href=\"http:\/\/www.olimpici.hu\/sites\/attachments\/eredmenyek\/20170616-gpob-bfured\/170618_OlimpiciGPob_tpLcs.pdf\" target=\"_blank\" rel=\"noopener noreferrer\">csapat<\/a> <span style=\"color: #00ff00;\">\u2022<\/span><\/li>\n<li>Gyermek <a href=\"http:\/\/www.olimpici.hu\/sites\/attachments\/eredmenyek\/20170616-gpob-bfured\/170616_OlimpiciGPob_gyL.pdf\" target=\"_blank\" rel=\"noopener noreferrer\">egy\u00e9ni<\/a> <span style=\"color: #00ff00;\">\u2022 <\/span>|\u00a0<a href=\"http:\/\/www.olimpici.hu\/sites\/attachments\/eredmenyek\/20170616-gpob-bfured\/170617_OlimpiciGPob_gyLcs.pdf\" target=\"_blank\" rel=\"noopener noreferrer\">csapat<\/a> <span style=\"color: #00ff00;\">\u2022<\/span><\/li>\n<li>\u00dajonc <a href=\"http:\/\/www.olimpici.hu\/sites\/attachments\/eredmenyek\/20170616-gpob-bfured\/170618_OlimpiciGPob_ujL.pdf\" target=\"_blank\" rel=\"noopener noreferrer\">egy\u00e9ni<\/a> <span style=\"color: #00ff00;\">\u2022 <\/span>|\u00a0<a href=\"http:\/\/www.olimpici.hu\/sites\/attachments\/eredmenyek\/20170616-gpob-bfured\/170619_OlimpiciGPob_ujLcs.pdf\" target=\"_blank\" rel=\"noopener noreferrer\">csapat<\/a> <span style=\"color: #00ff00;\">\u2022<\/span><\/li>\n<li>Serd\u00fcl\u0151 <a href=\"http:\/\/www.olimpici.hu\/sites\/attachments\/eredmenyek\/20170616-gpob-bfured\/170620_OlimpiciGPob_serL.pdf\" target=\"_blank\" rel=\"noopener noreferrer\">egy\u00e9ni<\/a> <span style=\"color: #00ff00;\">\u2022 <\/span>|\u00a0<a href=\"http:\/\/www.olimpici.hu\/sites\/attachments\/eredmenyek\/20170616-gpob-bfured\/170621_OlimpiciGPob_serLcs.pdf\" target=\"_blank\" rel=\"noopener noreferrer\">csapat<\/a> <span style=\"color: #00ff00;\">\u2022<\/span><\/li>\n<\/ul>\n<\/td>\n<\/tr>\n<\/tbody>\n<\/table>\n<table class=\"gp_results\" border=\"0\">\n<tbody>\n<tr>\n<th colspan=\"2\" scope=\"col\">Olimpici GP5 \u2013 Csaba Kupa\/Cup<br \/>\n2017&#8217;05. 12\u201313\u201314.<\/th>\n<\/tr>\n<tr>\n<td style=\"text-align: center;\"><strong>Fi\u00fak \/ Boys<\/strong><\/p>\n<ul>\n<li><a href=\"http:\/\/www.olimpici.hu\/sites\/attachments\/eredmenyek\/20170512-gp5-bcs\/170513_OlimpiciGP5_tpF.pdf\" target=\"_blank\" rel=\"noopener noreferrer\">T\u00f6rpici\/Mini<\/a> <span style=\"color: #00ff00;\">\u2022<\/span><\/li>\n<li><a href=\"http:\/\/www.olimpici.hu\/sites\/attachments\/eredmenyek\/20170512-gp5-bcs\/170512_OlimpiciGP5_gyF.pdf\" target=\"_blank\" rel=\"noopener noreferrer\">Gyermek\/Kid<\/a> <span style=\"color: #00ff00;\">\u2022<\/span><\/li>\n<li><a href=\"http:\/\/www.olimpici.hu\/sites\/attachments\/eredmenyek\/20170512-gp5-bcs\/170513_OlimpiciGP5_ujF.pdf\" target=\"_blank\" rel=\"noopener noreferrer\">\u00dajonc\/Novices<\/a> <span style=\"color: #00ff00;\">\u2022<\/span><\/li>\n<li><a href=\"http:\/\/www.olimpici.hu\/sites\/attachments\/eredmenyek\/20170512-gp5-bcs\/170514_OlimpiciGP5_serF.pdf\" target=\"_blank\" rel=\"noopener noreferrer\">Serd\u00fcl\u0151\/Adolescent<\/a><span style=\"color: #00ff00;\"> \u2022<\/span><\/li>\n<\/ul>\n<\/td>\n<td style=\"text-align: center;\"><strong>Le\u00e1nyok \/ Girls<\/strong><\/p>\n<ul>\n<li><a href=\"http:\/\/www.olimpici.hu\/sites\/attachments\/eredmenyek\/20170512-gp5-bcs\/170514_OlimpiciGP5_tpL.pdf\" target=\"_blank\" rel=\"noopener noreferrer\">T\u00f6rpici\/Mini<\/a> <span style=\"color: #00ff00;\">\u2022<\/span><\/li>\n<li><a href=\"http:\/\/www.olimpici.hu\/sites\/attachments\/eredmenyek\/20170512-gp5-bcs\/170512_OlimpiciGP5_gyL.pdf\" target=\"_blank\" rel=\"noopener noreferrer\">Gyermek\/Kid<\/a><span style=\"color: #00ff00;\"> \u2022<\/span><\/li>\n<li><a href=\"http:\/\/www.olimpici.hu\/sites\/attachments\/eredmenyek\/20170512-gp5-bcs\/170513_OlimpiciGP5_ujL.pdf\" target=\"_blank\" rel=\"noopener noreferrer\">\u00dajonc\/Novices<\/a> <span style=\"color: #00ff00;\">\u2022<\/span><\/li>\n<li><a href=\"http:\/\/www.olimpici.hu\/sites\/attachments\/eredmenyek\/20170512-gp5-bcs\/170514_OlimpiciGP5_serL.pdf\" target=\"_blank\" rel=\"noopener noreferrer\">Serd\u00fcl\u0151\/Adolescent<\/a> <span style=\"color: #00ff00;\">\u2022<\/span><\/li>\n<\/ul>\n<\/td>\n<\/tr>\n<\/tbody>\n<\/table>\n<p>&#8230;&#8230;..<\/p>\n<table class=\"gp_results\" border=\"0\">\n<tbody>\n<tr>\n<th colspan=\"2\" scope=\"col\">Olimpici GP4 \u2013 B\u00fckf\u00fcrd\u0151 Kupa\/Cup<br \/>\n2017&#8217;03. 10\u201311\u201312.<\/th>\n<\/tr>\n<tr>\n<td style=\"text-align: center;\"><strong>Fi\u00fak \/ Boys<\/strong><\/p>\n<ul>\n<li><a href=\"http:\/\/www.olimpici.hu\/sites\/attachments\/eredmenyek\/20170310-gp4-buk\/170311_OlimpiciGP4_tpF.pdf\" target=\"_blank\" rel=\"noopener noreferrer\">T\u00f6rpici\/Mini<\/a> <span style=\"color: #00ff00;\">\u2022<\/span><\/li>\n<li><a href=\"http:\/\/www.olimpici.hu\/sites\/attachments\/eredmenyek\/20170310-gp4-buk\/170310_OlimpiciGP4_gyF.pdf\" target=\"_blank\" rel=\"noopener noreferrer\">Gyermek\/Kid<\/a> <span style=\"color: #00ff00;\">\u2022<\/span><\/li>\n<li><a href=\"http:\/\/www.olimpici.hu\/sites\/attachments\/eredmenyek\/20170310-gp4-buk\/170311_OlimpiciGP4_ujF.pdf\" target=\"_blank\" rel=\"noopener noreferrer\">\u00dajonc\/Novices<\/a> <span style=\"color: #00ff00;\">\u2022<\/span><\/li>\n<li><a href=\"http:\/\/www.olimpici.hu\/sites\/attachments\/eredmenyek\/20170310-gp4-buk\/170312_OlimpiciGP4_serF.pdf\" target=\"_blank\" rel=\"noopener noreferrer\">Serd\u00fcl\u0151\/Adolescent<\/a><span style=\"color: #00ff00;\"> \u2022<\/span><\/li>\n<\/ul>\n<\/td>\n<td style=\"text-align: center;\"><strong>Le\u00e1nyok \/ Girls<\/strong><\/p>\n<ul>\n<li><a href=\"http:\/\/www.olimpici.hu\/sites\/attachments\/eredmenyek\/20170310-gp4-buk\/170312_OlimpiciGP4_tpL.pdf\" target=\"_blank\" rel=\"noopener noreferrer\">T\u00f6rpici\/Mini<\/a> <span style=\"color: #00ff00;\">\u2022<\/span><\/li>\n<li><a href=\"http:\/\/www.olimpici.hu\/sites\/attachments\/eredmenyek\/20170310-gp4-buk\/170310_OlimpiciGP4_gyL.pdf\" target=\"_blank\" rel=\"noopener noreferrer\">Gyermek\/Kid<\/a> <span style=\"color: #00ff00;\">\u2022<\/span><\/li>\n<li><a href=\"http:\/\/www.olimpici.hu\/sites\/attachments\/eredmenyek\/20170310-gp4-buk\/170311_OlimpiciGP4_ujL.pdf\" target=\"_blank\" rel=\"noopener noreferrer\">\u00dajonc\/Novices<\/a> <span style=\"color: #00ff00;\">\u2022<\/span><\/li>\n<li><a href=\"http:\/\/www.olimpici.hu\/sites\/attachments\/eredmenyek\/20170310-gp4-buk\/170312_OlimpiciGP4_serL.pdf\" target=\"_blank\" rel=\"noopener noreferrer\">Serd\u00fcl\u0151\/Adolescent<\/a> <span style=\"color: #00ff00;\">\u2022<\/span><\/li>\n<\/ul>\n<\/td>\n<\/tr>\n<\/tbody>\n<\/table>\n<p>&#8230;&#8230;..<\/p>\n<table class=\"gp_results\" border=\"0\">\n<tbody>\n<tr>\n<th colspan=\"2\" scope=\"col\">Olimpici GP3 \u2013 MOA Suli Kupa\/Cup<br \/>\n2017&#8217;01. 20\u201321\u201322.<\/th>\n<\/tr>\n<tr>\n<td style=\"text-align: center;\"><strong>Fi\u00fak \/ Boys<\/strong><\/p>\n<ul>\n<li><a href=\"http:\/\/www.olimpici.hu\/sites\/attachments\/eredmenyek\/20170120-gp3-budapest\/170121_OlimpiciGP3_tpF.pdf\" target=\"_blank\" rel=\"noopener noreferrer\">T\u00f6rpici\/Mini<\/a> <span style=\"color: #00ff00;\">\u2022<\/span><\/li>\n<li><a href=\"http:\/\/www.olimpici.hu\/sites\/attachments\/eredmenyek\/20170120-gp3-budapest\/170121_OlimpiciGP3_gyF.pdf\" target=\"_blank\" rel=\"noopener noreferrer\">Gyermek\/Kid<\/a> <span style=\"color: #00ff00;\">\u2022<\/span><\/li>\n<li><a href=\"http:\/\/www.olimpici.hu\/sites\/attachments\/eredmenyek\/20170120-gp3-budapest\/170120_OlimpiciGP3_ujF.pdf\" target=\"_blank\" rel=\"noopener noreferrer\">\u00dajonc\/Novices<\/a> <span style=\"color: #00ff00;\">\u2022<\/span><\/li>\n<li><a href=\"http:\/\/www.olimpici.hu\/sites\/attachments\/eredmenyek\/20170120-gp3-budapest\/170122_OlimpiciGP3_serF.pdf\" target=\"_blank\" rel=\"noopener noreferrer\">Serd\u00fcl\u0151\/Adolescent<\/a><span style=\"color: #00ff00;\"> \u2022<\/span><\/li>\n<\/ul>\n<\/td>\n<td style=\"text-align: center;\"><strong>Le\u00e1nyok \/ Girls<\/strong><\/p>\n<ul>\n<li><a href=\"http:\/\/www.olimpici.hu\/sites\/attachments\/eredmenyek\/20170120-gp3-budapest\/170122_OlimpiciGP3_tpL.pdf\" target=\"_blank\" rel=\"noopener noreferrer\">T\u00f6rpici\/Mini<\/a> <span style=\"color: #00ff00;\">\u2022<\/span><\/li>\n<li><a href=\"http:\/\/www.olimpici.hu\/sites\/attachments\/eredmenyek\/20170120-gp3-budapest\/170121_OlimpiciGP3_gyL.pdf\" target=\"_blank\" rel=\"noopener noreferrer\">Gyermek\/Kid<\/a> <span style=\"color: #00ff00;\">\u2022<\/span><\/li>\n<li><a href=\"http:\/\/www.olimpici.hu\/sites\/attachments\/eredmenyek\/20170120-gp3-budapest\/170120_OlimpiciGP3_ujL.pdf\" target=\"_blank\" rel=\"noopener noreferrer\">\u00dajonc\/Novices<\/a> <span style=\"color: #00ff00;\">\u2022<\/span><\/li>\n<li><a href=\"http:\/\/www.olimpici.hu\/sites\/attachments\/eredmenyek\/20170120-gp3-budapest\/170122_OlimpiciGP3_serL.pdf\" target=\"_blank\" rel=\"noopener noreferrer\">Serd\u00fcl\u0151\/Adolescent<\/a> <span style=\"color: #00ff00;\">\u2022<\/span><\/li>\n<\/ul>\n<\/td>\n<\/tr>\n<\/tbody>\n<\/table>\n<p>&#8230;&#8230;..<\/p>\n<table class=\"gp_results\" border=\"0\">\n<tbody>\n<tr>\n<th colspan=\"2\" scope=\"col\">GP2 Szolnok Kupa\/Cup<br \/>\n2016&#8217;12. 09\u201310\u201311.<\/th>\n<\/tr>\n<tr>\n<td style=\"text-align: center;\"><strong>Fi\u00fak \/ Boys<\/strong><\/p>\n<ul>\n<li><a href=\"http:\/\/www.olimpici.hu\/sites\/attachments\/eredmenyek\/20161209-gp2-szolnok\/161210_OlimpiciGP2_tpF.pdf\" target=\"_blank\" rel=\"noopener noreferrer\">T\u00f6rpici\/Mini<\/a> <span style=\"color: #00ff00;\">\u2022<\/span><\/li>\n<li><a href=\"http:\/\/www.olimpici.hu\/sites\/attachments\/eredmenyek\/20161209-gp2-szolnok\/161209_OlimpiciGP2_gyF.pdf\" target=\"_blank\" rel=\"noopener noreferrer\">Gyermek\/Kid<\/a> <span style=\"color: #00ff00;\">\u2022<\/span><\/li>\n<li><a href=\"http:\/\/www.olimpici.hu\/sites\/attachments\/eredmenyek\/20161209-gp2-szolnok\/161210_OlimpiciGP2_ujF.pdf\" target=\"_blank\" rel=\"noopener noreferrer\">\u00dajonc\/Novices<\/a> <span style=\"color: #00ff00;\">\u2022<\/span><\/li>\n<li><a href=\"http:\/\/www.olimpici.hu\/sites\/attachments\/eredmenyek\/20161209-gp2-szolnok\/161211_OlimpiciGP2_serF.pdf\" target=\"_blank\" rel=\"noopener noreferrer\">Serd\u00fcl\u0151\/Adolescent<\/a><span style=\"color: #00ff00;\"> \u2022<\/span><\/li>\n<\/ul>\n<\/td>\n<td style=\"text-align: center;\"><strong>Le\u00e1nyok \/ Girls<\/strong><\/p>\n<ul>\n<li><a href=\"http:\/\/www.olimpici.hu\/sites\/attachments\/eredmenyek\/20161209-gp2-szolnok\/161210_OlimpiciGP2_tpL.pdf\" target=\"_blank\" rel=\"noopener noreferrer\">T\u00f6rpici\/Mini<\/a> <span style=\"color: #00ff00;\">\u2022<\/span><\/li>\n<li><a href=\"http:\/\/www.olimpici.hu\/sites\/attachments\/eredmenyek\/20161209-gp2-szolnok\/161209_OlimpiciGP2_gyL.pdf\" target=\"_blank\" rel=\"noopener noreferrer\">Gyermek\/Kid<\/a> <span style=\"color: #00ff00;\">\u2022<\/span><\/li>\n<li><a href=\"http:\/\/www.olimpici.hu\/sites\/attachments\/eredmenyek\/20161209-gp2-szolnok\/161210_OlimpiciGP2_ujL.pdf\" target=\"_blank\" rel=\"noopener noreferrer\">\u00dajonc\/Novices<\/a> <span style=\"color: #00ff00;\">\u2022<\/span><\/li>\n<li><a href=\"http:\/\/www.olimpici.hu\/sites\/attachments\/eredmenyek\/20161209-gp2-szolnok\/161211_OlimpiciGP2_serL.pdf\" target=\"_blank\" rel=\"noopener noreferrer\">Serd\u00fcl\u0151\/Adolescent<\/a> <span style=\"color: #00ff00;\">\u2022<\/span><\/li>\n<\/ul>\n<\/td>\n<\/tr>\n<\/tbody>\n<\/table>\n<p>&#8230;&#8230;<\/p>\n<p><span style=\"color: #ffffff;\">&#8230;&#8230;<\/span><\/p>\n<table class=\"gp_results\" border=\"0\">\n<tbody>\n<tr>\n<th colspan=\"2\" scope=\"col\">GP1 &#8211; F\u00fcl\u00f6p Gyula Eml\u00e9kverseny\/Remembrance of F\u00fcl\u00f6p Gyula<br \/>\n2016&#8217;10. 21\u201322\u201323.<\/th>\n<\/tr>\n<tr>\n<td style=\"text-align: center;\"><strong>Fi\u00fak \/ Boys<\/strong><\/p>\n<ul>\n<li><a href=\"http:\/\/www.olimpici.hu\/sites\/attachments\/eredmenyek\/20161021-gp1-debrecen\/161022_OlimpiciGP1_tpF.pdf\" target=\"_blank\" rel=\"noopener noreferrer\">T\u00f6rpici\/Mini<\/a> <span style=\"color: #00ff00;\">\u2022<\/span><\/li>\n<li><a href=\"http:\/\/www.olimpici.hu\/sites\/attachments\/eredmenyek\/20161021-gp1-debrecen\/161021_OlimpiciGP1_gyF.pdf\" target=\"_blank\" rel=\"noopener noreferrer\">Gyermek\/Kid<\/a> <span style=\"color: #00ff00;\">\u2022<\/span><\/li>\n<li><a href=\"http:\/\/www.olimpici.hu\/sites\/attachments\/eredmenyek\/20161021-gp1-debrecen\/161022_OlimpiciGP1_ujF.pdf\" target=\"_blank\" rel=\"noopener noreferrer\">\u00dajonc\/Novices<\/a> <span style=\"color: #00ff00;\">\u2022<\/span><\/li>\n<li><a href=\"http:\/\/www.olimpici.hu\/sites\/attachments\/eredmenyek\/20161021-gp1-debrecen\/161023_OlimpiciGP1_serF.pdf\" target=\"_blank\" rel=\"noopener noreferrer\">Serd\u00fcl\u0151\/Adolescent<\/a> <span style=\"color: #00ff00;\">\u2022<\/span><\/li>\n<\/ul>\n<\/td>\n<td style=\"text-align: center;\"><strong>Le\u00e1nyok \/ Girls<\/strong><\/p>\n<ul>\n<li><a href=\"http:\/\/www.olimpici.hu\/sites\/attachments\/eredmenyek\/20161021-gp1-debrecen\/161023_OlimpiciGP1_tpL.pdf\" target=\"_blank\" rel=\"noopener noreferrer\">T\u00f6rpici\/Mini<\/a> <span style=\"color: #00ff00;\">\u2022<\/span><\/li>\n<li><a href=\"http:\/\/www.olimpici.hu\/sites\/attachments\/eredmenyek\/20161021-gp1-debrecen\/161021_OlimpiciGP1_gyL.pdf\" target=\"_blank\" rel=\"noopener noreferrer\">Gyermek\/Kid<\/a> <span style=\"color: #00ff00;\">\u2022<\/span><\/li>\n<li><a href=\"http:\/\/www.olimpici.hu\/sites\/attachments\/eredmenyek\/20161021-gp1-debrecen\/161022_OlimpiciGP1_ujL.pdf\" target=\"_blank\" rel=\"noopener noreferrer\">\u00dajonc\/Novices<\/a> <span style=\"color: #00ff00;\">\u2022<\/span><\/li>\n<li><a href=\"http:\/\/www.olimpici.hu\/sites\/attachments\/eredmenyek\/20161021-gp1-debrecen\/161023_OlimpiciGP1_serL.pdf\" target=\"_blank\" rel=\"noopener noreferrer\">Serd\u00fcl\u0151\/Adolescent<\/a> <span style=\"color: #00ff00;\">\u2022<\/span><\/li>\n<\/ul>\n<\/td>\n<\/tr>\n<\/tbody>\n<\/table>\n","protected":false},"excerpt":{"rendered":"<p>&nbsp; GP &#8211; Orsz\u00e1gos Bajnoks\u00e1g, Balatonf\u00fcred 2017&#8217;06.16\u201321. Az OB \u00f6sszes eredm\u00e9ny\u00e9nek let\u00f6lt\u00e9se ZIP-be t\u00f6m\u00f6r\u00edtve\u00a0\u2022 Fi\u00fak T\u00f6rpici egy\u00e9ni \u2022 | csapat \u2022 Gyermek egy\u00e9ni \u2022 |\u00a0csapat \u2022 \u00dajonc egy\u00e9ni \u2022 |\u00a0csapat \u2022 Serd\u00fcl\u0151 egy\u00e9ni \u2022 |\u00a0csapat \u2022 Le\u00e1nyok T\u00f6rpici egy\u00e9ni \u2022 |\u00a0csapat \u2022 Gyermek egy\u00e9ni \u2022 |\u00a0csapat \u2022 \u00dajonc egy\u00e9ni \u2022 |\u00a0csapat \u2022 Serd\u00fcl\u0151 egy\u00e9ni \u2022&hellip;&nbsp;<a href=\"https:\/\/www.olimpici.hu\/?page_id=3501\" class=\"\" rel=\"bookmark\">Read More &raquo;<span class=\"screen-reader-text\">GP-eredm\u00e9nyek\/results 2016\/2017<\/span><\/a><\/p>\n","protected":false},"author":2,"featured_media":0,"parent":6,"menu_order":11,"comment_status":"closed","ping_status":"closed","template":"","meta":{"neve_meta_sidebar":"","neve_meta_container":"","neve_meta_enable_content_width":"","neve_meta_content_width":0,"neve_meta_title_alignment":"","neve_meta_author_avatar":"","neve_post_elements_order":"","neve_meta_disable_header":"","neve_meta_disable_footer":"","neve_meta_disable_title":"","footnotes":""},"_links":{"self":[{"href":"https:\/\/www.olimpici.hu\/index.php?rest_route=\/wp\/v2\/pages\/3501"}],"collection":[{"href":"https:\/\/www.olimpici.hu\/index.php?rest_route=\/wp\/v2\/pages"}],"about":[{"href":"https:\/\/www.olimpici.hu\/index.php?rest_route=\/wp\/v2\/types\/page"}],"author":[{"embeddable":true,"href":"https:\/\/www.olimpici.hu\/index.php?rest_route=\/wp\/v2\/users\/2"}],"replies":[{"embeddable":true,"href":"https:\/\/www.olimpici.hu\/index.php?rest_route=%2Fwp%2Fv2%2Fcomments&post=3501"}],"version-history":[{"count":40,"href":"https:\/\/www.olimpici.hu\/index.php?rest_route=\/wp\/v2\/pages\/3501\/revisions"}],"predecessor-version":[{"id":4101,"href":"https:\/\/www.olimpici.hu\/index.php?rest_route=\/wp\/v2\/pages\/3501\/revisions\/4101"}],"up":[{"embeddable":true,"href":"https:\/\/www.olimpici.hu\/index.php?rest_route=\/wp\/v2\/pages\/6"}],"wp:attachment":[{"href":"https:\/\/www.olimpici.hu\/index.php?rest_route=%2Fwp%2Fv2%2Fmedia&parent=3501"}],"curies":[{"name":"wp","href":"https:\/\/api.w.org\/{rel}","templated":true}]}}