{"id":5312,"date":"2019-12-02T16:45:41","date_gmt":"2019-12-02T14:45:41","guid":{"rendered":"https:\/\/www.olimpici.hu\/?page_id=5312"},"modified":"2020-09-17T14:40:44","modified_gmt":"2020-09-17T12:40:44","slug":"gp-eredmenyek-results-2019-2020","status":"publish","type":"page","link":"https:\/\/www.olimpici.hu\/?page_id=5312","title":{"rendered":"&#8211; GP-eredm\u00e9nyek\/results 2019\/2020"},"content":{"rendered":"\n<p class=\"has-text-align-center\"> GP6 &#8211; Magyar Bajnoks\u00e1g Balatonf\u00fcred<br>2020 szeptember 15 &#8211; 20.<\/p>\n\n\n\n<p class=\"has-text-align-center\"><strong>Fi\u00fak \/ Boys<\/strong><br>T\u00f6rpici\/Mini  <a href=\"https:\/\/www.engarde-service.com\/files\/hunfencing\/2020_09_15_20_pbt\/tpf-in\/\">egy\u00e9ni<\/a> \u00e9s <a href=\"https:\/\/www.engarde-service.com\/files\/hunfencing\/2020_09_15_20_pbt\/tpf-eq\/\">csapat<\/a> \u2022<br>Gyermek\/Kid  <a href=\"https:\/\/www.engarde-service.com\/index.php?Organisme=hunfencing&amp;Event=2020_09_15_20_pbt&amp;Compe=gyerf-in\">egy\u00e9ni<\/a> \u00e9s <a href=\"https:\/\/www.engarde-service.com\/index.php?Organisme=hunfencing&amp;Event=2020_09_15_20_pbt&amp;Compe=gyerf-eq\">csapat<\/a> \u2022<br>\u00dajonc\/Novices  <a href=\"https:\/\/www.engarde-service.com\/index.php?Organisme=hunfencing&amp;Event=2020_09_15_20_pbt&amp;Compe=ujf-in\">egy\u00e9ni<\/a> \u00e9s <a href=\"https:\/\/www.engarde-service.com\/files\/hunfencing\/2020_09_15_20_pbt\/ujf-eq\/\">csapat<\/a> \u2022<br>Serd\u00fcl\u0151\/Adolescent  <a href=\"https:\/\/www.engarde-service.com\/files\/hunfencing\/2020_09_15_20_pbt\/serf-in\/\">egy\u00e9ni<\/a> \u00e9s <a href=\"https:\/\/www.engarde-service.com\/files\/hunfencing\/2020_09_15_20_pbt\/tpf-eq\/\">csapat<\/a> \u2022  <\/p>\n\n\n\n<p class=\"has-text-align-center\"><strong>Le\u00e1nyok \/ Girls<\/strong><br>T\u00f6rpici\/Mini <a href=\"https:\/\/www.engarde-service.com\/index.php?Organisme=hunfencing&amp;Event=2020_09_15_20_pbt&amp;Compe=tpl-in\">egy\u00e9ni<\/a> \u00e9s <a href=\"https:\/\/www.engarde-service.com\/index.php?Organisme=hunfencing&amp;Event=2020_09_15_20_pbt&amp;Compe=tpl-eq\">csapat<\/a> \u2022<br>Gyermek\/Kid  <a href=\"https:\/\/www.engarde-service.com\/index.php?Organisme=hunfencing&amp;Event=2020_09_15_20_pbt&amp;Compe=gyerl-in\">egy\u00e9ni<\/a> \u00e9s <a href=\"https:\/\/www.engarde-service.com\/index.php?Organisme=hunfencing&amp;Event=2020_09_15_20_pbt&amp;Compe=gyerl-eq\">csapat<\/a>  \u2022<br>\u00dajonc\/Novices  <a href=\"https:\/\/www.engarde-service.com\/index.php?Organisme=hunfencing&amp;Event=2020_09_15_20_pbt&amp;Compe=ujl-in\">egy\u00e9ni <\/a>\u00e9s <a href=\"https:\/\/www.engarde-service.com\/files\/hunfencing\/2020_09_15_20_pbt\/ujl-eq\/\">csapat<\/a> \u2022<br> Serd\u00fcl\u0151\/Adolescent  <a href=\"https:\/\/www.engarde-service.com\/files\/hunfencing\/2020_09_15_20_pbt\/serl-in\/\">egy\u00e9ni<\/a> \u00e9s <a href=\"https:\/\/www.engarde-service.com\/files\/hunfencing\/2020_09_15_20_pbt\/serl-eq\/\">csapat<\/a> \u2022  <\/p>\n\n\n\n<p class=\"has-text-align-center\">GP3 &#8211; Kulcs\u00e1r Gy\u0151z\u0151 eml\u00e9kverseny \/ Remembrance of Kulcs\u00e1r Gy\u0151z\u0151<br>2020 janu\u00e1r 24 &#8211; 26<\/p>\n\n\n\n<p class=\"has-text-align-center\"><strong>Fi\u00fak \/ Boys<\/strong><br><a href=\"http:\/\/versenyinfo.hunfencing.hu\/pdf\/2020\/5256.pdf\">T\u00f6rpici\/Mini \u2022<\/a><br><a href=\"http:\/\/versenyinfo.hunfencing.hu\/pdf\/2020\/5250.pdf\">Gyermek\/Kid \u2022<\/a><br><a href=\"http:\/\/versenyinfo.hunfencing.hu\/pdf\/2020\/5252.pdf\">\u00dajonc\/Novices \u2022<\/a><br><a href=\"http:\/\/versenyinfo.hunfencing.hu\/pdf\/2020\/5254.pdf\">Serd\u00fcl\u0151\/Adolescent \u2022<\/a>  <\/p>\n\n\n\n<p class=\"has-text-align-center\"><strong>Le\u00e1nyok \/ Girls<\/strong><br><a href=\"http:\/\/versenyinfo.hunfencing.hu\/pdf\/2020\/5257.pdf\">T\u00f6rpici\/Mini \u2022<\/a><br><a href=\"http:\/\/versenyinfo.hunfencing.hu\/pdf\/2020\/5251.pdf\">Gyermek\/Kid \u2022<\/a><br><a href=\"http:\/\/versenyinfo.hunfencing.hu\/pdf\/2020\/5253.pdf\">\u00dajonc\/Novices \u2022<\/a><br> <a href=\"http:\/\/versenyinfo.hunfencing.hu\/pdf\/2020\/5255.pdf\">Serd\u00fcl\u0151\/Adolescent \u2022  <\/a><\/p>\n\n\n\n<p class=\"has-text-align-center\">GP2 &#8211; dr. vit\u00e9z Szentistv\u00e1ny J\u00f3zsef Eml\u00e9kverseny\/Remembrance of dr. vit\u00e9z Szentistv\u00e1ny J\u00f3zsef  2019.12.13 \u2013 14 \u2013 15. <\/p>\n\n\n\n<p class=\"has-text-align-center\"><strong>Fi\u00fak \/ Boys<\/strong><br><a href=\"http:\/\/versenyinfo.hunfencing.hu\/pdf\/2019\/5179.pdf\">T\u00f6rpici\/Mini<\/a> \u2022<br><a href=\"http:\/\/versenyinfo.hunfencing.hu\/pdf\/2019\/5173.pdf\">Gyermek\/Kid <\/a>\u2022<br><a href=\"http:\/\/versenyinfo.hunfencing.hu\/pdf\/2019\/5175.pdf\">\u00dajonc\/Novices <\/a>\u2022<br><a href=\"http:\/\/versenyinfo.hunfencing.hu\/pdf\/2019\/5177.pdf\">Serd\u00fcl\u0151\/Adolescent<\/a> \u2022  <br><br> <strong>Le\u00e1nyok \/ Girls<\/strong><br><a href=\"http:\/\/versenyinfo.hunfencing.hu\/pdf\/2019\/5180.pdf\">T\u00f6rpici\/Mini <\/a>\u2022<br><a href=\"http:\/\/versenyinfo.hunfencing.hu\/pdf\/2019\/5174.pdf\">Gyermek\/Kid \u2022<\/a><br> <a href=\"http:\/\/versenyinfo.hunfencing.hu\/pdf\/2019\/5176.pdf\">\u00dajonc\/Novices <\/a>\u2022<br><a href=\"http:\/\/versenyinfo.hunfencing.hu\/pdf\/2019\/5177.pdf\"> Serd\u00fcl\u0151\/Adolescent <\/a>\u2022   <\/p>\n\n\n\n<p class=\"has-text-align-center\">GP1 &#8211; F\u00fcl\u00f6p Gyula Eml\u00e9kverseny\/Remembrance of F\u00fcl\u00f6p Gyula<br> 2019.11. 22\u201323\u201324.<br> <strong>Fi\u00fak \/ Boys<\/strong><br> <a href=\"https:\/\/www.engarde-service.com\/files\/hunfencing\/2019_11_22-24_pbt\/emt-in\/index.php?page=clasfinal.htm\">T\u00f6rpici\/Mini \u2022<\/a><br> <a href=\"http:\/\/versenyinfo.hunfencing.hu\/pdf\/2019\/5083.pdf\">Gyermek\/Kid \u2022<\/a><br> <a href=\"http:\/\/versenyinfo.hunfencing.hu\/pdf\/2019\/5085.pdf\">\u00dajonc\/Novices \u2022<\/a><br> <a href=\"http:\/\/versenyinfo.hunfencing.hu\/pdf\/2019\/5087.pdf\">Serd\u00fcl\u0151\/Adolescent <\/a>\u2022 <br><br><strong> Le\u00e1nyok \/ Girls<\/strong> <br> <a href=\"https:\/\/www.engarde-service.com\/files\/hunfencing\/2019_11_22-24_pbt\/eft-in\/index.php?page=clasfinal.htm\">T\u00f6rpici\/Mini \u2022<\/a><br> <a href=\"http:\/\/versenyinfo.hunfencing.hu\/pdf\/2019\/5084.pdf\">Gyermek\/Kid \u2022<\/a><br><a href=\"http:\/\/versenyinfo.hunfencing.hu\/pdf\/2019\/5086.pdf\"> \u00dajonc\/Novices \u2022<\/a><br><a href=\"http:\/\/versenyinfo.hunfencing.hu\/pdf\/2019\/5088.pdf\"> Serd\u00fcl\u0151\/Adolescent <\/a>\u2022 <br><br><\/p>\n\n\n\n<p><br> <\/p>\n","protected":false},"excerpt":{"rendered":"<p>GP6 &#8211; Magyar Bajnoks\u00e1g Balatonf\u00fcred2020 szeptember 15 &#8211; 20. Fi\u00fak \/ BoysT\u00f6rpici\/Mini egy\u00e9ni \u00e9s csapat \u2022Gyermek\/Kid egy\u00e9ni \u00e9s csapat \u2022\u00dajonc\/Novices egy\u00e9ni \u00e9s csapat \u2022Serd\u00fcl\u0151\/Adolescent egy\u00e9ni \u00e9s csapat \u2022 Le\u00e1nyok \/ GirlsT\u00f6rpici\/Mini egy\u00e9ni \u00e9s csapat \u2022Gyermek\/Kid egy\u00e9ni \u00e9s csapat \u2022\u00dajonc\/Novices egy\u00e9ni \u00e9s csapat \u2022 Serd\u00fcl\u0151\/Adolescent egy\u00e9ni \u00e9s csapat \u2022 GP3 &#8211; Kulcs\u00e1r Gy\u0151z\u0151 eml\u00e9kverseny \/ Remembrance&hellip;&nbsp;<a href=\"https:\/\/www.olimpici.hu\/?page_id=5312\" class=\"\" rel=\"bookmark\">Read More &raquo;<span class=\"screen-reader-text\">&#8211; GP-eredm\u00e9nyek\/results 2019\/2020<\/span><\/a><\/p>\n","protected":false},"author":5,"featured_media":0,"parent":0,"menu_order":0,"comment_status":"closed","ping_status":"closed","template":"","meta":{"neve_meta_sidebar":"","neve_meta_container":"","neve_meta_enable_content_width":"","neve_meta_content_width":0,"neve_meta_title_alignment":"","neve_meta_author_avatar":"","neve_post_elements_order":"","neve_meta_disable_header":"","neve_meta_disable_footer":"","neve_meta_disable_title":"","footnotes":""},"_links":{"self":[{"href":"https:\/\/www.olimpici.hu\/index.php?rest_route=\/wp\/v2\/pages\/5312"}],"collection":[{"href":"https:\/\/www.olimpici.hu\/index.php?rest_route=\/wp\/v2\/pages"}],"about":[{"href":"https:\/\/www.olimpici.hu\/index.php?rest_route=\/wp\/v2\/types\/page"}],"author":[{"embeddable":true,"href":"https:\/\/www.olimpici.hu\/index.php?rest_route=\/wp\/v2\/users\/5"}],"replies":[{"embeddable":true,"href":"https:\/\/www.olimpici.hu\/index.php?rest_route=%2Fwp%2Fv2%2Fcomments&post=5312"}],"version-history":[{"count":21,"href":"https:\/\/www.olimpici.hu\/index.php?rest_route=\/wp\/v2\/pages\/5312\/revisions"}],"predecessor-version":[{"id":5651,"href":"https:\/\/www.olimpici.hu\/index.php?rest_route=\/wp\/v2\/pages\/5312\/revisions\/5651"}],"wp:attachment":[{"href":"https:\/\/www.olimpici.hu\/index.php?rest_route=%2Fwp%2Fv2%2Fmedia&parent=5312"}],"curies":[{"name":"wp","href":"https:\/\/api.w.org\/{rel}","templated":true}]}}