{"id":5824,"date":"2021-12-10T23:00:50","date_gmt":"2021-12-10T21:00:50","guid":{"rendered":"https:\/\/www.olimpici.hu\/?page_id=5824"},"modified":"2022-03-12T20:55:39","modified_gmt":"2022-03-12T18:55:39","slug":"gp-eredmenyek-results-2021-2022","status":"publish","type":"page","link":"https:\/\/www.olimpici.hu\/?page_id=5824","title":{"rendered":"\u2013 GP-eredm\u00e9nyek\/results 2021\/2022"},"content":{"rendered":"\n<p class=\"has-text-align-center\"><strong>GP 4. B\u00dcKF\u00dcRD\u0150 KUPA<\/strong><\/p>\n\n\n\n<p class=\"has-text-align-center\"><strong>Fi\u00fak \/ Boys<\/strong><br><a href=\"https:\/\/versenyinfo.hunfencing.hu\/pdf\/2022\/6226.pdf\">T\u00f6rpici\/Mini\u00a0egy\u00e9ni\u00a0<\/a>\u2022<br><a href=\"https:\/\/versenyinfo.hunfencing.hu\/pdf\/2022\/6222.pdf\">Gyermek\/Kid\u00a0egy\u00e9ni\u00a0<\/a>\u00a0\u2022<br><a href=\"https:\/\/versenyinfo.hunfencing.hu\/pdf\/2022\/6224.pdf\">\u00dajonc\/Novices\u00a0egy\u00e9ni<\/a>\u00a0\u00a0\u2022<br><a href=\"https:\/\/versenyinfo.hunfencing.hu\/pdf\/2022\/6227.pdf\">Serd\u00fcl\u0151\/Adolescent\u00a0egy\u00e9n<\/a>i\u00a0\u00a0\u2022<\/p>\n\n\n\n<p class=\"has-text-align-center\"><strong>Le\u00e1nyok \/ Girls<\/strong><br><a href=\"https:\/\/versenyinfo.hunfencing.hu\/pdf\/2022\/6229.pdf\">T\u00f6rpici\/Mini\u00a0egy\u00e9ni<\/a>\u00a0\u2022<br><a href=\"https:\/\/versenyinfo.hunfencing.hu\/pdf\/2022\/6223.pdf\">Gyermek\/Kid\u00a0egy\u00e9ni\u00a0\u00a0\u2022<\/a><br><a href=\"https:\/\/versenyinfo.hunfencing.hu\/pdf\/2022\/6225.pdf\">\u00dajonc\/Novices\u00a0egy\u00e9ni<\/a>\u00a0\u00a0\u2022<br><a href=\"https:\/\/versenyinfo.hunfencing.hu\/pdf\/2022\/6228.pdf\">Serd\u00fcl\u0151\/Adolescent\u00a0egy\u00e9ni\u00a0<\/a>\u00a0\u2022<\/p>\n\n\n\n<p><\/p>\n\n\n\n<p class=\"has-text-align-center\"><strong>GP 3. Kulcs\u00e1r Gy\u0151z\u0151 Eml\u00e9kverseny Budapest (Vasas)<\/strong><\/p>\n\n\n\n<p class=\"has-text-align-center\"><strong>Fi\u00fak \/ Boys<\/strong><br>T\u00f6rpici\/Mini&nbsp;<a href=\"https:\/\/versenyinfo.hunfencing.hu\/pdf\/2022\/6159.pdf\">egy\u00e9ni<\/a>&nbsp;\u2022<br>Gyermek\/Kid&nbsp;<a href=\"https:\/\/versenyinfo.hunfencing.hu\/pdf\/2022\/6153.pdf\">egy\u00e9ni<\/a>&nbsp;&nbsp;\u2022<br>\u00dajonc\/Novices&nbsp;<a href=\"https:\/\/versenyinfo.hunfencing.hu\/pdf\/2022\/6155.pdf\">egy\u00e9n<\/a>i&nbsp;&nbsp;\u2022<br>Serd\u00fcl\u0151\/Adolescent&nbsp;egy\u00e9ni&nbsp;&nbsp;\u2022<\/p>\n\n\n\n<p class=\"has-text-align-center\"><strong>Le\u00e1nyok \/ Girls<\/strong><br>T\u00f6rpici\/Mini&nbsp;egy\u00e9ni&nbsp;\u2022<br>Gyermek\/Kid&nbsp;<a href=\"https:\/\/versenyinfo.hunfencing.hu\/pdf\/2022\/6154.pdf\">egy\u00e9ni<\/a>&nbsp;&nbsp;\u2022<br>\u00dajonc\/Novices&nbsp;<a href=\"https:\/\/versenyinfo.hunfencing.hu\/pdf\/2022\/6156.pdf\">egy\u00e9ni&nbsp;<\/a>&nbsp;\u2022<br>Serd\u00fcl\u0151\/Adolescent&nbsp;egy\u00e9ni&nbsp;&nbsp;\u2022<\/p>\n\n\n\n<p class=\"has-text-align-center\"><strong>GP2 \u2013 Szolnok<\/strong><\/p>\n\n\n\n<p class=\"has-text-align-center\"><strong>Fi\u00fak \/ Boys<\/strong><br>T\u00f6rpici\/Mini&nbsp;<a href=\"https:\/\/versenyinfo.hunfencing.hu\/pdf\/2021\/6056.pdf\">egy\u00e9ni<\/a>&nbsp;\u2022<br>Gyermek\/Kid&nbsp;<a href=\"https:\/\/versenyinfo.hunfencing.hu\/pdf\/2021\/6050.pdf\">egy\u00e9ni&nbsp;<\/a>&nbsp;\u2022<br>\u00dajonc\/Novices&nbsp;<a href=\"https:\/\/versenyinfo.hunfencing.hu\/pdf\/2021\/6052.pdf\">egy\u00e9n<\/a>i&nbsp;&nbsp;\u2022<br>Serd\u00fcl\u0151\/Adolescent&nbsp;<a href=\"https:\/\/versenyinfo.hunfencing.hu\/pdf\/2021\/6054.pdf\">egy\u00e9ni<\/a>&nbsp;&nbsp;\u2022<\/p>\n\n\n\n<p class=\"has-text-align-center\"><strong>Le\u00e1nyok \/ Girls<\/strong><br>T\u00f6rpici\/Mini&nbsp;<a href=\"https:\/\/versenyinfo.hunfencing.hu\/pdf\/2021\/6057.pdf\">egy\u00e9ni<\/a>&nbsp;\u2022<br>Gyermek\/Kid&nbsp;<a href=\"https:\/\/versenyinfo.hunfencing.hu\/pdf\/2021\/6051.pdf\">egy\u00e9ni<\/a>&nbsp;&nbsp;\u2022<br>\u00dajonc\/Novices&nbsp;<a href=\"https:\/\/versenyinfo.hunfencing.hu\/pdf\/2021\/6053.pdf\">egy\u00e9ni<\/a>&nbsp;&nbsp;\u2022<br>Serd\u00fcl\u0151\/Adolescent&nbsp;<a href=\"https:\/\/versenyinfo.hunfencing.hu\/pdf\/2021\/6055.pdf\">egy\u00e9ni<\/a>&nbsp;&nbsp;\u2022<\/p>\n\n\n\n<p class=\"has-text-align-center\">GP1 \u2013 F\u00fcl\u00f6p Gyula Eml\u00e9kverseny\/Remembrance of F\u00fcl\u00f6p Gyula<\/p>\n\n\n\n<p class=\"has-text-align-center\"><strong>Fi\u00fak \/ Boys<\/strong><br>T\u00f6rpici\/Mini&nbsp;<a href=\"https:\/\/versenyinfo.hunfencing.hu\/pdf\/2021\/5992.pdf\">egy\u00e9ni<\/a>&nbsp;\u2022<br>Gyermek\/Kid&nbsp;<a href=\"https:\/\/versenyinfo.hunfencing.hu\/pdf\/2021\/5986.pdf\">egy\u00e9ni<\/a>&nbsp;&nbsp;\u2022<br>\u00dajonc\/Novices&nbsp;<a href=\"https:\/\/versenyinfo.hunfencing.hu\/pdf\/2021\/5988.pdf\">egy\u00e9ni<\/a>&nbsp;&nbsp;\u2022<br>Serd\u00fcl\u0151\/Adolescent&nbsp;<a href=\"https:\/\/versenyinfo.hunfencing.hu\/pdf\/2021\/5990.pdf\">egy\u00e9ni<\/a>&nbsp;\u2022<\/p>\n\n\n\n<p class=\"has-text-align-center\"><strong>Le\u00e1nyok \/ Girls<\/strong><br>T\u00f6rpici\/Mini&nbsp;<a href=\"https:\/\/versenyinfo.hunfencing.hu\/pdf\/2021\/5993.pdf\">egy\u00e9ni&nbsp;<\/a>\u2022<br>Gyermek\/Kid&nbsp;<a href=\"https:\/\/versenyinfo.hunfencing.hu\/pdf\/2021\/5987.pdf\">egy\u00e9ni<\/a>&nbsp;\u2022<br>\u00dajonc\/Novices&nbsp;<a href=\"https:\/\/versenyinfo.hunfencing.hu\/pdf\/2021\/5989.pdf\">egy\u00e9ni<\/a>&nbsp;\u2022<br>Serd\u00fcl\u0151\/Adolescent&nbsp;<a href=\"https:\/\/versenyinfo.hunfencing.hu\/pdf\/2021\/5991.pdf\">egy\u00e9ni<\/a>&nbsp;\u2022<\/p>\n","protected":false},"excerpt":{"rendered":"<p>GP 4. B\u00dcKF\u00dcRD\u0150 KUPA Fi\u00fak \/ BoysT\u00f6rpici\/Mini\u00a0egy\u00e9ni\u00a0\u2022Gyermek\/Kid\u00a0egy\u00e9ni\u00a0\u00a0\u2022\u00dajonc\/Novices\u00a0egy\u00e9ni\u00a0\u00a0\u2022Serd\u00fcl\u0151\/Adolescent\u00a0egy\u00e9ni\u00a0\u00a0\u2022 Le\u00e1nyok \/ GirlsT\u00f6rpici\/Mini\u00a0egy\u00e9ni\u00a0\u2022Gyermek\/Kid\u00a0egy\u00e9ni\u00a0\u00a0\u2022\u00dajonc\/Novices\u00a0egy\u00e9ni\u00a0\u00a0\u2022Serd\u00fcl\u0151\/Adolescent\u00a0egy\u00e9ni\u00a0\u00a0\u2022 GP 3. Kulcs\u00e1r Gy\u0151z\u0151 Eml\u00e9kverseny Budapest (Vasas) Fi\u00fak \/ BoysT\u00f6rpici\/Mini&nbsp;egy\u00e9ni&nbsp;\u2022Gyermek\/Kid&nbsp;egy\u00e9ni&nbsp;&nbsp;\u2022\u00dajonc\/Novices&nbsp;egy\u00e9ni&nbsp;&nbsp;\u2022Serd\u00fcl\u0151\/Adolescent&nbsp;egy\u00e9ni&nbsp;&nbsp;\u2022 Le\u00e1nyok \/ GirlsT\u00f6rpici\/Mini&nbsp;egy\u00e9ni&nbsp;\u2022Gyermek\/Kid&nbsp;egy\u00e9ni&nbsp;&nbsp;\u2022\u00dajonc\/Novices&nbsp;egy\u00e9ni&nbsp;&nbsp;\u2022Serd\u00fcl\u0151\/Adolescent&nbsp;egy\u00e9ni&nbsp;&nbsp;\u2022 GP2 \u2013 Szolnok Fi\u00fak \/ BoysT\u00f6rpici\/Mini&nbsp;egy\u00e9ni&nbsp;\u2022Gyermek\/Kid&nbsp;egy\u00e9ni&nbsp;&nbsp;\u2022\u00dajonc\/Novices&nbsp;egy\u00e9ni&nbsp;&nbsp;\u2022Serd\u00fcl\u0151\/Adolescent&nbsp;egy\u00e9ni&nbsp;&nbsp;\u2022 Le\u00e1nyok \/ GirlsT\u00f6rpici\/Mini&nbsp;egy\u00e9ni&nbsp;\u2022Gyermek\/Kid&nbsp;egy\u00e9ni&nbsp;&nbsp;\u2022\u00dajonc\/Novices&nbsp;egy\u00e9ni&nbsp;&nbsp;\u2022Serd\u00fcl\u0151\/Adolescent&nbsp;egy\u00e9ni&nbsp;&nbsp;\u2022 GP1 \u2013 F\u00fcl\u00f6p Gyula Eml\u00e9kverseny\/Remembrance of F\u00fcl\u00f6p Gyula Fi\u00fak \/ BoysT\u00f6rpici\/Mini&nbsp;egy\u00e9ni&nbsp;\u2022Gyermek\/Kid&nbsp;egy\u00e9ni&nbsp;&nbsp;\u2022\u00dajonc\/Novices&nbsp;egy\u00e9ni&nbsp;&nbsp;\u2022Serd\u00fcl\u0151\/Adolescent&nbsp;egy\u00e9ni&nbsp;\u2022 Le\u00e1nyok \/ GirlsT\u00f6rpici\/Mini&nbsp;egy\u00e9ni&nbsp;\u2022Gyermek\/Kid&nbsp;egy\u00e9ni&nbsp;\u2022\u00dajonc\/Novices&nbsp;egy\u00e9ni&nbsp;\u2022Serd\u00fcl\u0151\/Adolescent&nbsp;egy\u00e9ni&nbsp;\u2022<\/p>\n","protected":false},"author":5,"featured_media":0,"parent":0,"menu_order":0,"comment_status":"closed","ping_status":"closed","template":"","meta":{"neve_meta_sidebar":"","neve_meta_container":"","neve_meta_enable_content_width":"","neve_meta_content_width":0,"neve_meta_title_alignment":"","neve_meta_author_avatar":"","neve_post_elements_order":"","neve_meta_disable_header":"","neve_meta_disable_footer":"","neve_meta_disable_title":"","footnotes":""},"_links":{"self":[{"href":"https:\/\/www.olimpici.hu\/index.php?rest_route=\/wp\/v2\/pages\/5824"}],"collection":[{"href":"https:\/\/www.olimpici.hu\/index.php?rest_route=\/wp\/v2\/pages"}],"about":[{"href":"https:\/\/www.olimpici.hu\/index.php?rest_route=\/wp\/v2\/types\/page"}],"author":[{"embeddable":true,"href":"https:\/\/www.olimpici.hu\/index.php?rest_route=\/wp\/v2\/users\/5"}],"replies":[{"embeddable":true,"href":"https:\/\/www.olimpici.hu\/index.php?rest_route=%2Fwp%2Fv2%2Fcomments&post=5824"}],"version-history":[{"count":17,"href":"https:\/\/www.olimpici.hu\/index.php?rest_route=\/wp\/v2\/pages\/5824\/revisions"}],"predecessor-version":[{"id":6279,"href":"https:\/\/www.olimpici.hu\/index.php?rest_route=\/wp\/v2\/pages\/5824\/revisions\/6279"}],"wp:attachment":[{"href":"https:\/\/www.olimpici.hu\/index.php?rest_route=%2Fwp%2Fv2%2Fmedia&parent=5824"}],"curies":[{"name":"wp","href":"https:\/\/api.w.org\/{rel}","templated":true}]}}