{"id":613,"date":"2011-10-09T00:36:57","date_gmt":"2011-10-08T22:36:57","guid":{"rendered":"http:\/\/www.olimpici.hu\/?page_id=613"},"modified":"2015-11-03T16:56:59","modified_gmt":"2015-11-03T14:56:59","slug":"gp-eredmenyekresults-20112012","status":"publish","type":"page","link":"https:\/\/www.olimpici.hu\/?page_id=613","title":{"rendered":"GP-eredm\u00e9nyek\/results 2011\/2012"},"content":{"rendered":"<h5><span style=\"color: #ff6600;\"><br \/>\n<\/span><\/h5>\n<table class=\"gp_results\" border=\"0\">\n<tbody>\n<tr>\n<th colspan=\"2\" scope=\"col\"> GP &#8211; Orsz\u00e1gos Bajnoks\u00e1g, B\u00fck<br \/>\n2012&#8217;06.18-23.<\/th>\n<\/tr>\n<tr>\n<td style=\"text-align: center;\"><strong>Fi\u00fak<\/strong><\/p>\n<ul>\n<li><a href=\"http:\/\/www.olimpici.hu\/sites\/attachments\/eredmenyek\/20120618-gp-ob-buk\/120619-20_olimpiciGP-OB_tpF.pdf\" target=\"_blank\">T\u00f6rpici(egy\u00e9ni&#038;csapat)<\/a><\/li>\n<li><a href=\"http:\/\/www.olimpici.hu\/sites\/attachments\/eredmenyek\/20120618-gp-ob-buk\/120618-19_olimpiciGP-OB_gyF.pdf\" target=\"_blank\">Gyermek(egy\u00e9ni&#038;csapat)<\/a><\/li>\n<li><a href=\"http:\/\/www.olimpici.hu\/sites\/attachments\/eredmenyek\/20120618-gp-ob-buk\/120620-21_olimpiciGP-OB_ujF.pdf\" target=\"_blank\">\u00dajonc(egy\u00e9ni&amp;csapat)<\/a><\/li>\n<li><a href=\"http:\/\/www.olimpici.hu\/sites\/attachments\/eredmenyek\/20120618-gp-ob-buk\/120622-23_olimpiciGP-OB_serF.pdf\" target=\"_blank\">Serd\u00fcl\u0151(egy\u00e9ni&#038;csapat)<\/a><\/li>\n<\/ul>\n<\/td>\n<td style=\"text-align: center;\"><strong>Le\u00e1nyok<\/strong><\/p>\n<ul>\n<li><a href=\"http:\/\/www.olimpici.hu\/sites\/attachments\/eredmenyek\/20120618-gp-ob-buk\/120621-22_olimpiciGP-OB_tpL.pdf\" target=\"_blank\">T\u00f6rpici(egy\u00e9ni&#038;csapat)<\/a><\/li>\n<li><a href=\"http:\/\/www.olimpici.hu\/sites\/attachments\/eredmenyek\/20120618-gp-ob-buk\/120618-19_olimpiciGP-OB_gyL.pdf\" target=\"_blank\">Gyermek(egy\u00e9ni&#038;csapat)<\/a><\/li>\n<li><a href=\"http:\/\/www.olimpici.hu\/sites\/attachments\/eredmenyek\/20120618-gp-ob-buk\/120620-21_olimpiciGP-OB_ujL.pdf\" target=\"_blank\">\u00dajonc(egy\u00e9ni&#038;csapat)<\/a><\/li>\n<li><a href=\"http:\/\/www.olimpici.hu\/sites\/attachments\/eredmenyek\/20120618-gp-ob-buk\/120622-23_olimpiciGP-OB_serL.pdf\" target=\"_blank\">Serd\u00fcl\u0151(egy\u00e9ni&#038;csapat)<\/a><\/li>\n<\/ul>\n<\/td>\n<\/tr>\n<\/tbody>\n<\/table>\n<table class=\"gp_results\" border=\"0\">\n<tbody>\n<tr>\n<th colspan=\"2\" scope=\"col\"> GP5 &#8211; Csaba Kupa \/ GP2 &#8211; Csaba Cup<br \/>\n2012&#8217;04.27-28-29.<\/th>\n<\/tr>\n<tr>\n<td style=\"text-align: center;\"><strong>Fi\u00fak \/ Boys<\/strong><\/p>\n<ul>\n<li><a href=\"http:\/\/www.olimpici.hu\/sites\/attachments\/eredmenyek\/20120427-gp5-bcs\/120428_olimpiciGP5_tpF.pdf\" target=\"_blank\">T\u00f6rpici \/ Mini<\/a><\/li>\n<li><a href=\"http:\/\/www.olimpici.hu\/sites\/attachments\/eredmenyek\/20120427-gp5-bcs\/120427_olimpiciGP5_gyF.pdf\" target=\"_blank\">Gyermek \/ Kid<\/a><\/li>\n<li><a href=\"http:\/\/www.olimpici.hu\/sites\/attachments\/eredmenyek\/20120427-gp5-bcs\/120428_olimpiciGP5_ujF.pdf\" target=\"_blank\">\u00dajonc \/ Novices<\/a><\/li>\n<li><a href=\"http:\/\/www.olimpici.hu\/sites\/attachments\/eredmenyek\/20120427-gp5-bcs\/120429_olimpiciGP5_serF.pdf\" target=\"_blank\">Serd\u00fcl\u0151 \/Adolescent<\/a><\/li>\n<\/ul>\n<\/td>\n<td style=\"text-align: center;\"><strong>Le\u00e1nyok \/ Girls<\/strong><\/p>\n<ul>\n<li><a href=\"http:\/\/www.olimpici.hu\/sites\/attachments\/eredmenyek\/20120427-gp5-bcs\/120428_olimpiciGP5_tpL.pdf\" target=\"_blank\">T\u00f6rpici \/ Mini<\/a><\/li>\n<li><a href=\"http:\/\/www.olimpici.hu\/sites\/attachments\/eredmenyek\/20120427-gp5-bcs\/120427_olimpiciGP5_gyL.pdf\" target=\"_blank\">Gyermek \/ Kid<\/a><\/li>\n<li><a href=\"http:\/\/www.olimpici.hu\/sites\/attachments\/eredmenyek\/20120427-gp5-bcs\/120428_olimpiciGP5_ujL.pdf\" target=\"_blank\">\u00dajonc \/ Novices<\/a><\/li>\n<li><a href=\"http:\/\/www.olimpici.hu\/sites\/attachments\/eredmenyek\/20120427-gp5-bcs\/120429_olimpiciGP5_serL.pdf\" target=\"_blank\">Serd\u00fcl\u0151 \/Adolescent<\/a><\/li>\n<\/ul>\n<\/td>\n<\/tr>\n<\/tbody>\n<\/table>\n<table class=\"gp_results\" border=\"0\">\n<tbody>\n<tr>\n<th colspan=\"2\" scope=\"col\"> GP4 &#8211; Mecsek Kupa \/ GP4 &#8211; Mecsek Cup<br \/>\n2012&#8217;03.23-24-25.<\/th>\n<\/tr>\n<tr>\n<td style=\"text-align: center;\"><strong>Fi\u00fak \/ Boys<\/strong><\/p>\n<ul>\n<li><a href=\"http:\/\/www.olimpici.hu\/sites\/attachments\/eredmenyek\/20120323-gp4-pecs\/120324_olimpiciGP4_tpF.pdf\" target=\"_blank\">T\u00f6rpici \/ Mini<\/a><\/li>\n<li><a href=\"http:\/\/www.olimpici.hu\/sites\/attachments\/eredmenyek\/20120323-gp4-pecs\/120323_olimpiciGP4_gyF.pdf\" target=\"_blank\">Gyermek \/ Kid<\/a><\/li>\n<li><a href=\"http:\/\/www.olimpici.hu\/sites\/attachments\/eredmenyek\/20120323-gp4-pecs\/120324_olimpiciGP4_ujF.pdf\" target=\"_blank\">\u00dajonc \/ Novices<\/a><\/li>\n<li><a href=\"http:\/\/www.olimpici.hu\/sites\/attachments\/eredmenyek\/20120323-gp4-pecs\/120325_olimpiciGP4_serF.pdf\" target=\"_blank\">Serd\u00fcl\u0151 \/Adolescent<\/a><\/li>\n<\/ul>\n<\/td>\n<td style=\"text-align: center;\"><strong>Le\u00e1nyok \/ Girls<\/strong><\/p>\n<ul>\n<li><a href=\"http:\/\/www.olimpici.hu\/sites\/attachments\/eredmenyek\/20120323-gp4-pecs\/120324_olimpiciGP4_tpL.pdf\" target=\"_blank\">T\u00f6rpici \/ Mini<\/a><\/li>\n<li><a href=\"http:\/\/www.olimpici.hu\/sites\/attachments\/eredmenyek\/20120323-gp4-pecs\/120323_olimpiciGP4_gyL.pdf\" target=\"_blank\">Gyermek \/ Kid<\/a><\/li>\n<li><a href=\"http:\/\/www.olimpici.hu\/sites\/attachments\/eredmenyek\/20120323-gp4-pecs\/120324_olimpiciGP4_ujL.pdf\" target=\"_blank\">\u00dajonc \/ Novices<\/a><\/li>\n<li><a href=\"http:\/\/www.olimpici.hu\/sites\/attachments\/eredmenyek\/20120323-gp4-pecs\/120325_olimpiciGP4_serL.pdf\" target=\"_blank\">Serd\u00fcl\u0151 \/Adolescent<\/a><\/li>\n<\/ul>\n<\/td>\n<\/tr>\n<\/tbody>\n<\/table>\n<table class=\"gp_results\" border=\"0\">\n<tbody>\n<tr>\n<th colspan=\"2\" scope=\"col\"> GP3 &#8211; Sz-L Bau Balaton Tapolca Kupa \/<br \/>\nGP3 &#8211; Sz-L Bau Balaton Tapolca Cup<br \/>\n2011&#8217;12.02-03-04.<\/th>\n<\/tr>\n<tr>\n<td style=\"text-align: center;\">\n<ul>\n<li><strong><br \/>\n<\/strong><\/li>\n<li><strong>Fi\u00fak \/ Boys<\/strong><\/li>\n<li>T\u00f6rpici \/ Mini<a href=\"http:\/\/www.olimpici.hu\/sites\/attachments\/eredmenyek\/20120224-gp3-tapolca\/120226_olimpiciGP3_tpF.pdf\" target=\"_blank\"><br \/>\n<\/a><span style=\"color: #ff0000;\">elmaradt\/canceled<\/span><\/li>\n<li><a href=\"http:\/\/www.olimpici.hu\/sites\/attachments\/eredmenyek\/20120224-gp3-tapolca\/120224_olimpiciGP3_gyF.pdf\" target=\"_blank\">Gyermek \/ Kid<\/a><\/li>\n<li><a href=\"http:\/\/www.olimpici.hu\/sites\/attachments\/eredmenyek\/20120224-gp3-tapolca\/120225_olimpiciGP3_ujF.pdf\" target=\"_blank\">\u00dajonc \/ Novices<br \/>\n<\/a><span style=\"color: #ff0000;\">befejezetlen\/unfinished<\/span><\/li>\n<li>Serd\u00fcl\u0151 \/Adolescent<a href=\"http:\/\/www.olimpici.hu\/sites\/attachments\/eredmenyek\/20120224-gp3-tapolca\/120226_olimpiciGP3_serF.pdf\" target=\"_blank\"><br \/>\n<\/a><span style=\"color: #ff0000;\">elmaradt\/canceled<br \/>\n<\/span><\/li>\n<\/ul>\n<\/td>\n<td style=\"text-align: center;\">\n<ul>\n<li><strong><strong>Le\u00e1nyok \/ Girls<\/strong><br \/>\n<\/strong><\/li>\n<li><a href=\"http:\/\/www.olimpici.hu\/sites\/attachments\/eredmenyek\/20120224-gp3-tapolca\/120225_olimpiciGP3_tpL.pdf\" target=\"_blank\">T\u00f6rpici \/ Mini<\/a><\/li>\n<li><a href=\"http:\/\/www.olimpici.hu\/sites\/attachments\/eredmenyek\/20120224-gp3-tapolca\/120224_olimpiciGP3_gyL.pdf\" target=\"_blank\">Gyermek \/ Kid<\/a><\/li>\n<li>\u00dajonc \/ Novices<\/li>\n<li><span style=\"color: #ff0000;\">b<\/span><span style=\"color: #ff0000;\">efejezetlen\/unfinished<\/span><\/li>\n<li>Serd\u00fcl\u0151 \/Adolescent<\/li>\n<li><span style=\"color: #ff0000;\">e<\/span><span style=\"color: #ff0000;\">lmaradt\/canceled<\/span><\/li>\n<\/ul>\n<\/td>\n<\/tr>\n<\/tbody>\n<\/table>\n<table class=\"gp_results\" border=\"0\">\n<tbody>\n<tr>\n<th colspan=\"2\" scope=\"col\"> GP2 &#8211; Szolnok Kupa \/ GP2 &#8211; Szolnok Cup<br \/>\n2011&#8217;12.02-03-04.<\/th>\n<\/tr>\n<tr>\n<td style=\"text-align: center;\"><strong>Fi\u00fak \/ Boys<\/strong><\/p>\n<ul>\n<li><a href=\"http:\/\/www.olimpici.hu\/sites\/attachments\/eredmenyek\/20111202-gp2-szolnok\/111203_olimpiciGP2_tpF.pdf\" target=\"_blank\">T\u00f6rpici \/ Mini<\/a><\/li>\n<li><a href=\"http:\/\/www.olimpici.hu\/sites\/attachments\/eredmenyek\/20111202-gp2-szolnok\/111202_olimpiciGP2_gyF.pdf\" target=\"_blank\">Gyermek \/ Kid<\/a><\/li>\n<li><a href=\"http:\/\/www.olimpici.hu\/sites\/attachments\/eredmenyek\/20111202-gp2-szolnok\/111203_olimpiciGP2_ujF.pdf\" target=\"_blank\">\u00dajonc \/ Novices<\/a><\/li>\n<li><a href=\"http:\/\/www.olimpici.hu\/sites\/attachments\/eredmenyek\/20111202-gp2-szolnok\/111204_olimpiciGP2_serF.pdf\" target=\"_blank\">Serd\u00fcl\u0151 \/Adolescent<\/a><\/li>\n<\/ul>\n<\/td>\n<td style=\"text-align: center;\"><strong>Le\u00e1nyok \/ Girls<\/strong><\/p>\n<ul>\n<li><a href=\"http:\/\/www.olimpici.hu\/sites\/attachments\/eredmenyek\/20111202-gp2-szolnok\/111203_olimpiciGP2_tpL.pdf\" target=\"_blank\">T\u00f6rpici \/ Mini<\/a><\/li>\n<li><a href=\"http:\/\/www.olimpici.hu\/sites\/attachments\/eredmenyek\/20111202-gp2-szolnok\/111202_olimpiciGP2_gyL.pdf\" target=\"_blank\">Gyermek \/ Kid<\/a><\/li>\n<li><a href=\"http:\/\/www.olimpici.hu\/sites\/attachments\/eredmenyek\/20111202-gp2-szolnok\/111203_olimpiciGP2_ujL.pdf\" target=\"_blank\">\u00dajonc \/ Novices<\/a><\/li>\n<li><a href=\"http:\/\/www.olimpici.hu\/sites\/attachments\/eredmenyek\/20111202-gp2-szolnok\/111204_olimpiciGP2_serL.pdf\" target=\"_blank\">Serd\u00fcl\u0151 \/Adolescent<\/a><\/li>\n<\/ul>\n<\/td>\n<\/tr>\n<\/tbody>\n<\/table>\n<table class=\"gp_results\" border=\"0\">\n<tbody>\n<tr>\n<th colspan=\"2\" scope=\"col\"> GP1 &#8211; Debrecen Kupa \/ GP1 &#8211; Debrecen Cup<br \/>\n2011&#8217;10.07-08-09.<\/th>\n<\/tr>\n<tr>\n<td style=\"text-align: center;\"><strong>Fi\u00fak \/ Boys<\/strong><\/p>\n<ul>\n<li><a href=\"http:\/\/www.olimpici.hu\/sites\/attachments\/eredmenyek\/20111007-gp1-debrecen\/111008_olimpiciGP1_tpF.pdf\" target=\"_blank\">T\u00f6rpici \/ Mini<\/a><\/li>\n<li><a href=\"http:\/\/www.olimpici.hu\/sites\/attachments\/eredmenyek\/20111007-gp1-debrecen\/111007_olimpiciGP1_gyF.pdf\" target=\"_blank\">Gyermek \/ Kid<\/a><\/li>\n<li><a href=\"http:\/\/www.olimpici.hu\/sites\/attachments\/eredmenyek\/20111007-gp1-debrecen\/111008_olimpiciGP1_ujF.pdf\" target=\"_blank\">\u00dajonc \/ Novices<\/a><\/li>\n<li><a href=\"http:\/\/www.olimpici.hu\/sites\/attachments\/eredmenyek\/20111007-gp1-debrecen\/111009_olimpiciGP1_serF.pdf\" target=\"_blank\">Serd\u00fcl\u0151 \/Adolescent<\/a><\/li>\n<\/ul>\n<\/td>\n<td style=\"text-align: center;\"><strong>Le\u00e1nyok \/ Girls<\/strong><\/p>\n<ul>\n<li><a href=\"http:\/\/www.olimpici.hu\/sites\/attachments\/eredmenyek\/20111007-gp1-debrecen\/111009_olimpiciGP1_tpL.pdf\" target=\"_blank\">T\u00f6rpici \/ Mini<\/a><\/li>\n<li><a href=\"http:\/\/www.olimpici.hu\/sites\/attachments\/eredmenyek\/20111007-gp1-debrecen\/111007_olimpiciGP1_gyL.pdf\" target=\"_blank\">Gyermek \/ Kid<\/a><\/li>\n<li><a href=\"http:\/\/www.olimpici.hu\/sites\/attachments\/eredmenyek\/20111007-gp1-debrecen\/111008_olimpiciGP1_ujL.pdf\" target=\"_blank\">\u00dajonc \/ Novices<\/a><\/li>\n<li><a href=\"http:\/\/www.olimpici.hu\/sites\/attachments\/eredmenyek\/20111007-gp1-debrecen\/111009_olimpiciGP1_serL.pdf\" target=\"_blank\">Serd\u00fcl\u0151 \/Adolescent<\/a><\/li>\n<\/ul>\n<\/td>\n<\/tr>\n<\/tbody>\n<\/table>\n","protected":false},"excerpt":{"rendered":"<p>GP &#8211; Orsz\u00e1gos Bajnoks\u00e1g, B\u00fck 2012&#8217;06.18-23. Fi\u00fak T\u00f6rpici(egy\u00e9ni&#038;csapat) Gyermek(egy\u00e9ni&#038;csapat) \u00dajonc(egy\u00e9ni&amp;csapat) Serd\u00fcl\u0151(egy\u00e9ni&#038;csapat) Le\u00e1nyok T\u00f6rpici(egy\u00e9ni&#038;csapat) Gyermek(egy\u00e9ni&#038;csapat) \u00dajonc(egy\u00e9ni&#038;csapat) Serd\u00fcl\u0151(egy\u00e9ni&#038;csapat) GP5 &#8211; Csaba Kupa \/ GP2 &#8211; Csaba Cup 2012&#8217;04.27-28-29. Fi\u00fak \/ Boys T\u00f6rpici \/ Mini Gyermek \/ Kid \u00dajonc \/ Novices Serd\u00fcl\u0151 \/Adolescent Le\u00e1nyok \/ Girls T\u00f6rpici \/ Mini Gyermek \/ Kid \u00dajonc \/ Novices Serd\u00fcl\u0151 \/Adolescent GP4&hellip;&nbsp;<a href=\"https:\/\/www.olimpici.hu\/?page_id=613\" class=\"\" rel=\"bookmark\">Read More &raquo;<span class=\"screen-reader-text\">GP-eredm\u00e9nyek\/results 2011\/2012<\/span><\/a><\/p>\n","protected":false},"author":2,"featured_media":0,"parent":6,"menu_order":6,"comment_status":"closed","ping_status":"closed","template":"","meta":{"neve_meta_sidebar":"","neve_meta_container":"","neve_meta_enable_content_width":"","neve_meta_content_width":0,"neve_meta_title_alignment":"","neve_meta_author_avatar":"","neve_post_elements_order":"","neve_meta_disable_header":"","neve_meta_disable_footer":"","neve_meta_disable_title":"","footnotes":""},"_links":{"self":[{"href":"https:\/\/www.olimpici.hu\/index.php?rest_route=\/wp\/v2\/pages\/613"}],"collection":[{"href":"https:\/\/www.olimpici.hu\/index.php?rest_route=\/wp\/v2\/pages"}],"about":[{"href":"https:\/\/www.olimpici.hu\/index.php?rest_route=\/wp\/v2\/types\/page"}],"author":[{"embeddable":true,"href":"https:\/\/www.olimpici.hu\/index.php?rest_route=\/wp\/v2\/users\/2"}],"replies":[{"embeddable":true,"href":"https:\/\/www.olimpici.hu\/index.php?rest_route=%2Fwp%2Fv2%2Fcomments&post=613"}],"version-history":[{"count":27,"href":"https:\/\/www.olimpici.hu\/index.php?rest_route=\/wp\/v2\/pages\/613\/revisions"}],"predecessor-version":[{"id":615,"href":"https:\/\/www.olimpici.hu\/index.php?rest_route=\/wp\/v2\/pages\/613\/revisions\/615"}],"up":[{"embeddable":true,"href":"https:\/\/www.olimpici.hu\/index.php?rest_route=\/wp\/v2\/pages\/6"}],"wp:attachment":[{"href":"https:\/\/www.olimpici.hu\/index.php?rest_route=%2Fwp%2Fv2%2Fmedia&parent=613"}],"curies":[{"name":"wp","href":"https:\/\/api.w.org\/{rel}","templated":true}]}}