{"id":888,"date":"2012-09-04T11:27:13","date_gmt":"2012-09-04T09:27:13","guid":{"rendered":"http:\/\/www.olimpici.hu\/?page_id=888"},"modified":"2013-06-25T10:03:44","modified_gmt":"2013-06-25T08:03:44","slug":"gp-eredmenyekresults-20122013","status":"publish","type":"page","link":"https:\/\/www.olimpici.hu\/?page_id=888","title":{"rendered":"GP-eredm\u00e9nyek\/results 2012\/2013"},"content":{"rendered":"<p>&nbsp;<\/p>\n<table class=\"gp_results\" border=\"0\">\n<tbody>\n<tr>\n<th colspan=\"2\" scope=\"col\">GP &#8211; Orsz\u00e1gos Bajnoks\u00e1g, B\u00fck<br \/>\n<strong><span style=\"font-size: 13px; line-height: 19px;\">2013&#8217;06.17-22.<br \/>\n<\/span><\/strong><span style=\"font-size: 0.75em; font-weight: normal; line-height: 19px;\">Az OB \u00f6sszes eredm\u00e9ny\u00e9nek <\/span><a style=\"font-size: 0.75em; font-weight: normal; line-height: 19px;\" href=\"http:\/\/www.olimpici.hu\/sites\/attachments\/eredmenyek\/20130617-gp-ob-buk\/130617-22OlimpiciGP-OB_Buk.zip\" target=\"_blank\">let\u00f6lt\u00e9se<\/a><span style=\"font-size: 0.75em; font-weight: normal; line-height: 19px;\"> k\u00e9t klikkel, ZIP-k\u00e9nt. \ud83d\ude42<\/span><\/th>\n<\/tr>\n<tr>\n<td style=\"text-align: center;\"><strong>Fi\u00fak<\/strong>&nbsp;<\/p>\n<ul>\n<li>T\u00f6rpici(<a href=\"http:\/\/www.olimpici.hu\/sites\/attachments\/eredmenyek\/20130617-gp-ob-buk\/130618_olimpiciGP-OB_tpF.pdf\" target=\"_blank\">egy\u00e9ni<\/a>, <a href=\"http:\/\/www.olimpici.hu\/sites\/attachments\/eredmenyek\/20130617-gp-ob-buk\/130619_olimpiciGP-OB_tpFcs.pdf\" target=\"_blank\">csapat<\/a>)<\/li>\n<li>Gyermek(<a href=\"http:\/\/www.olimpici.hu\/sites\/attachments\/eredmenyek\/20130617-gp-ob-buk\/130617_olimpiciGP-OB_gyF.pdf\" target=\"_blank\">egy\u00e9ni<\/a>, <a href=\"http:\/\/www.olimpici.hu\/sites\/attachments\/eredmenyek\/20130617-gp-ob-buk\/130618_olimpiciGP-OB_gyFcs.pdf\" target=\"_blank\">csapat<\/a>)<\/li>\n<li>\u00dajonc(<a href=\"http:\/\/www.olimpici.hu\/sites\/attachments\/eredmenyek\/20130617-gp-ob-buk\/130619_olimpiciGP-OB_ujF.pdf\" target=\"_blank\">egy\u00e9ni<\/a>, <a href=\"http:\/\/www.olimpici.hu\/sites\/attachments\/eredmenyek\/20130617-gp-ob-buk\/130620_olimpiciGP-OB_ujFcs.pdf\" target=\"_blank\">csapat<\/a>)<\/li>\n<li>Serd\u00fcl\u0151(<a href=\"http:\/\/www.olimpici.hu\/sites\/attachments\/eredmenyek\/20130617-gp-ob-buk\/130621_olimpiciGP-OB_serF.pdf\" target=\"_blank\">egy\u00e9ni<\/a>, <a href=\"http:\/\/www.olimpici.hu\/sites\/attachments\/eredmenyek\/20130617-gp-ob-buk\/130622_olimpiciGP-OB_serFcs.pdf\" target=\"_blank\">csapat<\/a>)<\/li>\n<\/ul>\n<\/td>\n<td style=\"text-align: center;\"><strong>Le\u00e1nyok<\/strong>&nbsp;<\/p>\n<ul>\n<li>T\u00f6rpici(<a href=\"http:\/\/www.olimpici.hu\/sites\/attachments\/eredmenyek\/20130617-gp-ob-buk\/130620_olimpiciGP-OB_tpL.pdf\" target=\"_blank\">egy\u00e9ni<\/a>, <a href=\"http:\/\/www.olimpici.hu\/sites\/attachments\/eredmenyek\/20130617-gp-ob-buk\/130621_olimpiciGP-OB_tpLcs.pdf\" target=\"_blank\">csapat<\/a>)<\/li>\n<li>Gyermek(<a href=\"http:\/\/www.olimpici.hu\/sites\/attachments\/eredmenyek\/20130617-gp-ob-buk\/130617_olimpiciGP-OB_gyL.pdf\" target=\"_blank\">egy\u00e9ni<\/a>, <a href=\"http:\/\/www.olimpici.hu\/sites\/attachments\/eredmenyek\/20130617-gp-ob-buk\/130618_olimpiciGP-OB_gyLcs.pdf\" target=\"_blank\">csapat<\/a>)<\/li>\n<li>\u00dajonc(<a href=\"http:\/\/www.olimpici.hu\/sites\/attachments\/eredmenyek\/20130617-gp-ob-buk\/130619_olimpiciGP-OB_ujL.pdf\" target=\"_blank\">egy\u00e9ni<\/a>, <a href=\"http:\/\/www.olimpici.hu\/sites\/attachments\/eredmenyek\/20130617-gp-ob-buk\/130620_olimpiciGP-OB_ujLcs.pdf\" target=\"_blank\">csapat<\/a>)<\/li>\n<li>Serd\u00fcl\u0151(<a href=\"http:\/\/www.olimpici.hu\/sites\/attachments\/eredmenyek\/20130617-gp-ob-buk\/130621_olimpiciGP-OB_serL.pdf\" target=\"_blank\">egy\u00e9ni<\/a>, <a href=\"http:\/\/www.olimpici.hu\/sites\/attachments\/eredmenyek\/20130617-gp-ob-buk\/130622_olimpiciGP-OB_serLcs.pdf\" target=\"_blank\">csapat<\/a>)<\/li>\n<\/ul>\n<\/td>\n<\/tr>\n<\/tbody>\n<\/table>\n<table class=\"gp_results\" border=\"0\">\n<tbody>\n<tr>\n<th colspan=\"2\" scope=\"col\"> Inter-european Olimpici GP<br \/>\n01-02 June 2013&#8242;<\/th>\n<\/tr>\n<tr>\n<td style=\"text-align: center;\"><strong>Fi\u00fak \/ Boys<\/strong>&nbsp;<\/p>\n<ul>\n<li><a href=\"http:\/\/www.olimpici.hu\/sites\/attachments\/eredmenyek\/20130601-InterEUogp-svk\/130601_olimpiciGPsvk_gyF.pdf\" target=\"_blank\">Gyermek \/ Kid<\/a><\/li>\n<li><a href=\"http:\/\/www.olimpici.hu\/sites\/attachments\/eredmenyek\/20130601-InterEUogp-svk\/130601_olimpiciGPsvk_ujF.pdf\" target=\"_blank\">\u00dajonc \/ Novices<\/a><\/li>\n<li><a href=\"http:\/\/www.olimpici.hu\/sites\/attachments\/eredmenyek\/20130601-InterEUogp-svk\/130602_olimpiciGPsvk_serF.pdf\" target=\"_blank\">Serd\u00fcl\u0151 \/Adolescent<\/a><\/li>\n<\/ul>\n<\/td>\n<td style=\"text-align: center;\"><strong>Le\u00e1nyok \/ Girls<\/strong>&nbsp;<\/p>\n<ul>\n<li><a href=\"http:\/\/www.olimpici.hu\/sites\/attachments\/eredmenyek\/20130601-InterEUogp-svk\/130601_olimpiciGPsvk_gyL.pdf\" target=\"_blank\">Gyermek \/ Kid<\/a><\/li>\n<li><a href=\"http:\/\/www.olimpici.hu\/sites\/attachments\/eredmenyek\/20130601-InterEUogp-svk\/130602_olimpiciGPsvk_ujL.pdf\" target=\"_blank\">\u00dajonc \/ Novices<\/a><\/li>\n<li><a href=\"http:\/\/www.olimpici.hu\/sites\/attachments\/eredmenyek\/20130601-InterEUogp-svk\/130602_olimpiciGPsvk_serL.pdf\" target=\"_blank\">Serd\u00fcl\u0151 \/Adolescent<\/a><\/li>\n<\/ul>\n<\/td>\n<\/tr>\n<\/tbody>\n<\/table>\n<table class=\"gp_results\" border=\"0\">\n<tbody>\n<tr>\n<th colspan=\"2\" scope=\"col\"> GP5 &#8211; Csaba Kupa \/ GP5 &#8211; Csaba Cup<br \/>\n2013&#8217;05&#8217;10-11-12.<\/th>\n<\/tr>\n<tr>\n<td style=\"text-align: center;\"><strong>Fi\u00fak \/ Boys<\/strong>&nbsp;<\/p>\n<ul>\n<li><a href=\"http:\/\/www.olimpici.hu\/sites\/attachments\/eredmenyek\/20130510-gp5-bcs\/130511_olimpiciGP5_tpF.pdf\" target=\"_blank\">T\u00f6rpici \/ Mini<\/a><\/li>\n<li><a href=\"http:\/\/www.olimpici.hu\/sites\/attachments\/eredmenyek\/20130510-gp5-bcs\/130510_olimpiciGP5_gyF.pdf\" target=\"_blank\">Gyermek \/ Kid<\/a><\/li>\n<li><a href=\"http:\/\/www.olimpici.hu\/sites\/attachments\/eredmenyek\/20130510-gp5-bcs\/130511_olimpiciGP5_ujF.pdf\" target=\"_blank\">\u00dajonc \/ Novices<\/a><\/li>\n<li><a href=\"http:\/\/www.olimpici.hu\/sites\/attachments\/eredmenyek\/20130510-gp5-bcs\/130512_olimpiciGP5_serF.pdf\" target=\"_blank\">Serd\u00fcl\u0151 \/Adolescent<\/a><\/li>\n<\/ul>\n<\/td>\n<td style=\"text-align: center;\"><strong>Le\u00e1nyok \/ Girls<\/strong>&nbsp;<\/p>\n<ul>\n<li><a href=\"http:\/\/www.olimpici.hu\/sites\/attachments\/eredmenyek\/20130510-gp5-bcs\/130512_olimpiciGP5_tpL.pdf\" target=\"_blank\">T\u00f6rpici \/ Mini<\/a><\/li>\n<li><a href=\"http:\/\/www.olimpici.hu\/sites\/attachments\/eredmenyek\/20130510-gp5-bcs\/130510_olimpiciGP5_gyL.pdf\" target=\"_blank\">Gyermek \/ Kid<\/a><\/li>\n<li><a href=\"http:\/\/www.olimpici.hu\/sites\/attachments\/eredmenyek\/20130510-gp5-bcs\/130511_olimpiciGP5_ujL.pdf\" target=\"_blank\">\u00dajonc \/ Novices<\/a><\/li>\n<li><a href=\"http:\/\/www.olimpici.hu\/sites\/attachments\/eredmenyek\/20130510-gp5-bcs\/130512_olimpiciGP5_serL.pdf\" target=\"_blank\">Serd\u00fcl\u0151 \/Adolescent<\/a><\/li>\n<\/ul>\n<\/td>\n<\/tr>\n<\/tbody>\n<\/table>\n<table class=\"gp_results\" border=\"0\">\n<tbody>\n<tr>\n<th colspan=\"2\" scope=\"col\"> GP4 &#8211; Sz-L Bau Balaton Kupa \/<br \/>\nGP4 &#8211; Sz-L Bau Balaton Cup<br \/>\n2013&#8217;02&#8217;22-23-24.<\/th>\n<\/tr>\n<tr>\n<td style=\"text-align: center;\"><strong>Fi\u00fak \/ Boys<\/strong>&nbsp;<\/p>\n<ul>\n<li><a href=\"http:\/\/www.olimpici.hu\/sites\/attachments\/eredmenyek\/20130222-gp4-keszthely\/130223_olimpiciGP4_tpF.pdf\" target=\"_blank\">T\u00f6rpici \/ Mini<\/a><\/li>\n<li><a href=\"http:\/\/www.olimpici.hu\/sites\/attachments\/eredmenyek\/20130222-gp4-keszthely\/130222_olimpiciGP4_gyF.pdf\" target=\"_blank\">Gyermek \/ Kid<\/a><\/li>\n<li><a href=\"http:\/\/www.olimpici.hu\/sites\/attachments\/eredmenyek\/20130222-gp4-keszthely\/130223_olimpiciGP4_ujF.pdf\" target=\"_blank\">\u00dajonc \/ Novices<\/a><\/li>\n<li><a href=\"http:\/\/www.olimpici.hu\/sites\/attachments\/eredmenyek\/20130222-gp4-keszthely\/130224_olimpiciGP4_serF.pdf\" target=\"_blank\">Serd\u00fcl\u0151 \/Adolescent<\/a><\/li>\n<\/ul>\n<\/td>\n<td style=\"text-align: center;\"><strong>Le\u00e1nyok \/ Girls<\/strong>&nbsp;<\/p>\n<ul>\n<li><a href=\"http:\/\/www.olimpici.hu\/sites\/attachments\/eredmenyek\/20130222-gp4-keszthely\/130224_olimpiciGP4_tpL.pdf\" target=\"_blank\">T\u00f6rpici \/ Mini<\/a><\/li>\n<li><a href=\"http:\/\/www.olimpici.hu\/sites\/attachments\/eredmenyek\/20130222-gp4-keszthely\/130222_olimpiciGP4_gyL.pdf\" target=\"_blank\">Gyermek \/ Kid<\/a><\/li>\n<li><a href=\"http:\/\/www.olimpici.hu\/sites\/attachments\/eredmenyek\/20130222-gp4-keszthely\/130223_olimpiciGP4_ujL.pdf\" target=\"_blank\">\u00dajonc \/ Novices<\/a><\/li>\n<li><a href=\"http:\/\/www.olimpici.hu\/sites\/attachments\/eredmenyek\/20130222-gp4-keszthely\/130224_olimpiciGP4_serL.pdf\" target=\"_blank\">Serd\u00fcl\u0151 \/Adolescent<\/a><\/li>\n<\/ul>\n<\/td>\n<\/tr>\n<\/tbody>\n<\/table>\n<table class=\"gp_results\" border=\"0\">\n<tbody>\n<tr>\n<th colspan=\"2\" scope=\"col\"> GP3 &#8211; Vasas Kupa \/ GP3 &#8211; Vasas Cup<br \/>\n2013&#8217;02&#8217;08-09-10.<\/th>\n<\/tr>\n<tr>\n<td style=\"text-align: center;\"><strong>Fi\u00fak \/ Boys<\/strong>&nbsp;<\/p>\n<ul>\n<li><a href=\"http:\/\/www.olimpici.hu\/sites\/attachments\/eredmenyek\/20130208-gp3-budapest\/130209_olimpiciGP3_tpF.pdf\" target=\"_blank\">T\u00f6rpici \/ Mini<\/a><\/li>\n<li><a href=\"http:\/\/www.olimpici.hu\/sites\/attachments\/eredmenyek\/20130208-gp3-budapest\/130208_olimpiciGP3_gyF.pdf\" target=\"_blank\">Gyermek \/ Kid<\/a><\/li>\n<li><a href=\"http:\/\/www.olimpici.hu\/sites\/attachments\/eredmenyek\/20130208-gp3-budapest\/130209_olimpiciGP3_ujF.pdf\" target=\"_blank\">\u00dajonc \/ Novices<\/a><\/li>\n<li><a href=\"http:\/\/www.olimpici.hu\/sites\/attachments\/eredmenyek\/20130208-gp3-budapest\/130210_olimpiciGP3_serF.pdf\" target=\"_blank\">Serd\u00fcl\u0151 \/Adolescent<\/a><\/li>\n<\/ul>\n<\/td>\n<td style=\"text-align: center;\"><strong>Le\u00e1nyok \/ Girls<\/strong>&nbsp;<\/p>\n<ul>\n<li><a href=\"http:\/\/www.olimpici.hu\/sites\/attachments\/eredmenyek\/20130208-gp3-budapest\/130209_olimpiciGP3_tpL.pdf\" target=\"_blank\">T\u00f6rpici \/ Mini<\/a><\/li>\n<li><a href=\"http:\/\/www.olimpici.hu\/sites\/attachments\/eredmenyek\/20130208-gp3-budapest\/130208_olimpiciGP3_gyL.pdf\" target=\"_blank\">Gyermek \/ Kid<\/a><\/li>\n<li><a href=\"http:\/\/www.olimpici.hu\/sites\/attachments\/eredmenyek\/20130208-gp3-budapest\/130209_olimpiciGP3_ujL.pdf\" target=\"_blank\">\u00dajonc \/ Novices<\/a><\/li>\n<li><a href=\"http:\/\/www.olimpici.hu\/sites\/attachments\/eredmenyek\/20130208-gp3-budapest\/130210_olimpiciGP3_serL.pdf\" target=\"_blank\">Serd\u00fcl\u0151 \/Adolescent<\/a><\/li>\n<\/ul>\n<\/td>\n<\/tr>\n<\/tbody>\n<\/table>\n<table class=\"gp_results\" border=\"0\">\n<tbody>\n<tr>\n<th colspan=\"2\" scope=\"col\"> GP2 &#8211; Szolnok Kupa \/ GP2 &#8211; Szolnok Cup<br \/>\n2012&#8217;11&#8217;30-12&#8217;01-02.<\/th>\n<\/tr>\n<tr>\n<td style=\"text-align: center;\"><strong>Fi\u00fak \/ Boys<\/strong>&nbsp;<\/p>\n<ul>\n<li><a href=\"http:\/\/www.olimpici.hu\/sites\/attachments\/eredmenyek\/20121130-gp2-szolnok\/121201_olimpiciGP2_tpF.pdf\" target=\"_blank\">T\u00f6rpici \/ Mini<\/a><\/li>\n<li><a href=\"http:\/\/www.olimpici.hu\/sites\/attachments\/eredmenyek\/20121130-gp2-szolnok\/121130_olimpiciGP2_gyF.pdf\" target=\"_blank\">Gyermek \/ Kid<\/a><\/li>\n<li><a href=\"http:\/\/www.olimpici.hu\/sites\/attachments\/eredmenyek\/20121130-gp2-szolnok\/121201_olimpiciGP2_ujF.pdf\" target=\"_blank\">\u00dajonc \/ Novices<\/a><\/li>\n<li><a href=\"http:\/\/www.olimpici.hu\/sites\/attachments\/eredmenyek\/20121130-gp2-szolnok\/121202_olimpiciGP2_serF.pdf\" target=\"_blank\">Serd\u00fcl\u0151 \/Adolescent<\/a><\/li>\n<\/ul>\n<\/td>\n<td style=\"text-align: center;\"><strong>Le\u00e1nyok \/ Girls<\/strong>&nbsp;<\/p>\n<ul>\n<li><a href=\"http:\/\/www.olimpici.hu\/sites\/attachments\/eredmenyek\/20121130-gp2-szolnok\/121201_olimpiciGP2_tpL.pdf\" target=\"_blank\">T\u00f6rpici \/ Mini<\/a><\/li>\n<li><a href=\"http:\/\/www.olimpici.hu\/sites\/attachments\/eredmenyek\/20121130-gp2-szolnok\/121130_olimpiciGP2_gyL.pdf\" target=\"_blank\">Gyermek \/ Kid<\/a><\/li>\n<li><a href=\"http:\/\/www.olimpici.hu\/sites\/attachments\/eredmenyek\/20121130-gp2-szolnok\/121201_olimpiciGP2_ujL.pdf\" target=\"_blank\">\u00dajonc \/ Novices<\/a><\/li>\n<li><a href=\"http:\/\/www.olimpici.hu\/sites\/attachments\/eredmenyek\/20121130-gp2-szolnok\/121202_olimpiciGP2_serL.pdf\" target=\"_blank\">Serd\u00fcl\u0151 \/Adolescent<\/a><\/li>\n<\/ul>\n<\/td>\n<\/tr>\n<\/tbody>\n<\/table>\n<table class=\"gp_results\" border=\"0\">\n<tbody>\n<tr>\n<th colspan=\"2\" scope=\"col\"> GP1 &#8211; F\u00fcl\u00f6p Gyula Eml\u00e9kverseny \/ GP1 &#8211; Remembrance of F\u00fcl\u00f6p Gyula<br \/>\n2012&#8217;10.12-13-14.<\/th>\n<\/tr>\n<tr>\n<td style=\"text-align: center;\"><strong>Fi\u00fak \/ Boys<\/strong>&nbsp;<\/p>\n<ul>\n<li><a href=\"http:\/\/www.olimpici.hu\/sites\/attachments\/eredmenyek\/20121012-gp1-debrecen\/121013_olimpiciGP1_tpF.pdf\" target=\"_blank\">T\u00f6rpici \/ Mini<\/a><\/li>\n<li><a href=\"http:\/\/www.olimpici.hu\/sites\/attachments\/eredmenyek\/20121012-gp1-debrecen\/121012_olimpiciGP1_gyF.pdf\" target=\"_blank\">Gyermek \/ Kid<\/a><\/li>\n<li><a href=\"http:\/\/www.olimpici.hu\/sites\/attachments\/eredmenyek\/20121012-gp1-debrecen\/121013_olimpiciGP1_ujF.pdf\" target=\"_blank\">\u00dajonc \/ Novices<\/a><\/li>\n<li><a href=\"http:\/\/www.olimpici.hu\/sites\/attachments\/eredmenyek\/20121012-gp1-debrecen\/121014_olimpiciGP1_serF.pdf\" target=\"_blank\">Serd\u00fcl\u0151 \/Adolescent<\/a><\/li>\n<\/ul>\n<\/td>\n<td style=\"text-align: center;\"><strong>Le\u00e1nyok \/ Girls<\/strong>&nbsp;<\/p>\n<ul>\n<li><a href=\"http:\/\/www.olimpici.hu\/sites\/attachments\/eredmenyek\/20121012-gp1-debrecen\/121014_olimpiciGP1_tpL.pdf\" target=\"_blank\">T\u00f6rpici \/ Mini<\/a><\/li>\n<li><a href=\"http:\/\/www.olimpici.hu\/sites\/attachments\/eredmenyek\/20121012-gp1-debrecen\/121012_olimpiciGP1_gyL.pdf\" target=\"_blank\">Gyermek \/ Kid<\/a><\/li>\n<li><a href=\"http:\/\/www.olimpici.hu\/sites\/attachments\/eredmenyek\/20121012-gp1-debrecen\/121013_olimpiciGP1_ujL.pdf\" target=\"_blank\">\u00dajonc \/ Novices<\/a><\/li>\n<li><a href=\"http:\/\/www.olimpici.hu\/sites\/attachments\/eredmenyek\/20121012-gp1-debrecen\/121014_olimpiciGP1_serL.pdf\" target=\"_blank\">Serd\u00fcl\u0151 \/Adolescent<\/a><\/li>\n<\/ul>\n<\/td>\n<\/tr>\n<\/tbody>\n<\/table>\n","protected":false},"excerpt":{"rendered":"<p>&nbsp; GP &#8211; Orsz\u00e1gos Bajnoks\u00e1g, B\u00fck 2013&#8217;06.17-22. Az OB \u00f6sszes eredm\u00e9ny\u00e9nek let\u00f6lt\u00e9se k\u00e9t klikkel, ZIP-k\u00e9nt. \ud83d\ude42 Fi\u00fak&nbsp; T\u00f6rpici(egy\u00e9ni, csapat) Gyermek(egy\u00e9ni, csapat) \u00dajonc(egy\u00e9ni, csapat) Serd\u00fcl\u0151(egy\u00e9ni, csapat) Le\u00e1nyok&nbsp; T\u00f6rpici(egy\u00e9ni, csapat) Gyermek(egy\u00e9ni, csapat) \u00dajonc(egy\u00e9ni, csapat) Serd\u00fcl\u0151(egy\u00e9ni, csapat) Inter-european Olimpici GP 01-02 June 2013&#8242; Fi\u00fak \/ Boys&nbsp; Gyermek \/ Kid \u00dajonc \/ Novices Serd\u00fcl\u0151 \/Adolescent Le\u00e1nyok \/ Girls&nbsp; Gyermek&hellip;&nbsp;<a href=\"https:\/\/www.olimpici.hu\/?page_id=888\" class=\"\" rel=\"bookmark\">Read More &raquo;<span class=\"screen-reader-text\">GP-eredm\u00e9nyek\/results 2012\/2013<\/span><\/a><\/p>\n","protected":false},"author":2,"featured_media":0,"parent":6,"menu_order":7,"comment_status":"closed","ping_status":"closed","template":"","meta":{"neve_meta_sidebar":"","neve_meta_container":"","neve_meta_enable_content_width":"","neve_meta_content_width":0,"neve_meta_title_alignment":"","neve_meta_author_avatar":"","neve_post_elements_order":"","neve_meta_disable_header":"","neve_meta_disable_footer":"","neve_meta_disable_title":"","footnotes":""},"_links":{"self":[{"href":"https:\/\/www.olimpici.hu\/index.php?rest_route=\/wp\/v2\/pages\/888"}],"collection":[{"href":"https:\/\/www.olimpici.hu\/index.php?rest_route=\/wp\/v2\/pages"}],"about":[{"href":"https:\/\/www.olimpici.hu\/index.php?rest_route=\/wp\/v2\/types\/page"}],"author":[{"embeddable":true,"href":"https:\/\/www.olimpici.hu\/index.php?rest_route=\/wp\/v2\/users\/2"}],"replies":[{"embeddable":true,"href":"https:\/\/www.olimpici.hu\/index.php?rest_route=%2Fwp%2Fv2%2Fcomments&post=888"}],"version-history":[{"count":22,"href":"https:\/\/www.olimpici.hu\/index.php?rest_route=\/wp\/v2\/pages\/888\/revisions"}],"predecessor-version":[{"id":918,"href":"https:\/\/www.olimpici.hu\/index.php?rest_route=\/wp\/v2\/pages\/888\/revisions\/918"}],"up":[{"embeddable":true,"href":"https:\/\/www.olimpici.hu\/index.php?rest_route=\/wp\/v2\/pages\/6"}],"wp:attachment":[{"href":"https:\/\/www.olimpici.hu\/index.php?rest_route=%2Fwp%2Fv2%2Fmedia&parent=888"}],"curies":[{"name":"wp","href":"https:\/\/api.w.org\/{rel}","templated":true}]}}